{"id":21811,"date":"2025-11-01T12:44:53","date_gmt":"2025-11-01T11:44:53","guid":{"rendered":"https:\/\/staviori.com.pl\/?post_type=product&#038;p=21811"},"modified":"2026-02-11T00:09:59","modified_gmt":"2026-02-10T23:09:59","slug":"srebrny-lancuszek-kostka-srebro-rodowane-925-45cm","status":"publish","type":"product","link":"https:\/\/staviori.com.pl\/de\/product\/srebrny-lancuszek-kostka-srebro-rodowane-925-45cm\/","title":{"rendered":"Srebrny \u0142a\u0144cuszek kostka srebro rodowane 925 | 45cm"},"content":{"rendered":"<p>Model: LDX0100<br \/>\nGewicht ca. 2,55g<\/p>\n<p>\u0141a\u0144cuszek 45cm.<br \/>\n0,925 rhodiniertes Silber.<\/p>\n<p>Szeroko\u015b\u0107 1 mm.<\/p>","protected":false},"excerpt":{"rendered":"<p>Delikatny \u0142a\u0144cuszek typu kostka wykonany z rodowanego srebra pr\u00f3by 0,925. Geometryczny splot o idealnie symetrycznych ogniwach tworzy subtelny po\u0142ysk i elegancki wygl\u0105d. Doskonale sprawdzi si\u0119 jako baza pod wisiorek lub noszony samodzielnie, dodaj\u0105c stylowego blasku ka\u017cdej stylizacji. Bi\u017cuteria o uniwersalnym charakterze i nowoczesnej formie.<\/p>","protected":false},"featured_media":21807,"comment_status":"closed","ping_status":"closed","template":"","meta":{"om_disable_all_campaigns":false},"product_brand":[2284,2350],"product_cat":[690,2075,1817],"product_tag":[6782,6776,6781,3918,6774,6780,6777,4119,2427,2426,3724,6778],"class_list":{"0":"post-21811","1":"product","2":"type-product","3":"status-publish","4":"has-post-thumbnail","6":"product_brand-staviori","7":"product_brand-verona","8":"product_cat-lancuszki","9":"product_cat-srebrny-lancuszek","10":"product_cat-srebro-2","11":"product_tag-box-chain","12":"product_tag-collier-en-argent","13":"product_tag-kostka","14":"product_tag-lancuszek-damski","15":"product_tag-lancuszek-srebrny","16":"product_tag-ldx0100","17":"product_tag-silberkette-925","18":"product_tag-silver-chain","19":"product_tag-srebro-925","20":"product_tag-srebro-rodowane","21":"product_tag-staviori","22":"product_tag-stribrny-retizek","23":"pa_kruszec-srebro-rodowane","24":"pa_proba-0-925","25":"pa_rozmiar-45cm","26":"pa_szerokosc-1mm","27":"pa_waga-2-55g","29":"first","30":"instock","31":"purchasable","32":"product-type-simple"},"aioseo_notices":[],"_links":{"self":[{"href":"https:\/\/staviori.com.pl\/de\/wp-json\/wp\/v2\/product\/21811","targetHints":{"allow":["GET"]}}],"collection":[{"href":"https:\/\/staviori.com.pl\/de\/wp-json\/wp\/v2\/product"}],"about":[{"href":"https:\/\/staviori.com.pl\/de\/wp-json\/wp\/v2\/types\/product"}],"replies":[{"embeddable":true,"href":"https:\/\/staviori.com.pl\/de\/wp-json\/wp\/v2\/comments?post=21811"}],"wp:featuredmedia":[{"embeddable":true,"href":"https:\/\/staviori.com.pl\/de\/wp-json\/wp\/v2\/media\/21807"}],"wp:attachment":[{"href":"https:\/\/staviori.com.pl\/de\/wp-json\/wp\/v2\/media?parent=21811"}],"wp:term":[{"taxonomy":"product_brand","embeddable":true,"href":"https:\/\/staviori.com.pl\/de\/wp-json\/wp\/v2\/product_brand?post=21811"},{"taxonomy":"product_cat","embeddable":true,"href":"https:\/\/staviori.com.pl\/de\/wp-json\/wp\/v2\/product_cat?post=21811"},{"taxonomy":"product_tag","embeddable":true,"href":"https:\/\/staviori.com.pl\/de\/wp-json\/wp\/v2\/product_tag?post=21811"}],"curies":[{"name":"wp","href":"https:\/\/api.w.org\/{rel}","templated":true}]}}