{"id":21805,"date":"2025-11-01T12:36:20","date_gmt":"2025-11-01T11:36:20","guid":{"rendered":"https:\/\/staviori.com.pl\/?post_type=product&#038;p=21805"},"modified":"2026-02-11T00:09:59","modified_gmt":"2026-02-10T23:09:59","slug":"srebrny-lancuszek-zmijka-srebro-rodowane-925-50cm","status":"publish","type":"product","link":"https:\/\/staviori.com.pl\/de\/product\/srebrny-lancuszek-zmijka-srebro-rodowane-925-50cm\/","title":{"rendered":"Rhodinierte Kette aus Sterlingsilber 925 | 50cm"},"content":{"rendered":"<p>Model: LSX6707<br \/>\nGewicht ca. 2,80g <\/p>\n<p>\u0141a\u0144cuszek<br \/>\n0,925 rhodiniertes Silber.<br \/>\n\u017bMIJKA<\/p>\n<p>Grubo\u015b\u0107 1.1 mm.<\/p>","protected":false},"excerpt":{"rendered":"<p>Elegancki srebrny \u0142a\u0144cuszek typu \u017cmijka, wykonany z rodowanego srebra pr\u00f3by 0,925. Charakteryzuje si\u0119 g\u0142adk\u0105, elastyczn\u0105 powierzchni\u0105, kt\u00f3ra pi\u0119knie przylega do sk\u00f3ry i l\u015bni subtelnym blaskiem. Idealny do noszenia samodzielnie lub z efektownym wisiorkiem. Nowoczesny, a zarazem ponadczasowy dodatek, kt\u00f3ry doda klasy ka\u017cdej stylizacji.<\/p>","protected":false},"featured_media":21793,"comment_status":"closed","ping_status":"closed","template":"","meta":{"om_disable_all_campaigns":false},"product_brand":[2284,2350],"product_cat":[690,2075,1817],"product_tag":[6776,3918,6774,6779,6777,4119,6775,2427,2426,3724,6778,2483],"class_list":{"0":"post-21805","1":"product","2":"type-product","3":"status-publish","4":"has-post-thumbnail","6":"product_brand-staviori","7":"product_brand-verona","8":"product_cat-lancuszki","9":"product_cat-srebrny-lancuszek","10":"product_cat-srebro-2","11":"product_tag-collier-en-argent","12":"product_tag-lancuszek-damski","13":"product_tag-lancuszek-srebrny","14":"product_tag-lsx6707","15":"product_tag-silberkette-925","16":"product_tag-silver-chain","17":"product_tag-snake-chain","18":"product_tag-srebro-925","19":"product_tag-srebro-rodowane","20":"product_tag-staviori","21":"product_tag-stribrny-retizek","22":"product_tag-zmijka","23":"pa_grubosc-1-1mm","24":"pa_kruszec-srebro-diamentowane","25":"pa_kruszec-srebro-rodowane","26":"pa_proba-0-925","27":"pa_rozmiar-50cm","28":"pa_waga-280g","30":"first","31":"instock","32":"purchasable","33":"product-type-simple"},"aioseo_notices":[],"_links":{"self":[{"href":"https:\/\/staviori.com.pl\/de\/wp-json\/wp\/v2\/product\/21805","targetHints":{"allow":["GET"]}}],"collection":[{"href":"https:\/\/staviori.com.pl\/de\/wp-json\/wp\/v2\/product"}],"about":[{"href":"https:\/\/staviori.com.pl\/de\/wp-json\/wp\/v2\/types\/product"}],"replies":[{"embeddable":true,"href":"https:\/\/staviori.com.pl\/de\/wp-json\/wp\/v2\/comments?post=21805"}],"wp:featuredmedia":[{"embeddable":true,"href":"https:\/\/staviori.com.pl\/de\/wp-json\/wp\/v2\/media\/21793"}],"wp:attachment":[{"href":"https:\/\/staviori.com.pl\/de\/wp-json\/wp\/v2\/media?parent=21805"}],"wp:term":[{"taxonomy":"product_brand","embeddable":true,"href":"https:\/\/staviori.com.pl\/de\/wp-json\/wp\/v2\/product_brand?post=21805"},{"taxonomy":"product_cat","embeddable":true,"href":"https:\/\/staviori.com.pl\/de\/wp-json\/wp\/v2\/product_cat?post=21805"},{"taxonomy":"product_tag","embeddable":true,"href":"https:\/\/staviori.com.pl\/de\/wp-json\/wp\/v2\/product_tag?post=21805"}],"curies":[{"name":"wp","href":"https:\/\/api.w.org\/{rel}","templated":true}]}}