{"id":21782,"date":"2025-11-01T11:51:25","date_gmt":"2025-11-01T10:51:25","guid":{"rendered":"https:\/\/staviori.com.pl\/?post_type=product&#038;p=21782"},"modified":"2026-03-18T09:58:20","modified_gmt":"2026-03-18T08:58:20","slug":"zloty-lancuszek-585-splot-typu-pancerka-curb-chain-45cm","status":"publish","type":"product","link":"https:\/\/staviori.com.pl\/de\/product\/zloty-lancuszek-585-splot-typu-pancerka-curb-chain-45cm\/","title":{"rendered":"Goldkette 585 Panzergeflecht (Panzerkette) 45cm"},"content":{"rendered":"<p>Model: LXX4235<\/p>\n<p>Waga ok. 1,10g<\/p>\n<p>\u0141a\u0144cuszek 45 cm.<br \/>\nGelbgold 0,585.<\/p>\n<p>Szeroko\u015b\u0107 1.2 mm.<\/p>","protected":false},"excerpt":{"rendered":"<p>Delikatny \u0142a\u0144cuszek z \u017c\u00f3\u0142tego z\u0142ota pr\u00f3by 0,585 o klasycznym splocie, kt\u00f3ry subtelnie podkre\u015bla szyj\u0119. Starannie wypolerowane ogniwa pi\u0119knie odbijaj\u0105 \u015bwiat\u0142o, nadaj\u0105c ca\u0142o\u015bci eleganckiego blasku. To idealna baza pod drobny wisiorek lub minimalistyczny akcent noszony solo. Bi\u017cuteria, kt\u00f3ra zachwyca prostot\u0105 i ponadczasowym urokiem.<\/p>","protected":false},"featured_media":21778,"comment_status":"closed","ping_status":"closed","template":"","meta":{"om_disable_all_campaigns":false},"product_brand":[2284,2350],"product_cat":[690,1930,2072],"product_tag":[6761,3940,6769,6759,6762,3918,6766,4784,3724,6763,2364],"class_list":{"0":"post-21782","1":"product","2":"type-product","3":"status-publish","4":"has-post-thumbnail","6":"product_brand-staviori","7":"product_brand-verona","8":"product_cat-lancuszki","9":"product_cat-zloto-2","10":"product_cat-zloty-lancuszek","11":"product_tag-collier-en-or","12":"product_tag-delikatny-lancuszek","13":"product_tag-fine-chain","14":"product_tag-gold-chain","15":"product_tag-goldkette-585","16":"product_tag-lancuszek-damski","17":"product_tag-lancuszek-klasyczny","18":"product_tag-lancuszek-zloty","19":"product_tag-staviori","20":"product_tag-zlaty-retizek","21":"product_tag-zloto-585","22":"pa_kolor-zolte","23":"pa_kruszec-zloto","24":"pa_proba-0-585","25":"pa_rozmiar-45cm","26":"pa_splot-curb-chain","27":"pa_splot-pancerka","28":"pa_szerokosc-1-2mm","29":"pa_waga-110g","31":"first","32":"instock","33":"purchasable","34":"product-type-simple"},"aioseo_notices":[],"_links":{"self":[{"href":"https:\/\/staviori.com.pl\/de\/wp-json\/wp\/v2\/product\/21782","targetHints":{"allow":["GET"]}}],"collection":[{"href":"https:\/\/staviori.com.pl\/de\/wp-json\/wp\/v2\/product"}],"about":[{"href":"https:\/\/staviori.com.pl\/de\/wp-json\/wp\/v2\/types\/product"}],"replies":[{"embeddable":true,"href":"https:\/\/staviori.com.pl\/de\/wp-json\/wp\/v2\/comments?post=21782"}],"wp:featuredmedia":[{"embeddable":true,"href":"https:\/\/staviori.com.pl\/de\/wp-json\/wp\/v2\/media\/21778"}],"wp:attachment":[{"href":"https:\/\/staviori.com.pl\/de\/wp-json\/wp\/v2\/media?parent=21782"}],"wp:term":[{"taxonomy":"product_brand","embeddable":true,"href":"https:\/\/staviori.com.pl\/de\/wp-json\/wp\/v2\/product_brand?post=21782"},{"taxonomy":"product_cat","embeddable":true,"href":"https:\/\/staviori.com.pl\/de\/wp-json\/wp\/v2\/product_cat?post=21782"},{"taxonomy":"product_tag","embeddable":true,"href":"https:\/\/staviori.com.pl\/de\/wp-json\/wp\/v2\/product_tag?post=21782"}],"curies":[{"name":"wp","href":"https:\/\/api.w.org\/{rel}","templated":true}]}}