{"id":18653,"date":"2025-06-08T12:27:16","date_gmt":"2025-06-08T10:27:16","guid":{"rendered":"https:\/\/staviori.com.pl\/?post_type=product&#038;p=18653"},"modified":"2026-03-16T07:24:36","modified_gmt":"2026-03-16T06:24:36","slug":"zloty-lancuszek-splot-gucci-50cm-16mm-333","status":"publish","type":"product","link":"https:\/\/staviori.com.pl\/de\/product\/zloty-lancuszek-splot-gucci-50cm-16mm-333\/","title":{"rendered":"Gold Kette gucci weben 50cm 1.6mm 333"},"content":{"rendered":"<p>Model: LZX3063<br \/>\nWaga ok. 2,05g<\/p>\n<p>\u0141a\u0144cuszek 50cm.<br \/>\nGelbgold 0,333.<br \/>\nSzeroko\u015b\u0107 1.6 mm.<\/p>","protected":false},"excerpt":{"rendered":"<p>Wyj\u0105tkowy \u0142a\u0144cuszek o d\u0142ugo\u015bci 50cm wykonany z \u017c\u00f3\u0142tego z\u0142ota pr\u00f3by 0,333. Splot Gucci, znany r\u00f3wnie\u017c jako splot mariner, zachwyca charakterystycznymi ogniwami inspirowanymi \u0142a\u0144cuchem marynarskim. Delikatny po\u0142ysk oraz oryginalny wz\u00f3r sprawiaj\u0105, \u017ce ten model idealnie podkre\u015bla styl i elegancj\u0119 zar\u00f3wno kobiet, jak i m\u0119\u017cczyzn. Doskona\u0142y do noszenia solo lub z ulubion\u0105 zawieszk\u0105 \u2013 ponadczasowy dodatek na ka\u017cd\u0105 okazj\u0119.<\/p>","protected":false},"featured_media":18649,"comment_status":"closed","ping_status":"closed","template":"","meta":{"om_disable_all_campaigns":false},"product_brand":[2284,2350],"product_cat":[690,1930,2072],"product_tag":[3992,3812,3990,3993,3996,3807,3989,3991,3994,3817,3995,3988,3744,3723,3750,2522],"class_list":{"0":"post-18653","1":"product","2":"type-product","3":"status-publish","4":"has-post-thumbnail","6":"product_brand-staviori","7":"product_brand-verona","8":"product_cat-lancuszki","9":"product_cat-zloto-2","10":"product_cat-zloty-lancuszek","11":"product_tag-ankier-gucci","12":"product_tag-chain","13":"product_tag-gucci","14":"product_tag-gucci-chain","15":"product_tag-gucci-vzor","16":"product_tag-lancuszek","17":"product_tag-lzx3063","18":"product_tag-mariner","19":"product_tag-mariner-chain","20":"product_tag-retizek","21":"product_tag-unisex-jewelry","22":"product_tag-xaa0151","23":"product_tag-yellow-gold","24":"product_tag-zlota-bizuteria","25":"product_tag-zlute-zlato","26":"product_tag-zolte-zloto","27":"pa_kolor-zolte","28":"pa_kruszec-zloto","29":"pa_proba-0-333","30":"pa_rozmiar-50cm","31":"pa_szerokosc-1-6mm","32":"pa_waga-205g","34":"first","35":"instock","36":"purchasable","37":"product-type-simple"},"aioseo_notices":[],"_links":{"self":[{"href":"https:\/\/staviori.com.pl\/de\/wp-json\/wp\/v2\/product\/18653","targetHints":{"allow":["GET"]}}],"collection":[{"href":"https:\/\/staviori.com.pl\/de\/wp-json\/wp\/v2\/product"}],"about":[{"href":"https:\/\/staviori.com.pl\/de\/wp-json\/wp\/v2\/types\/product"}],"replies":[{"embeddable":true,"href":"https:\/\/staviori.com.pl\/de\/wp-json\/wp\/v2\/comments?post=18653"}],"wp:featuredmedia":[{"embeddable":true,"href":"https:\/\/staviori.com.pl\/de\/wp-json\/wp\/v2\/media\/18649"}],"wp:attachment":[{"href":"https:\/\/staviori.com.pl\/de\/wp-json\/wp\/v2\/media?parent=18653"}],"wp:term":[{"taxonomy":"product_brand","embeddable":true,"href":"https:\/\/staviori.com.pl\/de\/wp-json\/wp\/v2\/product_brand?post=18653"},{"taxonomy":"product_cat","embeddable":true,"href":"https:\/\/staviori.com.pl\/de\/wp-json\/wp\/v2\/product_cat?post=18653"},{"taxonomy":"product_tag","embeddable":true,"href":"https:\/\/staviori.com.pl\/de\/wp-json\/wp\/v2\/product_tag?post=18653"}],"curies":[{"name":"wp","href":"https:\/\/api.w.org\/{rel}","templated":true}]}}