{"id":16041,"date":"2025-02-24T22:50:32","date_gmt":"2025-02-24T21:50:32","guid":{"rendered":"https:\/\/staviori.com.pl\/product\/xzd1858\/"},"modified":"2026-04-21T06:54:51","modified_gmt":"2026-04-21T04:54:51","slug":"xzd1858","status":"publish","type":"product","link":"https:\/\/staviori.com.pl\/de\/product\/xzd1858\/","title":{"rendered":"Massiver Trauring aus 0,750er Gelbgold mit Diamanten"},"content":{"rendered":"<p>Model: DDR0828D<br \/>\nWaga ok. 8,90g<\/p>\n<p>Obr\u0105czka.<br \/>\nGelbgold 0,750.<br \/>\n20 Diament\u00f3w, szlif brylantowy, o masie 0,14ct, barwa G-H, czysto\u015b\u0107 SI1.<\/p>\n<p>Szeroko\u015b\u0107 5 mm.<br \/>\nGrubo\u015b\u0107 1.5 mm.<\/p>\n<p>Das Steingewicht und der angegebene Preis beziehen sich auf die Gr\u00f6\u00dfe 13.<\/p>\n<p><strong>Kann auch in einer anderen Goldfarbe hergestellt werden.<br \/>\nProdukt nur auf Anfrage erh\u00e4ltlich, Vorlaufzeit ca. 5 Wochen.<\/strong><\/p>","protected":false},"excerpt":{"rendered":"<p>Elegancka obr\u0105czka wykonana z \u017c\u00f3\u0142tego z\u0142ota pr\u00f3by 0,750, ozdobiona dwudziestoma brylantowymi diamentami, kt\u00f3re subtelnie roz\u015bwietlaj\u0105 ca\u0142o\u015b\u0107. Szeroki profil i matowe wyko\u0144czenie nadaj\u0105 jej nowoczesnego, a zarazem klasycznego charakteru. To wyj\u0105tkowy symbol mi\u0142o\u015bci i trwa\u0142o\u015bci, kt\u00f3ry zachwyci zar\u00f3wno zwolennik\u00f3w tradycji, jak i nowoczesnego designu. Mo\u017cliwo\u015b\u0107 wykonania obr\u0105czki w innym kolorze z\u0142ota pozwala dopasowa\u0107 j\u0105 do indywidualnych upodoba\u0144. Idealny wyb\u00f3r na wyj\u0105tkow\u0105 okazj\u0119.<\/p>","protected":false},"featured_media":9078,"comment_status":"closed","ping_status":"closed","template":"","meta":{"om_disable_all_campaigns":false},"product_brand":[2284],"product_cat":[1803,2181],"product_tag":[4352,2301,4348,2296,4354,3717,3727,4353,4350,4351,4349,3806,2522],"class_list":{"0":"post-16041","1":"product","2":"type-product","3":"status-publish","4":"has-post-thumbnail","6":"product_brand-staviori","7":"product_cat-brylanty-exclusive","8":"product_cat-obraczki","9":"product_tag-bizuteria-slubna","10":"product_tag-brylanty","11":"product_tag-ddr0828d","12":"product_tag-diamenty","13":"product_tag-indywidualny-wybor","14":"product_tag-klasyka","15":"product_tag-luksus","16":"product_tag-nowoczesny-design","17":"product_tag-obraczka","18":"product_tag-slub","19":"product_tag-xzd1858","20":"product_tag-zloto","21":"product_tag-zolte-zloto","22":"pa_barwa-g-h","23":"pa_czystosc-si1","24":"pa_dostawca-draco","25":"pa_grubosc-1-5mm","26":"pa_kamien-brylanty","27":"pa_kolor-zolte","28":"pa_kruszec-zloto","29":"pa_proba-0-750","30":"pa_rozmiar-4355","31":"pa_rozmiar-2351","32":"pa_rozmiar-2352","33":"pa_rozmiar-2353","34":"pa_rozmiar-2354","35":"pa_rozmiar-2355","36":"pa_rozmiar-2356","37":"pa_rozmiar-2357","38":"pa_rozmiar-2358","39":"pa_rozmiar-2359","40":"pa_rozmiar-2360","41":"pa_rozmiar-4356","42":"pa_rozmiar-4357","43":"pa_rozmiar-4358","44":"pa_rozmiar-4359","45":"pa_szerokosc-5mm","46":"pa_waga-890g","48":"first","49":"onbackorder","50":"purchasable","51":"product-type-variable","52":"has-default-attributes"},"aioseo_notices":[],"_links":{"self":[{"href":"https:\/\/staviori.com.pl\/de\/wp-json\/wp\/v2\/product\/16041","targetHints":{"allow":["GET"]}}],"collection":[{"href":"https:\/\/staviori.com.pl\/de\/wp-json\/wp\/v2\/product"}],"about":[{"href":"https:\/\/staviori.com.pl\/de\/wp-json\/wp\/v2\/types\/product"}],"replies":[{"embeddable":true,"href":"https:\/\/staviori.com.pl\/de\/wp-json\/wp\/v2\/comments?post=16041"}],"wp:featuredmedia":[{"embeddable":true,"href":"https:\/\/staviori.com.pl\/de\/wp-json\/wp\/v2\/media\/9078"}],"wp:attachment":[{"href":"https:\/\/staviori.com.pl\/de\/wp-json\/wp\/v2\/media?parent=16041"}],"wp:term":[{"taxonomy":"product_brand","embeddable":true,"href":"https:\/\/staviori.com.pl\/de\/wp-json\/wp\/v2\/product_brand?post=16041"},{"taxonomy":"product_cat","embeddable":true,"href":"https:\/\/staviori.com.pl\/de\/wp-json\/wp\/v2\/product_cat?post=16041"},{"taxonomy":"product_tag","embeddable":true,"href":"https:\/\/staviori.com.pl\/de\/wp-json\/wp\/v2\/product_tag?post=16041"}],"curies":[{"name":"wp","href":"https:\/\/api.w.org\/{rel}","templated":true}]}}