{"id":16033,"date":"2025-02-24T22:50:29","date_gmt":"2025-02-24T21:50:29","guid":{"rendered":"https:\/\/staviori.com.pl\/product\/zlote-krzyzyki-i-medaliki-wzx6342\/"},"modified":"2026-04-02T07:20:50","modified_gmt":"2026-04-02T05:20:50","slug":"zlote-krzyzyki-i-medaliki-wzx6342","status":"publish","type":"product","link":"https:\/\/staviori.com.pl\/de\/product\/zlote-krzyzyki-i-medaliki-wzx6342\/","title":{"rendered":"Rechteckige Goldmedaille mit der Jungfrau Maria 585"},"content":{"rendered":"<p>Model: WZX6342<br \/>\nGewicht ca. 0,36g<\/p>\n<p>Medaillon.<br \/>\nGelbgold 0,585.<\/p>\n<p>D\u0142ugo\u015b\u0107 19 mm.<br \/>\nSzeroko\u015b\u0107 13 mm.<\/p>","protected":false},"excerpt":{"rendered":"<p>Delikatny medalik wykonany z \u017c\u00f3\u0142tego z\u0142ota pr\u00f3by 0,585, ozdobiony wizerunkiem Matki Boskiej. Jego klasyczna prostok\u0105tna forma i subtelny blask sprawiaj\u0105, \u017ce b\u0119dzie idealnym symbolem wiary i wyj\u0105tkowym prezentem na ka\u017cd\u0105 okazj\u0119 \u2013 zar\u00f3wno dla dziecka, jak i osoby doros\u0142ej. Doskona\u0142y na komuni\u0119, chrzest lub bierzmowanie.<\/p>","protected":false},"featured_media":11522,"comment_status":"closed","ping_status":"closed","template":"","meta":{"om_disable_all_campaigns":false},"product_brand":[2284,2350],"product_cat":[1988,2248,1930],"product_tag":[4411,4386,4385,4413,4414,4369,4370,4412,4410,3806,2522],"class_list":{"0":"post-16033","1":"product","2":"type-product","3":"status-publish","4":"has-post-thumbnail","6":"product_brand-staviori","7":"product_brand-verona","8":"product_cat-krzyzyki-i-medaliki-3","9":"product_cat-zlote-krzyzyki-i-medaliki","10":"product_cat-zloto-2","11":"product_tag-la19193","12":"product_tag-matka-boska","13":"product_tag-medalik","14":"product_tag-medalik-damski","15":"product_tag-medalik-dzieciecy","16":"product_tag-prezent-na-chrzest","17":"product_tag-prezent-na-komunie","18":"product_tag-religijny","19":"product_tag-wzx6342","20":"product_tag-zloto","21":"product_tag-zolte-zloto","22":"pa_dlugosc-19mm","23":"pa_kolor-zolte","24":"pa_kruszec-zloto","25":"pa_proba-0-585","26":"pa_szerokosc-13mm","27":"pa_waga-035g","29":"first","30":"instock","31":"purchasable","32":"product-type-simple"},"aioseo_notices":[],"_links":{"self":[{"href":"https:\/\/staviori.com.pl\/de\/wp-json\/wp\/v2\/product\/16033","targetHints":{"allow":["GET"]}}],"collection":[{"href":"https:\/\/staviori.com.pl\/de\/wp-json\/wp\/v2\/product"}],"about":[{"href":"https:\/\/staviori.com.pl\/de\/wp-json\/wp\/v2\/types\/product"}],"replies":[{"embeddable":true,"href":"https:\/\/staviori.com.pl\/de\/wp-json\/wp\/v2\/comments?post=16033"}],"wp:featuredmedia":[{"embeddable":true,"href":"https:\/\/staviori.com.pl\/de\/wp-json\/wp\/v2\/media\/11522"}],"wp:attachment":[{"href":"https:\/\/staviori.com.pl\/de\/wp-json\/wp\/v2\/media?parent=16033"}],"wp:term":[{"taxonomy":"product_brand","embeddable":true,"href":"https:\/\/staviori.com.pl\/de\/wp-json\/wp\/v2\/product_brand?post=16033"},{"taxonomy":"product_cat","embeddable":true,"href":"https:\/\/staviori.com.pl\/de\/wp-json\/wp\/v2\/product_cat?post=16033"},{"taxonomy":"product_tag","embeddable":true,"href":"https:\/\/staviori.com.pl\/de\/wp-json\/wp\/v2\/product_tag?post=16033"}],"curies":[{"name":"wp","href":"https:\/\/api.w.org\/{rel}","templated":true}]}}