{"id":16020,"date":"2025-02-24T22:50:29","date_gmt":"2025-02-24T21:50:29","guid":{"rendered":"https:\/\/staviori.com.pl\/product\/zlote-wisiorki-wzx4946\/"},"modified":"2026-04-02T07:23:30","modified_gmt":"2026-04-02T05:23:30","slug":"zlote-wisiorki-wzx4946","status":"publish","type":"product","link":"https:\/\/staviori.com.pl\/de\/product\/zlote-wisiorki-wzx4946\/","title":{"rendered":"Goldbox zum \u00d6ffnen - Anh\u00e4nger 333 Herz"},"content":{"rendered":"<p>Model: WZX4946<br \/>\nGewicht ca. 1,50g<\/p>\n<p>Anh\u00e4nger.<br \/>\nMedaillon zur Er\u00f6ffnung - Platz f\u00fcr ein Foto.<br \/>\nGelbgold 0,333.<\/p>\n<p>L\u00e4nge 20 mm.<br \/>\n14 mm breit.<br \/>\n5 mm dick.<\/p>\n<p>Abgebildet mit Kette LZX4222<\/p>\n<p>Auf Bestellung lieferbar, Vorlaufzeit ca. 1 Woche.<\/p>","protected":false},"excerpt":{"rendered":"<p>Staviori Wisiorek.  Otwierany medalion z miejscem na zdj\u0119cie. \u017b\u00f3\u0142te Z\u0142oto 0,333. D\u0142ugo\u015b\u0107 20 mm. Szeroko\u015b\u0107 14 mm. Grubo\u015b\u0107 5 mm.   Na zdj\u0119ciu z \u0142a\u0144cuszkiem LZX4222<\/p>","protected":false},"featured_media":9016,"comment_status":"closed","ping_status":"closed","template":"","meta":{"om_disable_all_campaigns":false},"product_brand":[2284,2350],"product_cat":[729,2253,1930],"product_tag":[4404,4372,4398,4400,4403,4402,4388,2332,4405,4399,4401,2522],"class_list":{"0":"post-16020","1":"product","2":"type-product","3":"status-publish","4":"has-post-thumbnail","6":"product_brand-staviori","7":"product_brand-verona","8":"product_cat-wisiorki","9":"product_cat-zlote-wisiorki","10":"product_cat-zloto-2","11":"product_tag-bizuteria-sentymentalna","12":"product_tag-klasyczny","13":"product_tag-la10095","14":"product_tag-medalion","15":"product_tag-miejsce-na-zdjecie","16":"product_tag-otwierany-wisiorek","17":"product_tag-pamiatka","18":"product_tag-prezent","19":"product_tag-romantyczny","20":"product_tag-wxx4945","21":"product_tag-zlote-serce","22":"product_tag-zolte-zloto","23":"pa_dlugosc-20mm","24":"pa_kolor-zolte","25":"pa_kruszec-zloto","26":"pa_motyw-serce","27":"pa_proba-0-333","28":"pa_szerokosc-14mm","29":"pa_waga-150g","31":"first","32":"instock","33":"purchasable","34":"product-type-simple"},"aioseo_notices":[],"_links":{"self":[{"href":"https:\/\/staviori.com.pl\/de\/wp-json\/wp\/v2\/product\/16020","targetHints":{"allow":["GET"]}}],"collection":[{"href":"https:\/\/staviori.com.pl\/de\/wp-json\/wp\/v2\/product"}],"about":[{"href":"https:\/\/staviori.com.pl\/de\/wp-json\/wp\/v2\/types\/product"}],"replies":[{"embeddable":true,"href":"https:\/\/staviori.com.pl\/de\/wp-json\/wp\/v2\/comments?post=16020"}],"wp:featuredmedia":[{"embeddable":true,"href":"https:\/\/staviori.com.pl\/de\/wp-json\/wp\/v2\/media\/9016"}],"wp:attachment":[{"href":"https:\/\/staviori.com.pl\/de\/wp-json\/wp\/v2\/media?parent=16020"}],"wp:term":[{"taxonomy":"product_brand","embeddable":true,"href":"https:\/\/staviori.com.pl\/de\/wp-json\/wp\/v2\/product_brand?post=16020"},{"taxonomy":"product_cat","embeddable":true,"href":"https:\/\/staviori.com.pl\/de\/wp-json\/wp\/v2\/product_cat?post=16020"},{"taxonomy":"product_tag","embeddable":true,"href":"https:\/\/staviori.com.pl\/de\/wp-json\/wp\/v2\/product_tag?post=16020"}],"curies":[{"name":"wp","href":"https:\/\/api.w.org\/{rel}","templated":true}]}}