{"id":16018,"date":"2025-02-24T22:50:29","date_gmt":"2025-02-24T21:50:29","guid":{"rendered":"https:\/\/staviori.com.pl\/product\/zlote-wisiorki-wzx4945\/"},"modified":"2026-04-20T08:27:09","modified_gmt":"2026-04-20T06:27:09","slug":"zlote-wisiorki-wzx4945","status":"publish","type":"product","link":"https:\/\/staviori.com.pl\/de\/product\/zlote-wisiorki-wzx4945\/","title":{"rendered":"Goldbox zum \u00d6ffnen - Anh\u00e4nger 585 Herz - Gravur"},"content":{"rendered":"<p>Modell: WZX4945<br \/>\nGewicht ca. 1,50g<\/p>\n<p>Anh\u00e4nger - Box.<br \/>\nMedaillon zur Er\u00f6ffnung - Platz f\u00fcr ein Foto.<br \/>\nGelbgold 0,585.<\/p>\n<p>L\u00e4nge 20 mm.<br \/>\n14 mm breit.<br \/>\n5 mm dick.<\/p>\n<p>Abgebildet mit Kette LZX4222<\/p>\n<p>Auf Bestellung lieferbar, Vorlaufzeit ca. 1 Woche.<br \/>\nKann mit bis zu 10 Zeichen graviert werden<\/p>","protected":false},"excerpt":{"rendered":"<p>Ein einzigartiger herzf\u00f6rmiger Anh\u00e4nger aus 0,585er Gelbgold, der gleichzeitig ein offenes Medaillon ist. In ihm kann ein Foto eines geliebten Menschen platziert werden, was ihn nicht nur zu einer eleganten Dekoration, sondern auch zu einem pers\u00f6nlichen Andenken voller Emotionen macht. Seine zarte Form und sein zeitloses Design machen es zum perfekten Geschenk f\u00fcr besondere Anl\u00e4sse - ob f\u00fcr einen geliebten Menschen, die Mutter oder eine Freundin. Der dezente Goldglanz unterstreicht seinen romantischen Charakter.<\/p>","protected":false},"featured_media":9007,"comment_status":"closed","ping_status":"closed","template":"","meta":{"om_disable_all_campaigns":false},"product_brand":[2284,2350],"product_cat":[729,2253,1930],"product_tag":[6095,3720,3754,3810,3746,6504,6494,4398,6503,6505,4400,6502,6093,1414,6496,4028,4397,3815,2364,2522],"class_list":{"0":"post-16018","1":"product","2":"type-product","3":"status-publish","4":"has-post-thumbnail","6":"product_brand-staviori","7":"product_brand-verona","8":"product_cat-wisiorki","9":"product_cat-zlote-wisiorki","10":"product_cat-zloto-2","11":"product_tag-anhanger","12":"product_tag-bizuteria","13":"product_tag-darek","14":"product_tag-gold","15":"product_tag-heart","16":"product_tag-herz","17":"product_tag-jewellery","18":"product_tag-la10095","19":"product_tag-locket","20":"product_tag-medaillon","21":"product_tag-medalion","22":"product_tag-otwierany-medalion","23":"product_tag-pendant","24":"product_tag-serce","25":"product_tag-sperk","26":"product_tag-wisiorek","27":"product_tag-wzx4945","28":"product_tag-zlato","29":"product_tag-zloto-585","30":"product_tag-zolte-zloto","31":"pa_dlugosc-20mm","32":"pa_kolor-zolte","33":"pa_kruszec-zloto","34":"pa_motyw-serce","35":"pa_proba-0-585","36":"pa_szerokosc-14mm","37":"pa_waga-150g","39":"first","40":"instock","41":"purchasable","42":"product-type-simple"},"aioseo_notices":[],"_links":{"self":[{"href":"https:\/\/staviori.com.pl\/de\/wp-json\/wp\/v2\/product\/16018","targetHints":{"allow":["GET"]}}],"collection":[{"href":"https:\/\/staviori.com.pl\/de\/wp-json\/wp\/v2\/product"}],"about":[{"href":"https:\/\/staviori.com.pl\/de\/wp-json\/wp\/v2\/types\/product"}],"replies":[{"embeddable":true,"href":"https:\/\/staviori.com.pl\/de\/wp-json\/wp\/v2\/comments?post=16018"}],"wp:featuredmedia":[{"embeddable":true,"href":"https:\/\/staviori.com.pl\/de\/wp-json\/wp\/v2\/media\/9007"}],"wp:attachment":[{"href":"https:\/\/staviori.com.pl\/de\/wp-json\/wp\/v2\/media?parent=16018"}],"wp:term":[{"taxonomy":"product_brand","embeddable":true,"href":"https:\/\/staviori.com.pl\/de\/wp-json\/wp\/v2\/product_brand?post=16018"},{"taxonomy":"product_cat","embeddable":true,"href":"https:\/\/staviori.com.pl\/de\/wp-json\/wp\/v2\/product_cat?post=16018"},{"taxonomy":"product_tag","embeddable":true,"href":"https:\/\/staviori.com.pl\/de\/wp-json\/wp\/v2\/product_tag?post=16018"}],"curies":[{"name":"wp","href":"https:\/\/api.w.org\/{rel}","templated":true}]}}