{"id":16012,"date":"2025-02-24T22:50:24","date_gmt":"2025-02-24T21:50:24","guid":{"rendered":"https:\/\/staviori.com.pl\/product\/zlote-krzyzyki-i-medaliki-wzx1507\/"},"modified":"2026-04-02T07:30:19","modified_gmt":"2026-04-02T05:30:19","slug":"zlote-krzyzyki-i-medaliki-wzx1507","status":"publish","type":"product","link":"https:\/\/staviori.com.pl\/de\/product\/zlote-krzyzyki-i-medaliki-wzx1507\/","title":{"rendered":"Goldmedaille O Maria, die ohne S\u00fcnde empfangen wurde 333"},"content":{"rendered":"<p>Model: WXX1507<br \/>\nGewicht ca. 0,75g<\/p>\n<p>Anh\u00e4nger.<br \/>\nMedaillon.<br \/>\nGelbgold 0,333.<\/p>\n<p>Wymiary 14 x 9 mm.<br \/>\nL\u00e4nge 20 mm.<\/p>","protected":false},"excerpt":{"rendered":"<p>Klasyczny medalik z \u017c\u00f3\u0142tego z\u0142ota pr\u00f3by 0,333 z wizerunkiem Matki Boskiej. Subtelny, owalny kszta\u0142t i delikatny po\u0142ysk sprawiaj\u0105, \u017ce wisiorek prezentuje si\u0119 niezwykle elegancko. To pi\u0119kny symbol wiary, idealny zar\u00f3wno na co dzie\u0144, jak i na wyj\u0105tkowe okazje, takie jak chrzest, komunia czy bierzmowanie. Doskona\u0142y pomys\u0142 na prezent, kt\u00f3ry b\u0119dzie towarzyszy\u0107 przez d\u0142ugie lata, przypominaj\u0105c o blisko\u015bci i opiece Matki Boskiej.<\/p>","protected":false},"featured_media":8982,"comment_status":"closed","ping_status":"closed","template":"","meta":{"om_disable_all_campaigns":false},"product_brand":[2284,2350],"product_cat":[1988,2248,1930],"product_tag":[4430,4385,4432,4431,4377,4433,4389,4371,4428,4429,2518,3184],"class_list":{"0":"post-16012","1":"product","2":"type-product","3":"status-publish","4":"has-post-thumbnail","6":"product_brand-staviori","7":"product_brand-verona","8":"product_cat-krzyzyki-i-medaliki-3","9":"product_cat-zlote-krzyzyki-i-medaliki","10":"product_cat-zloto-2","11":"product_tag-bizuteria-sakralna","12":"product_tag-medalik","13":"product_tag-medalik-komunijny","14":"product_tag-medalik-na-chrzest","15":"product_tag-medalik-z-matka-boska","16":"product_tag-ochrona","17":"product_tag-prezent-religijny","18":"product_tag-symbol-wiary","19":"product_tag-wxx1507","20":"product_tag-xla0741","21":"product_tag-zloto-333","22":"product_tag-zloty-wisiorek","23":"pa_dlugosc-20mm","24":"pa_kolor-zolte","25":"pa_kruszec-zloto","26":"pa_proba-0-333","27":"pa_waga-075g","28":"pa_wymiary-14-x-9mm","30":"first","31":"instock","32":"purchasable","33":"product-type-simple"},"aioseo_notices":[],"_links":{"self":[{"href":"https:\/\/staviori.com.pl\/de\/wp-json\/wp\/v2\/product\/16012","targetHints":{"allow":["GET"]}}],"collection":[{"href":"https:\/\/staviori.com.pl\/de\/wp-json\/wp\/v2\/product"}],"about":[{"href":"https:\/\/staviori.com.pl\/de\/wp-json\/wp\/v2\/types\/product"}],"replies":[{"embeddable":true,"href":"https:\/\/staviori.com.pl\/de\/wp-json\/wp\/v2\/comments?post=16012"}],"wp:featuredmedia":[{"embeddable":true,"href":"https:\/\/staviori.com.pl\/de\/wp-json\/wp\/v2\/media\/8982"}],"wp:attachment":[{"href":"https:\/\/staviori.com.pl\/de\/wp-json\/wp\/v2\/media?parent=16012"}],"wp:term":[{"taxonomy":"product_brand","embeddable":true,"href":"https:\/\/staviori.com.pl\/de\/wp-json\/wp\/v2\/product_brand?post=16012"},{"taxonomy":"product_cat","embeddable":true,"href":"https:\/\/staviori.com.pl\/de\/wp-json\/wp\/v2\/product_cat?post=16012"},{"taxonomy":"product_tag","embeddable":true,"href":"https:\/\/staviori.com.pl\/de\/wp-json\/wp\/v2\/product_tag?post=16012"}],"curies":[{"name":"wp","href":"https:\/\/api.w.org\/{rel}","templated":true}]}}