{"id":16010,"date":"2025-02-24T22:50:24","date_gmt":"2025-02-24T21:50:24","guid":{"rendered":"https:\/\/staviori.com.pl\/product\/zlote-krzyzyki-i-medaliki-wzx0375\/"},"modified":"2026-04-02T07:25:48","modified_gmt":"2026-04-02T05:25:48","slug":"zlote-krzyzyki-i-medaliki-wzx0375","status":"publish","type":"product","link":"https:\/\/staviori.com.pl\/de\/product\/zlote-krzyzyki-i-medaliki-wzx0375\/","title":{"rendered":"Goldkreuz mit Diamanten auf der Vorderseite, glatt auf der R\u00fcckseite 0,585"},"content":{"rendered":"<p>Model: WZX0375<br \/>\nWaga ok. 0,30g<\/p>\n<p>Anh\u00e4nger.<br \/>\nKreuz.<br \/>\nGelbgold 0,585.<br \/>\nWymiary 8&#215;19 mm.<\/p>","protected":false},"excerpt":{"rendered":"<p>Subtelny z\u0142oty krzy\u017cyk wykonany z \u017c\u00f3\u0142tego z\u0142ota pr\u00f3by 0,585 to ponadczasowy symbol wiary i elegancji. Delikatna forma i precyzyjne wyko\u0144czenie sprawiaj\u0105, \u017ce idealnie nadaje si\u0119 do noszenia na co dzie\u0144, jak i na wyj\u0105tkowe okazje. Ten lekki wisiorek pi\u0119knie prezentuje si\u0119 zar\u00f3wno solo, jak i w po\u0142\u0105czeniu z ulubionym \u0142a\u0144cuszkiem. Doskona\u0142y wyb\u00f3r na prezent dla bliskiej osoby.<\/p>","protected":false},"featured_media":19004,"comment_status":"closed","ping_status":"closed","template":"","meta":{"om_disable_all_campaigns":false},"product_brand":[2284,2350],"product_cat":[1988,2248,1930],"product_tag":[4416,4415,4427],"class_list":{"0":"post-16010","1":"product","2":"type-product","3":"status-publish","4":"has-post-thumbnail","6":"product_brand-staviori","7":"product_brand-verona","8":"product_cat-krzyzyki-i-medaliki-3","9":"product_cat-zlote-krzyzyki-i-medaliki","10":"product_cat-zloto-2","11":"product_tag-wzx0375","12":"product_tag-zla0174","13":"product_tag-zloty-wisiorek-krzyzyk","14":"pa_kolor-zolte","15":"pa_kruszec-zloto","16":"pa_proba-0-585","17":"pa_waga-030g","18":"pa_wymiary-8x19mm","20":"first","21":"instock","22":"purchasable","23":"product-type-simple"},"aioseo_notices":[],"_links":{"self":[{"href":"https:\/\/staviori.com.pl\/de\/wp-json\/wp\/v2\/product\/16010","targetHints":{"allow":["GET"]}}],"collection":[{"href":"https:\/\/staviori.com.pl\/de\/wp-json\/wp\/v2\/product"}],"about":[{"href":"https:\/\/staviori.com.pl\/de\/wp-json\/wp\/v2\/types\/product"}],"replies":[{"embeddable":true,"href":"https:\/\/staviori.com.pl\/de\/wp-json\/wp\/v2\/comments?post=16010"}],"wp:featuredmedia":[{"embeddable":true,"href":"https:\/\/staviori.com.pl\/de\/wp-json\/wp\/v2\/media\/19004"}],"wp:attachment":[{"href":"https:\/\/staviori.com.pl\/de\/wp-json\/wp\/v2\/media?parent=16010"}],"wp:term":[{"taxonomy":"product_brand","embeddable":true,"href":"https:\/\/staviori.com.pl\/de\/wp-json\/wp\/v2\/product_brand?post=16010"},{"taxonomy":"product_cat","embeddable":true,"href":"https:\/\/staviori.com.pl\/de\/wp-json\/wp\/v2\/product_cat?post=16010"},{"taxonomy":"product_tag","embeddable":true,"href":"https:\/\/staviori.com.pl\/de\/wp-json\/wp\/v2\/product_tag?post=16010"}],"curies":[{"name":"wp","href":"https:\/\/api.w.org\/{rel}","templated":true}]}}