{"id":16003,"date":"2025-02-24T22:50:24","date_gmt":"2025-02-24T21:50:24","guid":{"rendered":"https:\/\/staviori.com.pl\/product\/perly-ze-zlotem-wzn6622\/"},"modified":"2026-04-25T01:30:57","modified_gmt":"2026-04-24T23:30:57","slug":"perly-ze-zlotem-wzn6622","status":"publish","type":"product","link":"https:\/\/staviori.com.pl\/de\/product\/perly-ze-zlotem-wzn6622\/","title":{"rendered":"Goldanh\u00e4nger mit Naturperle"},"content":{"rendered":"<p>Model: WZN6622<br \/>\nWaga ok. 0,47g<\/p>\n<p>Anh\u00e4nger.<br \/>\nGelbgold 0,585.<br \/>\nNaturalna Per\u0142a hodowana s\u0142odkowodna.<\/p>\n<p>D\u0142ugo\u015b\u0107 11 mm.<br \/>\nDurchmesser der Perlen 5 mm.<br \/>\n6,5 mm Durchmesser.<br \/>\nGrubo\u015b\u0107 4.2 mm.<\/p>","protected":false},"excerpt":{"rendered":"<p>Subtelny wisiorek z \u017c\u00f3\u0142tego z\u0142ota pr\u00f3by 0,585, ozdobiony naturaln\u0105 per\u0142\u0105 hodowan\u0105, to propozycja dla kobiet ceni\u0105cych klasyczn\u0105 elegancj\u0119. Motyw delikatnego kwiatu z per\u0142\u0105 w centrum zachwyca prostot\u0105 i ponadczasowym wdzi\u0119kiem. Ten wyj\u0105tkowy wisiorek pi\u0119knie prezentuje si\u0119 zar\u00f3wno solo, jak i w zestawie z inn\u0105 bi\u017cuteri\u0105, stanowi\u0105c idealny wyb\u00f3r na prezent dla bliskiej osoby. Per\u0142a roz\u015bwietla dekolt, dodaj\u0105c ka\u017cdej stylizacji lekko\u015bci i szlachetno\u015bci.<\/p>","protected":false},"featured_media":16004,"comment_status":"closed","ping_status":"closed","template":"","meta":{"om_disable_all_campaigns":false},"product_brand":[2284,2350],"product_cat":[1393,1976,1930],"product_tag":[3260,3710,2603,4425,2538,1397,2580,4028,4426,4424,2364,3184],"class_list":{"0":"post-16003","1":"product","2":"type-product","3":"status-publish","4":"has-post-thumbnail","6":"product_brand-staviori","7":"product_brand-verona","8":"product_cat-perly","9":"product_cat-perly-ze-zlotem","10":"product_cat-zloto-2","11":"product_tag-bizuteria-z-perlami","12":"product_tag-elegancja","13":"product_tag-klasyczna-bizuteria","14":"product_tag-lf19510","15":"product_tag-perla-hodowana","16":"product_tag-perla-naturalna","17":"product_tag-prezent-dla-kobiety","18":"product_tag-wisiorek","19":"product_tag-wisiorek-z-perla","20":"product_tag-wzn6622","21":"product_tag-zloto-585","22":"product_tag-zloty-wisiorek","23":"pa_dlugosc-11mm","24":"pa_kamien-naturalne-perly-hodowane-slodkowodne","25":"pa_kolor-zolte","26":"pa_kruszec-zloto","27":"pa_proba-0-585","28":"pa_srednica-perel-5mm","29":"pa_waga-047g","31":"first","32":"outofstock","33":"purchasable","34":"product-type-simple"},"aioseo_notices":[],"_links":{"self":[{"href":"https:\/\/staviori.com.pl\/de\/wp-json\/wp\/v2\/product\/16003","targetHints":{"allow":["GET"]}}],"collection":[{"href":"https:\/\/staviori.com.pl\/de\/wp-json\/wp\/v2\/product"}],"about":[{"href":"https:\/\/staviori.com.pl\/de\/wp-json\/wp\/v2\/types\/product"}],"replies":[{"embeddable":true,"href":"https:\/\/staviori.com.pl\/de\/wp-json\/wp\/v2\/comments?post=16003"}],"wp:featuredmedia":[{"embeddable":true,"href":"https:\/\/staviori.com.pl\/de\/wp-json\/wp\/v2\/media\/16004"}],"wp:attachment":[{"href":"https:\/\/staviori.com.pl\/de\/wp-json\/wp\/v2\/media?parent=16003"}],"wp:term":[{"taxonomy":"product_brand","embeddable":true,"href":"https:\/\/staviori.com.pl\/de\/wp-json\/wp\/v2\/product_brand?post=16003"},{"taxonomy":"product_cat","embeddable":true,"href":"https:\/\/staviori.com.pl\/de\/wp-json\/wp\/v2\/product_cat?post=16003"},{"taxonomy":"product_tag","embeddable":true,"href":"https:\/\/staviori.com.pl\/de\/wp-json\/wp\/v2\/product_tag?post=16003"}],"curies":[{"name":"wp","href":"https:\/\/api.w.org\/{rel}","templated":true}]}}