{"id":15986,"date":"2025-02-24T22:50:24","date_gmt":"2025-02-24T21:50:24","guid":{"rendered":"https:\/\/staviori.com.pl\/product\/wisiorek-z-brylantem-wzd5000r\/"},"modified":"2026-02-11T00:09:38","modified_gmt":"2026-02-10T23:09:38","slug":"wisiorek-z-brylantem-wzd5000r","status":"publish","type":"product","link":"https:\/\/staviori.com.pl\/de\/product\/wisiorek-z-brylantem-wzd5000r\/","title":{"rendered":"Anh\u00e4nger Herz Gold Rubine Diamant"},"content":{"rendered":"<p>Model: WZD5000R<br \/>\nWaga ok. 0,90g<\/p>\n<p>Anh\u00e4nger.<br \/>\nGelbgold 0,585.<br \/>\n1 Diament, szlif achtkant, o masie 0,01ct, barwa J, czysto\u015b\u0107 I1.<br \/>\n6 Rubin\u00f3w, o masie 0,35ct.<\/p>\n<p>Wysoko\u015b\u0107 10.50 mm.<br \/>\nSzeroko\u015b\u0107 10.77 mm.<br \/>\nD\u0142ugo\u015b\u0107 16.20 mm.<\/p>","protected":false},"excerpt":{"rendered":"<p>Wyj\u0105tkowy wisiorek w kszta\u0142cie serca wykonany z \u017c\u00f3\u0142tego z\u0142ota 0,585, ozdobiony sze\u015bcioma naturalnymi rubinami i subtelnym diamentem. Po\u0142\u0105czenie intensywnej zieleni szmaragd\u00f3w i blasku z\u0142ota tworzy niezwykle kobiec\u0105 i eleganck\u0105 kompozycj\u0119. Delikatny diament dodaje ca\u0142o\u015bci wyj\u0105tkowego uroku i klasy. To doskona\u0142y wyb\u00f3r na prezent dla bliskiej osoby lub pi\u0119kne uzupe\u0142nienie codziennych stylizacji.<\/p>","protected":false},"featured_media":8932,"comment_status":"closed","ping_status":"closed","template":"","meta":{"om_disable_all_campaigns":false},"product_brand":[2284],"product_cat":[1838,2242,729],"product_tag":[2612,3722,2317,2280,2291,2732,4445,4446,3184,2522],"class_list":{"0":"post-15986","1":"product","2":"type-product","3":"status-publish","4":"has-post-thumbnail","6":"product_brand-staviori","7":"product_cat-diamenty","8":"product_cat-wisiorek-z-brylantem","9":"product_cat-wisiorki","10":"product_tag-bizuteria-z-kamieniami","11":"product_tag-diament","12":"product_tag-elegancka-bizuteria","13":"product_tag-luksusowa-bizuteria","14":"product_tag-prezent-dla-niej","15":"product_tag-rubiny","16":"product_tag-wisiorek-z-sercem","17":"product_tag-wzd5000r","18":"product_tag-zloty-wisiorek","19":"product_tag-zolte-zloto","20":"pa_barwa-j-2","21":"pa_czystosc-i1","22":"pa_dostawca-estrella","23":"pa_kamien-diament","24":"pa_kamien-rubiny","25":"pa_kolor-zolte","26":"pa_kruszec-zloto","27":"pa_motyw-serce","28":"pa_proba-0-585","29":"pa_szerokosc-10-77mm","30":"pa_waga-090g","31":"pa_wysokosc-10-50mm","33":"first","34":"outofstock","35":"purchasable","36":"product-type-simple"},"aioseo_notices":[],"_links":{"self":[{"href":"https:\/\/staviori.com.pl\/de\/wp-json\/wp\/v2\/product\/15986","targetHints":{"allow":["GET"]}}],"collection":[{"href":"https:\/\/staviori.com.pl\/de\/wp-json\/wp\/v2\/product"}],"about":[{"href":"https:\/\/staviori.com.pl\/de\/wp-json\/wp\/v2\/types\/product"}],"replies":[{"embeddable":true,"href":"https:\/\/staviori.com.pl\/de\/wp-json\/wp\/v2\/comments?post=15986"}],"wp:featuredmedia":[{"embeddable":true,"href":"https:\/\/staviori.com.pl\/de\/wp-json\/wp\/v2\/media\/8932"}],"wp:attachment":[{"href":"https:\/\/staviori.com.pl\/de\/wp-json\/wp\/v2\/media?parent=15986"}],"wp:term":[{"taxonomy":"product_brand","embeddable":true,"href":"https:\/\/staviori.com.pl\/de\/wp-json\/wp\/v2\/product_brand?post=15986"},{"taxonomy":"product_cat","embeddable":true,"href":"https:\/\/staviori.com.pl\/de\/wp-json\/wp\/v2\/product_cat?post=15986"},{"taxonomy":"product_tag","embeddable":true,"href":"https:\/\/staviori.com.pl\/de\/wp-json\/wp\/v2\/product_tag?post=15986"}],"curies":[{"name":"wp","href":"https:\/\/api.w.org\/{rel}","templated":true}]}}