{"id":15984,"date":"2025-02-24T22:50:24","date_gmt":"2025-02-24T21:50:24","guid":{"rendered":"https:\/\/staviori.com.pl\/product\/wisiorek-z-brylantem-wzd3887\/"},"modified":"2026-02-11T00:09:38","modified_gmt":"2026-02-10T23:09:38","slug":"wisiorek-z-brylantem-wzd3887","status":"publish","type":"product","link":"https:\/\/staviori.com.pl\/de\/product\/wisiorek-z-brylantem-wzd3887\/","title":{"rendered":"Gelbgold-Anh\u00e4nger mit Diamanten"},"content":{"rendered":"<p>Model: WZD3887<br \/>\nGewicht ca. 0,95g<\/p>\n<p>Anh\u00e4nger.<br \/>\nGelbgold 0,585.<br \/>\n26 Diament\u00f3w, szlif brylantowy, o masie 0,18ct, barwa H, czysto\u015b\u0107 SI2.<\/p>\n<p>\u015arednica oko\u0142o 10 mm.<\/p>\n<p><strong>Produkt dost\u0119pny wy\u0142\u0105cznie na zam\u00f3wienie, czas realizacji ok. 4 tygodnie.<\/strong><\/p>","protected":false},"excerpt":{"rendered":"<p>Ol\u015bniewaj\u0105cy wisiorek z \u017c\u00f3\u0142tego z\u0142ota pr\u00f3by 0,585, zdobiony a\u017c 26 diamentami o \u0142\u0105cznej masie 0,18 ct. Subtelne brylanty w oprawie o \u015brednicy ok. 10 mm tworz\u0105 elegancki, okr\u0105g\u0142y motyw, kt\u00f3ry przyci\u0105ga wzrok blaskiem i wyrafinowaniem. Idealny wyb\u00f3r dla kobiet ceni\u0105cych luksus i klasyczn\u0105 elegancj\u0119. Ten wisiorek b\u0119dzie znakomitym prezentem na wyj\u0105tkow\u0105 okazj\u0119, podkre\u015blaj\u0105c indywidualny styl ka\u017cdej kobiety.<\/p>","protected":false},"featured_media":19018,"comment_status":"closed","ping_status":"closed","template":"","meta":{"om_disable_all_campaigns":false},"product_brand":[2284],"product_cat":[1838,2242,729],"product_tag":[2293,2301,2296,3710,2280,2291,4028,4442,4441,2599],"class_list":{"0":"post-15984","1":"product","2":"type-product","3":"status-publish","4":"has-post-thumbnail","6":"product_brand-staviori","7":"product_cat-diamenty","8":"product_cat-wisiorek-z-brylantem","9":"product_cat-wisiorki","10":"product_tag-bizuteria-na-zamowienie","11":"product_tag-brylanty","12":"product_tag-diamenty","13":"product_tag-elegancja","14":"product_tag-luksusowa-bizuteria","15":"product_tag-prezent-dla-niej","16":"product_tag-wisiorek","17":"product_tag-wisiorek-z-diamentami","18":"product_tag-wzd3887","19":"product_tag-zolte-zloto-585","20":"pa_barwa-h-2","21":"pa_czystosc-si2","22":"pa_kamien-diament","23":"pa_kolor-zolte","24":"pa_kruszec-zloto","25":"pa_proba-0-585","26":"pa_srednica-mm","27":"pa_waga-095g","29":"first","30":"onbackorder","31":"purchasable","32":"product-type-simple"},"aioseo_notices":[],"_links":{"self":[{"href":"https:\/\/staviori.com.pl\/de\/wp-json\/wp\/v2\/product\/15984","targetHints":{"allow":["GET"]}}],"collection":[{"href":"https:\/\/staviori.com.pl\/de\/wp-json\/wp\/v2\/product"}],"about":[{"href":"https:\/\/staviori.com.pl\/de\/wp-json\/wp\/v2\/types\/product"}],"replies":[{"embeddable":true,"href":"https:\/\/staviori.com.pl\/de\/wp-json\/wp\/v2\/comments?post=15984"}],"wp:featuredmedia":[{"embeddable":true,"href":"https:\/\/staviori.com.pl\/de\/wp-json\/wp\/v2\/media\/19018"}],"wp:attachment":[{"href":"https:\/\/staviori.com.pl\/de\/wp-json\/wp\/v2\/media?parent=15984"}],"wp:term":[{"taxonomy":"product_brand","embeddable":true,"href":"https:\/\/staviori.com.pl\/de\/wp-json\/wp\/v2\/product_brand?post=15984"},{"taxonomy":"product_cat","embeddable":true,"href":"https:\/\/staviori.com.pl\/de\/wp-json\/wp\/v2\/product_cat?post=15984"},{"taxonomy":"product_tag","embeddable":true,"href":"https:\/\/staviori.com.pl\/de\/wp-json\/wp\/v2\/product_tag?post=15984"}],"curies":[{"name":"wp","href":"https:\/\/api.w.org\/{rel}","templated":true}]}}