{"id":15980,"date":"2025-02-24T22:50:19","date_gmt":"2025-02-24T21:50:19","guid":{"rendered":"https:\/\/staviori.com.pl\/product\/bizuteria-inwestycyjna-wisiorek-wzd1846\/"},"modified":"2026-02-11T00:09:37","modified_gmt":"2026-02-10T23:09:37","slug":"bizuteria-inwestycyjna-wisiorek-wzd1846","status":"publish","type":"product","link":"https:\/\/staviori.com.pl\/de\/product\/bizuteria-inwestycyjna-wisiorek-wzd1846\/","title":{"rendered":"Exklusiv | Herz aus gl\u00fccklichen Diamanten mit Diamanten rundherum"},"content":{"rendered":"<p>Model: WZD1846<br \/>\nWaga ok. 3,60g<\/p>\n<p>Anh\u00e4nger.<br \/>\nGelbgold 0,750.<br \/>\n37 Diament\u00f3w, szlif brylantowy, o masie 0,24ct, barwa G-H, czysto\u015b\u0107 SI1.<\/p>\n<p>Wymiary 12.5&#215;19 mm.<br \/>\nGrubo\u015b\u0107 3.5 mm.<\/p>\n<p><strong>Produkt nur auf Anfrage erh\u00e4ltlich, Vorlaufzeit ca. 5 Wochen.<\/strong><\/p>","protected":false},"excerpt":{"rendered":"<p>Ol\u015bniewaj\u0105cy wisiorek w kszta\u0142cie otwartego serca, wykonany z \u017c\u00f3\u0142tego z\u0142ota pr\u00f3by 0,750. Jego eleganck\u0105 ram\u0119 zdobi 37 brylantowych diament\u00f3w o \u0142\u0105cznej masie 0,24 ct, kt\u00f3re zachwycaj\u0105 blaskiem przy ka\u017cdym ruchu. Trzy swobodnie osadzone diamenty wewn\u0105trz serca nadaj\u0105 bi\u017cuterii wyj\u0105tkowy charakter i subteln\u0105 lekko\u015b\u0107. To doskona\u0142y wyb\u00f3r na prezent dla ukochanej osoby, symbolizuj\u0105cy mi\u0142o\u015b\u0107, blisko\u015b\u0107 i niezapomniane chwile. Produkt dost\u0119pny wy\u0142\u0105cznie na zam\u00f3wienie \u2013 bi\u017cuteria, kt\u00f3ra podkre\u015bli wyj\u0105tkowo\u015b\u0107 ka\u017cdej kobiety.<\/p>","protected":false},"featured_media":8900,"comment_status":"closed","ping_status":"closed","template":"","meta":{"om_disable_all_campaigns":false},"product_brand":[2284],"product_cat":[1803,729,6719],"product_tag":[2293,2301,2296,2555,2291,1414,4025,4028,4494,2522],"class_list":{"0":"post-15980","1":"product","2":"type-product","3":"status-publish","4":"has-post-thumbnail","6":"product_brand-staviori","7":"product_cat-brylanty-exclusive","8":"product_cat-wisiorki","9":"product_cat-wisiorki-brylanty-exclusive","10":"product_tag-bizuteria-na-zamowienie","11":"product_tag-brylanty","12":"product_tag-diamenty","13":"product_tag-ekskluzywna-bizuteria","14":"product_tag-prezent-dla-niej","15":"product_tag-serce","16":"product_tag-symbol-milosci","17":"product_tag-wisiorek","18":"product_tag-wzd1846","19":"product_tag-zolte-zloto","20":"pa_barwa-g-h","21":"pa_czystosc-si1","22":"pa_dostawca-draco","23":"pa_grubosc-3-5mm","24":"pa_kamien-brylanty","25":"pa_kolor-zolte","26":"pa_kruszec-zloto","27":"pa_proba-0-750","28":"pa_waga-360g","29":"pa_wymiary-12-5x19mm","31":"first","32":"onbackorder","33":"purchasable","34":"product-type-simple"},"aioseo_notices":[],"_links":{"self":[{"href":"https:\/\/staviori.com.pl\/de\/wp-json\/wp\/v2\/product\/15980","targetHints":{"allow":["GET"]}}],"collection":[{"href":"https:\/\/staviori.com.pl\/de\/wp-json\/wp\/v2\/product"}],"about":[{"href":"https:\/\/staviori.com.pl\/de\/wp-json\/wp\/v2\/types\/product"}],"replies":[{"embeddable":true,"href":"https:\/\/staviori.com.pl\/de\/wp-json\/wp\/v2\/comments?post=15980"}],"wp:featuredmedia":[{"embeddable":true,"href":"https:\/\/staviori.com.pl\/de\/wp-json\/wp\/v2\/media\/8900"}],"wp:attachment":[{"href":"https:\/\/staviori.com.pl\/de\/wp-json\/wp\/v2\/media?parent=15980"}],"wp:term":[{"taxonomy":"product_brand","embeddable":true,"href":"https:\/\/staviori.com.pl\/de\/wp-json\/wp\/v2\/product_brand?post=15980"},{"taxonomy":"product_cat","embeddable":true,"href":"https:\/\/staviori.com.pl\/de\/wp-json\/wp\/v2\/product_cat?post=15980"},{"taxonomy":"product_tag","embeddable":true,"href":"https:\/\/staviori.com.pl\/de\/wp-json\/wp\/v2\/product_tag?post=15980"}],"curies":[{"name":"wp","href":"https:\/\/api.w.org\/{rel}","templated":true}]}}