{"id":15973,"date":"2025-02-24T22:50:19","date_gmt":"2025-02-24T21:50:19","guid":{"rendered":"https:\/\/staviori.com.pl\/product\/bizuteria-inwestycyjna-wisiorek-wzd1823\/"},"modified":"2026-02-11T00:09:37","modified_gmt":"2026-02-10T23:09:37","slug":"bizuteria-inwestycyjna-wisiorek-wzd1823","status":"publish","type":"product","link":"https:\/\/staviori.com.pl\/de\/product\/bizuteria-inwestycyjna-wisiorek-wzd1823\/","title":{"rendered":"Exklusiver Schlangenanh\u00e4nger mit Diamanten aus 18 Karat Gold"},"content":{"rendered":"<p>Model: WZD1823<br \/>\nWaga ok. 6,50g<\/p>\n<p>Anh\u00e4nger.<br \/>\nGelbgold 0,750.<br \/>\n207 Diament\u00f3w, szlif brylantowy, o masie 1,01ct, barwa G-H, czysto\u015b\u0107 SI1.<br \/>\n2 Diamenty, kolor czarny, szlif brylantowy, o masie 0,02ct.<\/p>\n<p>D\u0142ugo\u015b\u0107 53 mm.<br \/>\nSzeroko\u015b\u0107 20 mm.<br \/>\nDicke 2,5 mm.<\/p>\n<p><strong>Produkt nur auf Anfrage erh\u00e4ltlich, Vorlaufzeit ca. 5 Wochen.<\/strong><br \/>\nMo\u017cliwe wykonanie w \u017c\u00f3\u0142tym, bia\u0142ym lub r\u00f3\u017cowym z\u0142ocie.<\/p>","protected":false},"excerpt":{"rendered":"<p>Zjawiskowy wisiorek w kszta\u0142cie w\u0119\u017ca, wykonany z \u017c\u00f3\u0142tego z\u0142ota pr\u00f3by 0,750, to wyraz luksusu i niepowtarzalnego stylu. Jego eleganckie, faluj\u0105ce linie zosta\u0142y misternie ozdobione a\u017c 207 diamentami o \u0142\u0105cznej masie 1,01 ct, kt\u00f3re przepi\u0119knie odbijaj\u0105 \u015bwiat\u0142o, nadaj\u0105c ca\u0142o\u015bci ol\u015bniewaj\u0105cy blask. Dwa czarne diamenty subtelnie podkre\u015blaj\u0105 oczy w\u0119\u017ca, dodaj\u0105c bi\u017cuterii tajemniczo\u015bci i charakteru. Ten wyj\u0105tkowy projekt przyci\u0105ga uwag\u0119 i jest idealnym wyborem dla kobiet, kt\u00f3re ceni\u0105 sobie odwa\u017cne, designerskie dodatki. Produkt dost\u0119pny wy\u0142\u0105cznie na zam\u00f3wienie \u2013 idealny na wyj\u0105tkowy prezent.<\/p>","protected":false},"featured_media":8890,"comment_status":"closed","ping_status":"closed","template":"","meta":{"om_disable_all_campaigns":false},"product_brand":[2284],"product_cat":[1803,729,6719],"product_tag":[4482,2798,2319,4480,2296,3727,2332,2283,4028,4481,2341,2522],"class_list":{"0":"post-15973","1":"product","2":"type-product","3":"status-publish","4":"has-post-thumbnail","6":"product_brand-staviori","7":"product_cat-brylanty-exclusive","8":"product_cat-wisiorki","9":"product_cat-wisiorki-brylanty-exclusive","10":"product_tag-18-karatowe-zloto","11":"product_tag-bizuteria-staviori","12":"product_tag-czarne-diamenty","13":"product_tag-designerska-bizuteria","14":"product_tag-diamenty","15":"product_tag-luksus","16":"product_tag-prezent","17":"product_tag-waz","18":"product_tag-wisiorek","19":"product_tag-wyjatkowy-styl","20":"product_tag-zloto-750","21":"product_tag-zolte-zloto","22":"pa_barwa-g-h","23":"pa_czystosc-si1","24":"pa_dlugosc-53mm","25":"pa_dostawca-draco","26":"pa_kamien-brylanty","27":"pa_kolor-zolte","28":"pa_kruszec-zloto","29":"pa_motyw-waz","30":"pa_proba-0-750","31":"pa_szerokosc-20mm","32":"pa_waga-650g","34":"first","35":"onbackorder","36":"purchasable","37":"product-type-simple"},"aioseo_notices":[],"_links":{"self":[{"href":"https:\/\/staviori.com.pl\/de\/wp-json\/wp\/v2\/product\/15973","targetHints":{"allow":["GET"]}}],"collection":[{"href":"https:\/\/staviori.com.pl\/de\/wp-json\/wp\/v2\/product"}],"about":[{"href":"https:\/\/staviori.com.pl\/de\/wp-json\/wp\/v2\/types\/product"}],"replies":[{"embeddable":true,"href":"https:\/\/staviori.com.pl\/de\/wp-json\/wp\/v2\/comments?post=15973"}],"wp:featuredmedia":[{"embeddable":true,"href":"https:\/\/staviori.com.pl\/de\/wp-json\/wp\/v2\/media\/8890"}],"wp:attachment":[{"href":"https:\/\/staviori.com.pl\/de\/wp-json\/wp\/v2\/media?parent=15973"}],"wp:term":[{"taxonomy":"product_brand","embeddable":true,"href":"https:\/\/staviori.com.pl\/de\/wp-json\/wp\/v2\/product_brand?post=15973"},{"taxonomy":"product_cat","embeddable":true,"href":"https:\/\/staviori.com.pl\/de\/wp-json\/wp\/v2\/product_cat?post=15973"},{"taxonomy":"product_tag","embeddable":true,"href":"https:\/\/staviori.com.pl\/de\/wp-json\/wp\/v2\/product_tag?post=15973"}],"curies":[{"name":"wp","href":"https:\/\/api.w.org\/{rel}","templated":true}]}}