{"id":15971,"date":"2025-02-24T22:50:19","date_gmt":"2025-02-24T21:50:19","guid":{"rendered":"https:\/\/staviori.com.pl\/product\/wisiorek-z-brylantem-wzd1668\/"},"modified":"2026-02-11T00:09:37","modified_gmt":"2026-02-10T23:09:37","slug":"wisiorek-z-brylantem-wzd1668","status":"publish","type":"product","link":"https:\/\/staviori.com.pl\/de\/product\/wisiorek-z-brylantem-wzd1668\/","title":{"rendered":"Exklusiv | Kreuz mit Diamanten aus 750er Gold"},"content":{"rendered":"<p>Model: WZD1668<br \/>\nWaga ok. 1,10g<\/p>\n<p>Kreuz.<br \/>\nGelbgold 0,750.<br \/>\n6 Diament\u00f3w, szlif brylantowy, o masie 0,18 ct., barwa G, czysto\u015b\u0107 SI1-SI2.<\/p>\n<p>Wymiary 15&#215;10 mm.<br \/>\nD\u0142ugo\u015b\u0107 22 mm.<\/p>\n<p>Dost\u0119pny r\u00f3wnie\u017c w bia\u0142ym z\u0142ocie a tak\u017ce z czarnymi diamentami.<\/p>\n<p><strong>Je\u015bli brak na stanie &#8211; produkt dost\u0119pny na zam\u00f3wienie w terminie oko\u0142o 5 tygodni. <\/strong><\/p>","protected":false},"excerpt":{"rendered":"<p>Wyj\u0105tkowy krzy\u017cyk wykonany z najwy\u017cszej jako\u015bci \u017c\u00f3\u0142tego z\u0142ota pr\u00f3by 0,750 to elegancka bi\u017cuteria o symbolicznym znaczeniu. Sze\u015b\u0107 l\u015bni\u0105cych diament\u00f3w o \u0142\u0105cznej masie 0,18 ct subtelnie podkre\u015bla blask ca\u0142o\u015bci, tworz\u0105c efektown\u0105 kompozycj\u0119. Klasyczna forma krzy\u017cyka zachwyca precyzj\u0105 wykonania i ponadczasow\u0105 estetyk\u0105. To doskona\u0142y wyb\u00f3r zar\u00f3wno na prezent, jak i jako wyraz w\u0142asnej wiary i stylu. Krzy\u017cyk mo\u017cna zam\u00f3wi\u0107 tak\u017ce w bia\u0142ym z\u0142ocie.<\/p>","protected":false},"featured_media":19044,"comment_status":"closed","ping_status":"closed","template":"","meta":{"om_disable_all_campaigns":false},"product_brand":[2284],"product_cat":[1803,1838,2242,729],"product_tag":[3075,4090,3754,3751,2296,3745,3755,3710,3748,4469,4187,2486,4473,4474,4467,2332,4470,3724,4471,4468,3744,4472,4381,3750,2522],"class_list":{"0":"post-15971","1":"product","2":"type-product","3":"status-publish","4":"has-post-thumbnail","6":"product_brand-staviori","7":"product_cat-brylanty-exclusive","8":"product_cat-diamenty","9":"product_cat-wisiorek-z-brylantem","10":"product_cat-wisiorki","11":"product_tag-bizuteria-religijna","12":"product_tag-cross-pendant","13":"product_tag-darek","14":"product_tag-diamanty","15":"product_tag-diamenty","16":"product_tag-diamonds","17":"product_tag-elegance","18":"product_tag-elegancja","19":"product_tag-gift","20":"product_tag-gold-cross","21":"product_tag-krizek","22":"product_tag-krzyzyk","23":"product_tag-nabozenske-sperky","24":"product_tag-nadcasovy-styl","25":"product_tag-ponadczasowy-styl","26":"product_tag-prezent","27":"product_tag-religious-jewelry","28":"product_tag-staviori","29":"product_tag-timeless-style","30":"product_tag-wzd1668","31":"product_tag-yellow-gold","32":"product_tag-zlaty-krizek","33":"product_tag-zloty-krzyzyk","34":"product_tag-zlute-zlato","35":"product_tag-zolte-zloto","36":"pa_barwa-g-2","37":"pa_czystosc-si1","38":"pa_dlugosc-22mm","39":"pa_dostawca-draco","40":"pa_kamien-brylanty","41":"pa_kolor-zolte","42":"pa_kruszec-zloto","43":"pa_motyw-krzyzyk","44":"pa_proba-0-750","45":"pa_waga-110g","46":"pa_wymiary-15x10mm","48":"first","49":"instock","50":"purchasable","51":"product-type-simple"},"aioseo_notices":[],"_links":{"self":[{"href":"https:\/\/staviori.com.pl\/de\/wp-json\/wp\/v2\/product\/15971","targetHints":{"allow":["GET"]}}],"collection":[{"href":"https:\/\/staviori.com.pl\/de\/wp-json\/wp\/v2\/product"}],"about":[{"href":"https:\/\/staviori.com.pl\/de\/wp-json\/wp\/v2\/types\/product"}],"replies":[{"embeddable":true,"href":"https:\/\/staviori.com.pl\/de\/wp-json\/wp\/v2\/comments?post=15971"}],"wp:featuredmedia":[{"embeddable":true,"href":"https:\/\/staviori.com.pl\/de\/wp-json\/wp\/v2\/media\/19044"}],"wp:attachment":[{"href":"https:\/\/staviori.com.pl\/de\/wp-json\/wp\/v2\/media?parent=15971"}],"wp:term":[{"taxonomy":"product_brand","embeddable":true,"href":"https:\/\/staviori.com.pl\/de\/wp-json\/wp\/v2\/product_brand?post=15971"},{"taxonomy":"product_cat","embeddable":true,"href":"https:\/\/staviori.com.pl\/de\/wp-json\/wp\/v2\/product_cat?post=15971"},{"taxonomy":"product_tag","embeddable":true,"href":"https:\/\/staviori.com.pl\/de\/wp-json\/wp\/v2\/product_tag?post=15971"}],"curies":[{"name":"wp","href":"https:\/\/api.w.org\/{rel}","templated":true}]}}