{"id":15963,"date":"2025-02-24T22:50:19","date_gmt":"2025-02-24T21:50:19","guid":{"rendered":"https:\/\/staviori.com.pl\/product\/zlote-wisiorki-wzc6250\/"},"modified":"2026-02-11T00:09:37","modified_gmt":"2026-02-10T23:09:37","slug":"zlote-wisiorki-wzc6250","status":"publish","type":"product","link":"https:\/\/staviori.com.pl\/de\/product\/zlote-wisiorki-wzc6250\/","title":{"rendered":"Gold durchbrochener runder Anh\u00e4nger 585"},"content":{"rendered":"<p>Model: WZC6250<br \/>\nGewicht ca. 1,50g<\/p>\n<p>Anh\u00e4nger.<br \/>\nGelbgold 0,585.<br \/>\n\u015arednica 22 mm.<br \/>\nD\u0142ugo\u015b\u0107 29 mm.<\/p>\n<p><strong>Ostania sztuka!<\/strong><\/p>","protected":false},"excerpt":{"rendered":"<p>Model: WZC6250 Waga ok. 1,50g Wisiorek. \u017b\u00f3\u0142te Z\u0142oto 0,585. \u015arednica 22 mm. D\u0142ugo\u015b\u0107 29 mm. Ostania sztuka!<\/p>","protected":false},"featured_media":8830,"comment_status":"closed","ping_status":"closed","template":"","meta":{"om_disable_all_campaigns":false},"product_brand":[2284],"product_cat":[729,2253,1930],"product_tag":[4461],"class_list":{"0":"post-15963","1":"product","2":"type-product","3":"status-publish","4":"has-post-thumbnail","6":"product_brand-staviori","7":"product_cat-wisiorki","8":"product_cat-zlote-wisiorki","9":"product_cat-zloto-2","10":"product_tag-wzc6250","11":"pa_dlugosc-29mm","12":"pa_kolor-zolte","13":"pa_kruszec-zloto","14":"pa_proba-0-585","15":"pa_srednica-22mm","16":"pa_waga-150g","18":"first","19":"instock","20":"purchasable","21":"product-type-simple"},"aioseo_notices":[],"_links":{"self":[{"href":"https:\/\/staviori.com.pl\/de\/wp-json\/wp\/v2\/product\/15963","targetHints":{"allow":["GET"]}}],"collection":[{"href":"https:\/\/staviori.com.pl\/de\/wp-json\/wp\/v2\/product"}],"about":[{"href":"https:\/\/staviori.com.pl\/de\/wp-json\/wp\/v2\/types\/product"}],"replies":[{"embeddable":true,"href":"https:\/\/staviori.com.pl\/de\/wp-json\/wp\/v2\/comments?post=15963"}],"wp:featuredmedia":[{"embeddable":true,"href":"https:\/\/staviori.com.pl\/de\/wp-json\/wp\/v2\/media\/8830"}],"wp:attachment":[{"href":"https:\/\/staviori.com.pl\/de\/wp-json\/wp\/v2\/media?parent=15963"}],"wp:term":[{"taxonomy":"product_brand","embeddable":true,"href":"https:\/\/staviori.com.pl\/de\/wp-json\/wp\/v2\/product_brand?post=15963"},{"taxonomy":"product_cat","embeddable":true,"href":"https:\/\/staviori.com.pl\/de\/wp-json\/wp\/v2\/product_cat?post=15963"},{"taxonomy":"product_tag","embeddable":true,"href":"https:\/\/staviori.com.pl\/de\/wp-json\/wp\/v2\/product_tag?post=15963"}],"curies":[{"name":"wp","href":"https:\/\/api.w.org\/{rel}","templated":true}]}}