{"id":15957,"date":"2025-02-24T22:50:19","date_gmt":"2025-02-24T21:50:19","guid":{"rendered":"https:\/\/staviori.com.pl\/product\/wisiorek-z-brylantem-wzc5244\/"},"modified":"2026-02-11T00:09:37","modified_gmt":"2026-02-10T23:09:37","slug":"wisiorek-z-brylantem-wzc5244","status":"publish","type":"product","link":"https:\/\/staviori.com.pl\/de\/product\/wisiorek-z-brylantem-wzc5244\/","title":{"rendered":"Goldanh\u00e4nger mit Diamanten, Topas und Saphiren"},"content":{"rendered":"<p>Model: WZC5244<br \/>\nGewicht ca. 1,15g<\/p>\n<p>Anh\u00e4nger.<br \/>\nGelbgold 0,585.<br \/>\n5 Diament\u00f3w, szlif achtkant, o masie 0,013ct, barwa I, czysto\u015b\u0107 I2.<br \/>\n1 Topaz London Blue, o masie 0,90ct.<br \/>\n6 Szafir\u00f3w, o masie 0,20ct.<\/p>\n<p>L\u00e4nge 14 mm.<\/p>\n<p>Dost\u0119pny na zam\u00f3wienie w terminie oko\u0142o 1 tygodnia.<\/p>","protected":false},"excerpt":{"rendered":"<p>Zachwycaj\u0105cy wisiorek z \u017c\u00f3\u0142tego z\u0142ota 14K, kt\u00f3ry urzeka g\u0142\u0119bi\u0105 barw i elegancj\u0105 detali. W centrum kompozycji znajduje si\u0119 imponuj\u0105cy topaz London Blue o intensywnie niebieskiej barwie, podkre\u015blony l\u015bnieniem szafir\u00f3w oraz delikatnych diament\u00f3w. Ca\u0142o\u015b\u0107 tworzy niezwykle szlachetn\u0105 i harmonijn\u0105 kompozycj\u0119, idealn\u0105 dla kobiet ceni\u0105cych luksusow\u0105 bi\u017cuteri\u0119 z nut\u0105 klasyki. Perfekcyjny wyb\u00f3r na prezent lub wyj\u0105tkow\u0105 okazj\u0119.<\/p>","protected":false},"featured_media":8806,"comment_status":"closed","ping_status":"closed","template":"","meta":{"om_disable_all_campaigns":false},"product_brand":[2284,2350],"product_cat":[1838,2242,729],"product_tag":[2296,2317,4500,2291,2297,2617,4499,4498,2522],"class_list":{"0":"post-15957","1":"product","2":"type-product","3":"status-publish","4":"has-post-thumbnail","6":"product_brand-staviori","7":"product_brand-verona","8":"product_cat-diamenty","9":"product_cat-wisiorek-z-brylantem","10":"product_cat-wisiorki","11":"product_tag-diamenty","12":"product_tag-elegancka-bizuteria","13":"product_tag-luksusowy-wisiorek","14":"product_tag-prezent-dla-niej","15":"product_tag-szafiry","16":"product_tag-topaz-london-blue","17":"product_tag-wisiorek-zloty","18":"product_tag-wzc5244","19":"product_tag-zolte-zloto","20":"pa_barwa-i-2","21":"pa_czystosc-i2","22":"pa_dlugosc-14mm","23":"pa_kamien-diamenty","24":"pa_kamien-szafiry","25":"pa_kamien-topaz-blekitny","26":"pa_kolor-zolte","27":"pa_kruszec-zloto","28":"pa_proba-0-585","29":"pa_szlif-achtkant","30":"pa_waga-115g","32":"first","33":"instock","34":"purchasable","35":"product-type-simple"},"aioseo_notices":[],"_links":{"self":[{"href":"https:\/\/staviori.com.pl\/de\/wp-json\/wp\/v2\/product\/15957","targetHints":{"allow":["GET"]}}],"collection":[{"href":"https:\/\/staviori.com.pl\/de\/wp-json\/wp\/v2\/product"}],"about":[{"href":"https:\/\/staviori.com.pl\/de\/wp-json\/wp\/v2\/types\/product"}],"replies":[{"embeddable":true,"href":"https:\/\/staviori.com.pl\/de\/wp-json\/wp\/v2\/comments?post=15957"}],"wp:featuredmedia":[{"embeddable":true,"href":"https:\/\/staviori.com.pl\/de\/wp-json\/wp\/v2\/media\/8806"}],"wp:attachment":[{"href":"https:\/\/staviori.com.pl\/de\/wp-json\/wp\/v2\/media?parent=15957"}],"wp:term":[{"taxonomy":"product_brand","embeddable":true,"href":"https:\/\/staviori.com.pl\/de\/wp-json\/wp\/v2\/product_brand?post=15957"},{"taxonomy":"product_cat","embeddable":true,"href":"https:\/\/staviori.com.pl\/de\/wp-json\/wp\/v2\/product_cat?post=15957"},{"taxonomy":"product_tag","embeddable":true,"href":"https:\/\/staviori.com.pl\/de\/wp-json\/wp\/v2\/product_tag?post=15957"}],"curies":[{"name":"wp","href":"https:\/\/api.w.org\/{rel}","templated":true}]}}