{"id":15921,"date":"2025-02-24T22:50:15","date_gmt":"2025-02-24T21:50:15","guid":{"rendered":"https:\/\/staviori.com.pl\/product\/zlote-krzyzyki-i-medaliki-wxx6345\/"},"modified":"2026-04-02T08:28:13","modified_gmt":"2026-04-02T06:28:13","slug":"zlote-krzyzyki-i-medaliki-wxx6345","status":"publish","type":"product","link":"https:\/\/staviori.com.pl\/de\/product\/zlote-krzyzyki-i-medaliki-wxx6345\/","title":{"rendered":"Goldmedaille mit der Jungfrau Maria - Muster 333"},"content":{"rendered":"<p>Model: WXX6345<br \/>\nWaga ok. 0,72g<\/p>\n<p>Medaillon.<br \/>\nGelbgold 0,333.<br \/>\nL\u00e4nge 25 mm.<\/p>","protected":false},"excerpt":{"rendered":"<p>Elegancki medalik z wizerunkiem Matki Boskiej z Dzieci\u0105tkiem, wykonany z \u017c\u00f3\u0142tego z\u0142ota pr\u00f3by 0,333. Klasyczna forma prostok\u0105ta z ozdobnymi detalami po bokach podkre\u015bla jego sakralny i ponadczasowy charakter. To wyj\u0105tkowy symbol wiary i opieki, idealny jako pami\u0105tka Chrztu, Komunii lub bierzmowania.<\/p>","protected":false},"featured_media":11435,"comment_status":"closed","ping_status":"closed","template":"","meta":{"om_disable_all_campaigns":false},"product_brand":[2284,2350],"product_cat":[1988,2248,1930],"product_tag":[4525,4527,4529,4528,4503,4530,4369,4526,2544],"class_list":{"0":"post-15921","1":"product","2":"type-product","3":"status-publish","4":"has-post-thumbnail","6":"product_brand-staviori","7":"product_brand-verona","8":"product_cat-krzyzyki-i-medaliki-3","9":"product_cat-zlote-krzyzyki-i-medaliki","10":"product_cat-zloto-2","11":"product_tag-la15546","12":"product_tag-matka-boska-z-dzieciatkiem","13":"product_tag-medalik-prostokatny","14":"product_tag-medalik-religijny","15":"product_tag-medalik-zloty","16":"product_tag-pamiatka-komunijna","17":"product_tag-prezent-na-chrzest","18":"product_tag-wxx6345","19":"product_tag-zolte-zloto-333","20":"pa_dlugosc-25mm","21":"pa_kolor-zolte","22":"pa_kruszec-zloto","23":"pa_proba-0-333","24":"pa_waga-072g","26":"first","27":"instock","28":"purchasable","29":"product-type-simple"},"aioseo_notices":[],"_links":{"self":[{"href":"https:\/\/staviori.com.pl\/de\/wp-json\/wp\/v2\/product\/15921","targetHints":{"allow":["GET"]}}],"collection":[{"href":"https:\/\/staviori.com.pl\/de\/wp-json\/wp\/v2\/product"}],"about":[{"href":"https:\/\/staviori.com.pl\/de\/wp-json\/wp\/v2\/types\/product"}],"replies":[{"embeddable":true,"href":"https:\/\/staviori.com.pl\/de\/wp-json\/wp\/v2\/comments?post=15921"}],"wp:featuredmedia":[{"embeddable":true,"href":"https:\/\/staviori.com.pl\/de\/wp-json\/wp\/v2\/media\/11435"}],"wp:attachment":[{"href":"https:\/\/staviori.com.pl\/de\/wp-json\/wp\/v2\/media?parent=15921"}],"wp:term":[{"taxonomy":"product_brand","embeddable":true,"href":"https:\/\/staviori.com.pl\/de\/wp-json\/wp\/v2\/product_brand?post=15921"},{"taxonomy":"product_cat","embeddable":true,"href":"https:\/\/staviori.com.pl\/de\/wp-json\/wp\/v2\/product_cat?post=15921"},{"taxonomy":"product_tag","embeddable":true,"href":"https:\/\/staviori.com.pl\/de\/wp-json\/wp\/v2\/product_tag?post=15921"}],"curies":[{"name":"wp","href":"https:\/\/api.w.org\/{rel}","templated":true}]}}