{"id":15916,"date":"2025-02-24T22:50:15","date_gmt":"2025-02-24T21:50:15","guid":{"rendered":"https:\/\/staviori.com.pl\/product\/zlote-wisiorki-wxx6213\/"},"modified":"2026-04-02T08:26:07","modified_gmt":"2026-04-02T06:26:07","slug":"zlote-wisiorki-wxx6213","status":"publish","type":"product","link":"https:\/\/staviori.com.pl\/de\/product\/zlote-wisiorki-wxx6213\/","title":{"rendered":"Gold-Anh\u00e4nger Katze Muster 333"},"content":{"rendered":"<p>Model: WXX6213<br \/>\nWaga ok. 0,46g<\/p>\n<p>Anh\u00e4nger.<br \/>\nGelbgold 0,333.<br \/>\nWymiary 13&#215;10 mm.<br \/>\nL\u00e4nge 15 mm.<\/p>\n<p>Z\u0142ota zawieszka &#8211; KOT &#8211; dla ka\u017cdego mi\u0142o\u015bnika tych zwierz\u0105t.<\/p>","protected":false},"excerpt":{"rendered":"<p>Uroczy wisiorek w kszta\u0142cie kota, wykonany z \u017c\u00f3\u0142tego z\u0142ota pr\u00f3by 0,333. Delikatna sylwetka z wyci\u0119tym serduszkiem to idealny wyb\u00f3r dla mi\u0142o\u015bnik\u00f3w tych niezale\u017cnych i pe\u0142nych wdzi\u0119ku zwierz\u0105t. Subtelna forma i po\u0142yskuj\u0105ce wyko\u0144czenie sprawiaj\u0105, \u017ce to wyj\u0105tkowa bi\u017cuteria z charakterem i przes\u0142aniem.<\/p>","protected":false},"featured_media":8796,"comment_status":"closed","ping_status":"closed","template":"","meta":{"om_disable_all_campaigns":false},"product_brand":[2284,2350],"product_cat":[729,2253,1930],"product_tag":[4553,4554,4550,4555,1414,4552,4551,2563,2544],"class_list":{"0":"post-15916","1":"product","2":"type-product","3":"status-publish","4":"has-post-thumbnail","6":"product_brand-staviori","7":"product_brand-verona","8":"product_cat-wisiorki","9":"product_cat-zlote-wisiorki","10":"product_cat-zloto-2","11":"product_tag-bizuteria-dla-milosnika-kotow","12":"product_tag-kotek-zloty","13":"product_tag-la17938","14":"product_tag-prezent-dla-kociary","15":"product_tag-serce","16":"product_tag-wisiorek-kot","17":"product_tag-wxx6213","18":"product_tag-zawieszka-zlota","19":"product_tag-zolte-zloto-333","20":"pa_dlugosc-15mm","21":"pa_kolor-zolte","22":"pa_kruszec-zloto","23":"pa_motyw-kot","24":"pa_proba-0-333","25":"pa_waga-046g","26":"pa_wymiary-13x10mm","28":"first","29":"outofstock","30":"purchasable","31":"product-type-simple"},"aioseo_notices":[],"_links":{"self":[{"href":"https:\/\/staviori.com.pl\/de\/wp-json\/wp\/v2\/product\/15916","targetHints":{"allow":["GET"]}}],"collection":[{"href":"https:\/\/staviori.com.pl\/de\/wp-json\/wp\/v2\/product"}],"about":[{"href":"https:\/\/staviori.com.pl\/de\/wp-json\/wp\/v2\/types\/product"}],"replies":[{"embeddable":true,"href":"https:\/\/staviori.com.pl\/de\/wp-json\/wp\/v2\/comments?post=15916"}],"wp:featuredmedia":[{"embeddable":true,"href":"https:\/\/staviori.com.pl\/de\/wp-json\/wp\/v2\/media\/8796"}],"wp:attachment":[{"href":"https:\/\/staviori.com.pl\/de\/wp-json\/wp\/v2\/media?parent=15916"}],"wp:term":[{"taxonomy":"product_brand","embeddable":true,"href":"https:\/\/staviori.com.pl\/de\/wp-json\/wp\/v2\/product_brand?post=15916"},{"taxonomy":"product_cat","embeddable":true,"href":"https:\/\/staviori.com.pl\/de\/wp-json\/wp\/v2\/product_cat?post=15916"},{"taxonomy":"product_tag","embeddable":true,"href":"https:\/\/staviori.com.pl\/de\/wp-json\/wp\/v2\/product_tag?post=15916"}],"curies":[{"name":"wp","href":"https:\/\/api.w.org\/{rel}","templated":true}]}}