{"id":15910,"date":"2025-02-24T22:50:11","date_gmt":"2025-02-24T21:50:11","guid":{"rendered":"https:\/\/staviori.com.pl\/product\/zlote-krzyzyki-i-medaliki-wxx4731\/"},"modified":"2026-04-02T08:28:48","modified_gmt":"2026-04-02T06:28:48","slug":"zlote-krzyzyki-i-medaliki-wxx4731","status":"publish","type":"product","link":"https:\/\/staviori.com.pl\/de\/product\/zlote-krzyzyki-i-medaliki-wxx4731\/","title":{"rendered":"Unverziertes Kreuz f\u00fcr Damen oder Herren 333 Gold"},"content":{"rendered":"<p>Modell: WXX4731<br \/>\nGewicht ca. 0,59g<\/p>\n<p>Kreuz.<br \/>\nGelbgold 0,333.<br \/>\nL\u00e4nge 24 mm.<br \/>\nAbmessungen 20\u00d712 mm.<br \/>\nDicke 0,7 mm.<\/p>\n<p>Die auf den Bildern gezeigte Kette ist das Modell LZX2111 oder<br \/>\nDie auf den Fotos gezeigte Kette ist das Modell LZX1494<\/p>","protected":false},"excerpt":{"rendered":"<p>Das minimalistische Kreuz aus 0,333er Gelbgold ist ein elegantes Symbol des Glaubens und der spirituellen Kraft. Seine schlichte Form und die glatte, gl\u00e4nzende Oberfl\u00e4che machen es zu einem zeitlosen Accessoire, das sich perfekt in das allt\u00e4gliche Styling einf\u00fcgt. Ein vielseitiges Design, das sowohl f\u00fcr M\u00e4nner als auch f\u00fcr Frauen geeignet ist.<\/p>","protected":false},"featured_media":8772,"comment_status":"closed","ping_status":"closed","template":"","meta":{"om_disable_all_campaigns":false},"product_brand":[2284,2350],"product_cat":[1988,2248,1930],"product_tag":[3075,4587,4588,4534,4380,2384,4585,4586,4589,2544],"class_list":{"0":"post-15910","1":"product","2":"type-product","3":"status-publish","4":"has-post-thumbnail","6":"product_brand-staviori","7":"product_brand-verona","8":"product_cat-krzyzyki-i-medaliki-3","9":"product_cat-zlote-krzyzyki-i-medaliki","10":"product_cat-zloto-2","11":"product_tag-bizuteria-religijna","12":"product_tag-krzyzyk-dla-kobiety","13":"product_tag-krzyzyk-dla-mezczyzny","14":"product_tag-krzyzyk-zloty","15":"product_tag-la10146","16":"product_tag-minimalistyczna-bizuteria","17":"product_tag-prosty-krzyzyk","18":"product_tag-uniwersalny-wisiorek","19":"product_tag-wxx4731","20":"product_tag-zolte-zloto-333","21":"pa_dlugosc-24mm","22":"pa_kolor-zolte","23":"pa_kruszec-zloto","24":"pa_proba-0-333","25":"pa_waga-059g","26":"pa_wymiary-20x12mm","28":"first","29":"instock","30":"purchasable","31":"product-type-simple"},"aioseo_notices":[],"_links":{"self":[{"href":"https:\/\/staviori.com.pl\/de\/wp-json\/wp\/v2\/product\/15910","targetHints":{"allow":["GET"]}}],"collection":[{"href":"https:\/\/staviori.com.pl\/de\/wp-json\/wp\/v2\/product"}],"about":[{"href":"https:\/\/staviori.com.pl\/de\/wp-json\/wp\/v2\/types\/product"}],"replies":[{"embeddable":true,"href":"https:\/\/staviori.com.pl\/de\/wp-json\/wp\/v2\/comments?post=15910"}],"wp:featuredmedia":[{"embeddable":true,"href":"https:\/\/staviori.com.pl\/de\/wp-json\/wp\/v2\/media\/8772"}],"wp:attachment":[{"href":"https:\/\/staviori.com.pl\/de\/wp-json\/wp\/v2\/media?parent=15910"}],"wp:term":[{"taxonomy":"product_brand","embeddable":true,"href":"https:\/\/staviori.com.pl\/de\/wp-json\/wp\/v2\/product_brand?post=15910"},{"taxonomy":"product_cat","embeddable":true,"href":"https:\/\/staviori.com.pl\/de\/wp-json\/wp\/v2\/product_cat?post=15910"},{"taxonomy":"product_tag","embeddable":true,"href":"https:\/\/staviori.com.pl\/de\/wp-json\/wp\/v2\/product_tag?post=15910"}],"curies":[{"name":"wp","href":"https:\/\/api.w.org\/{rel}","templated":true}]}}