{"id":15903,"date":"2025-02-24T22:50:11","date_gmt":"2025-02-24T21:50:11","guid":{"rendered":"https:\/\/staviori.com.pl\/product\/wisiorek-z-brylantem-wxd3891\/"},"modified":"2026-02-11T00:09:35","modified_gmt":"2026-02-10T23:09:35","slug":"wisiorek-z-brylantem-wxd3891","status":"publish","type":"product","link":"https:\/\/staviori.com.pl\/de\/product\/wisiorek-z-brylantem-wxd3891\/","title":{"rendered":"Unendlichkeitsanh\u00e4nger Ros\u00e9gold mit Diamanten"},"content":{"rendered":"<p>Modell: WRD3891<br \/>\nGewicht ca. 1,50g<\/p>\n<p>Anh\u00e4nger.<br \/>\nWei\u00df, Rose Gold 0,585.<br \/>\n21 Diamanten, Brillantschliff, Gewicht 0,17ct, Farbe H, Reinheit SI2.<\/p>\n<p>Abmessungen 5\u00d715 mm.<br \/>\nProdukt nur auf Anfrage erh\u00e4ltlich, Vorlaufzeit ca. 5 Wochen.<\/p>","protected":false},"excerpt":{"rendered":"<p>Ph\u00e4nomenaler Anh\u00e4nger in Form eines Unendlichkeitssymbols aus einer Kombination von Wei\u00df- und Ros\u00e9gold 0,585. Zart verziert mit 21 Brillanten mit einem Gesamtgewicht von 0,17 ct, begeistert er mit subtilem Glanz und romantischem Charakter. Das Unendlichkeitssymbol dr\u00fcckt die Best\u00e4ndigkeit der Gef\u00fchle, die Treue und die ewige Liebe aus. Dieser einzigartige Anh\u00e4nger ist die perfekte Wahl f\u00fcr alle, die die Eleganz und die Bedeutung von Schmuck zu sch\u00e4tzen wissen.<\/p>","protected":false},"featured_media":8737,"comment_status":"closed","ping_status":"closed","template":"","meta":{"om_disable_all_campaigns":false},"product_brand":[2284],"product_cat":[1838,2242,729],"product_tag":[6095,2308,3720,3754,5077,2296,4126,3810,6497,6494,3042,6093,2336,6496,4879,6498,4028,3815,2364],"class_list":{"0":"post-15903","1":"product","2":"type-product","3":"status-publish","4":"has-post-thumbnail","6":"product_brand-staviori","7":"product_cat-diamenty","8":"product_cat-wisiorek-z-brylantem","9":"product_cat-wisiorki","10":"product_tag-anhanger","11":"product_tag-biale-zloto","12":"product_tag-bizuteria","13":"product_tag-darek","14":"product_tag-diamant","15":"product_tag-diamenty","16":"product_tag-diamond","17":"product_tag-gold","18":"product_tag-infinity","19":"product_tag-jewellery","20":"product_tag-nieskonczonosc","21":"product_tag-pendant","22":"product_tag-rozowe-zloto","23":"product_tag-sperk","24":"product_tag-symbol-nieskonczonosci","25":"product_tag-unendlichkeit","26":"product_tag-wisiorek","27":"product_tag-zlato","28":"product_tag-zloto-585","29":"pa_barwa-h-2","30":"pa_czystosc-si2","31":"pa_dostawca-estrella","32":"pa_kamien-diament","33":"pa_kolor-biale","34":"pa_kolor-rozowe","35":"pa_kruszec-zloto","36":"pa_proba-0-585","37":"pa_waga-150g","38":"pa_wymiary-5x15mm","40":"first","41":"onbackorder","42":"purchasable","43":"product-type-simple"},"aioseo_notices":[],"_links":{"self":[{"href":"https:\/\/staviori.com.pl\/de\/wp-json\/wp\/v2\/product\/15903","targetHints":{"allow":["GET"]}}],"collection":[{"href":"https:\/\/staviori.com.pl\/de\/wp-json\/wp\/v2\/product"}],"about":[{"href":"https:\/\/staviori.com.pl\/de\/wp-json\/wp\/v2\/types\/product"}],"replies":[{"embeddable":true,"href":"https:\/\/staviori.com.pl\/de\/wp-json\/wp\/v2\/comments?post=15903"}],"wp:featuredmedia":[{"embeddable":true,"href":"https:\/\/staviori.com.pl\/de\/wp-json\/wp\/v2\/media\/8737"}],"wp:attachment":[{"href":"https:\/\/staviori.com.pl\/de\/wp-json\/wp\/v2\/media?parent=15903"}],"wp:term":[{"taxonomy":"product_brand","embeddable":true,"href":"https:\/\/staviori.com.pl\/de\/wp-json\/wp\/v2\/product_brand?post=15903"},{"taxonomy":"product_cat","embeddable":true,"href":"https:\/\/staviori.com.pl\/de\/wp-json\/wp\/v2\/product_cat?post=15903"},{"taxonomy":"product_tag","embeddable":true,"href":"https:\/\/staviori.com.pl\/de\/wp-json\/wp\/v2\/product_tag?post=15903"}],"curies":[{"name":"wp","href":"https:\/\/api.w.org\/{rel}","templated":true}]}}