{"id":15890,"date":"2025-02-24T22:50:07","date_gmt":"2025-02-24T21:50:07","guid":{"rendered":"https:\/\/staviori.com.pl\/product\/wisiorek-z-brylantem-wxd1895r\/"},"modified":"2026-02-11T00:09:35","modified_gmt":"2026-02-10T23:09:35","slug":"wisiorek-z-brylantem-wxd1895r","status":"publish","type":"product","link":"https:\/\/staviori.com.pl\/de\/product\/wisiorek-z-brylantem-wxd1895r\/","title":{"rendered":"Sch\u00f6ner Schmetterlingsanh\u00e4nger aus Ros\u00e9gold mit Diamant"},"content":{"rendered":"<p>Model: WRD1895<br \/>\nWaga ok. 0,47g<\/p>\n<p>Anh\u00e4nger.<br \/>\nWei\u00df, Rose Gold 0,585.<br \/>\n1 Diament, szlif achtkant, o masie 0,005ct, barwa H, czysto\u015b\u0107 I1.<\/p>\n<p>Wymiary 8&#215;14 mm.<\/p>","protected":false},"excerpt":{"rendered":"<p>Uroczy wisiorek w kszta\u0142cie motyla wykonany z po\u0142\u0105czenia r\u00f3\u017cowego i bia\u0142ego z\u0142ota pr\u00f3by 0,585. Skrzyde\u0142ka zdobione delikatnym diamentem w szlifie achtkant pi\u0119knie odbijaj\u0105 \u015bwiat\u0142o, tworz\u0105c efekt subtelnego blasku. Symbol przemiany, lekko\u015bci i pi\u0119kna \u2014 idealny dla kobiety, kt\u00f3ra ceni elegancj\u0119 i wyj\u0105tkowe detale.<\/p>","protected":false},"featured_media":21534,"comment_status":"closed","ping_status":"closed","template":"","meta":{"om_disable_all_campaigns":false},"product_brand":[2284],"product_cat":[1838,2242,729],"product_tag":[4396,2308,2543,6547,6129,3722,5655,6535,2493,6546,6556,2336,6545,4440,6533,4387],"class_list":{"0":"post-15890","1":"product","2":"type-product","3":"status-publish","4":"has-post-thumbnail","6":"product_brand-staviori","7":"product_cat-diamenty","8":"product_cat-wisiorek-z-brylantem","9":"product_cat-wisiorki","10":"product_tag-4396","11":"product_tag-biale-zloto","12":"product_tag-bizuteria-zlota","13":"product_tag-butterfly-pendant","14":"product_tag-diamantschmuck","15":"product_tag-diament","16":"product_tag-diamond-pendant","17":"product_tag-goldanhanger","18":"product_tag-motyl","19":"product_tag-motyl-zloty","20":"product_tag-rose-gold-jewelry","21":"product_tag-rozowe-zloto","22":"product_tag-wisiorek-motyl","23":"product_tag-wisiorek-z-diamentem","24":"product_tag-zlaty-privesek","25":"product_tag-zloto-0","26":"pa_barwa-h-2","27":"pa_czystosc-i1","28":"pa_dostawca-estrella","29":"pa_kamien-diament","30":"pa_kolor-rozowe","31":"pa_kruszec-zloto","32":"pa_motyw-motylek","33":"pa_proba-0-585","34":"pa_waga-047g","35":"pa_wymiary-8x14mm","37":"first","38":"instock","39":"purchasable","40":"product-type-simple"},"aioseo_notices":[],"_links":{"self":[{"href":"https:\/\/staviori.com.pl\/de\/wp-json\/wp\/v2\/product\/15890","targetHints":{"allow":["GET"]}}],"collection":[{"href":"https:\/\/staviori.com.pl\/de\/wp-json\/wp\/v2\/product"}],"about":[{"href":"https:\/\/staviori.com.pl\/de\/wp-json\/wp\/v2\/types\/product"}],"replies":[{"embeddable":true,"href":"https:\/\/staviori.com.pl\/de\/wp-json\/wp\/v2\/comments?post=15890"}],"wp:featuredmedia":[{"embeddable":true,"href":"https:\/\/staviori.com.pl\/de\/wp-json\/wp\/v2\/media\/21534"}],"wp:attachment":[{"href":"https:\/\/staviori.com.pl\/de\/wp-json\/wp\/v2\/media?parent=15890"}],"wp:term":[{"taxonomy":"product_brand","embeddable":true,"href":"https:\/\/staviori.com.pl\/de\/wp-json\/wp\/v2\/product_brand?post=15890"},{"taxonomy":"product_cat","embeddable":true,"href":"https:\/\/staviori.com.pl\/de\/wp-json\/wp\/v2\/product_cat?post=15890"},{"taxonomy":"product_tag","embeddable":true,"href":"https:\/\/staviori.com.pl\/de\/wp-json\/wp\/v2\/product_tag?post=15890"}],"curies":[{"name":"wp","href":"https:\/\/api.w.org\/{rel}","templated":true}]}}