{"id":15886,"date":"2025-02-24T22:50:07","date_gmt":"2025-02-24T21:50:07","guid":{"rendered":"https:\/\/staviori.com.pl\/product\/bizuteria-inwestycyjna-wisiorek-wxd1809\/"},"modified":"2026-02-11T00:09:35","modified_gmt":"2026-02-10T23:09:35","slug":"bizuteria-inwestycyjna-wisiorek-wxd1809","status":"publish","type":"product","link":"https:\/\/staviori.com.pl\/de\/product\/bizuteria-inwestycyjna-wisiorek-wxd1809\/","title":{"rendered":"Exklusive Anh\u00e4nger aus Schwarz- und Gelbgold mit Diamanten"},"content":{"rendered":"<p>Model: DDN0290<br \/>\nWaga ok. 10,50g<\/p>\n<p>Anh\u00e4nger.<br \/>\n\u017b\u00f3\u0142te, Czarne* Z\u0142oto 0,750.<br \/>\n144 Diamenty, szlif brylantowy, o masie 0,98ct, barwa G-H, czysto\u015b\u0107 SI1.<br \/>\n216 Diament\u00f3w, kolor czarny, szlif brylantowy, o masie 1,66ct.<\/p>\n<p>\u015arednica 33 mm.<\/p>\n<p>Produkt nur auf Anfrage erh\u00e4ltlich, Vorlaufzeit ca. 5 Wochen.<\/p>\n<p>*Czarne z\u0142oto to bia\u0142e z\u0142oto pr\u00f3by 0,750 pokryte czarnym rodem.<\/p>","protected":false},"excerpt":{"rendered":"<p>Wyj\u0105tkowy wisiorek z \u017c\u00f3\u0142tego i czarnego z\u0142ota pr\u00f3by 0,750, zachwycaj\u0105cy swoim kontrastowym i luksusowym designem. Dwa splecione kr\u0119gi ozdobiono a\u017c 360 diamentami o \u0142\u0105cznej masie 2,64 ct \u2013 bia\u0142ymi i czarnymi, kt\u00f3re tworz\u0105 efekt spektakularnego blasku i g\u0142\u0119bi. To bi\u017cuteria o niezwyk\u0142ej elegancji, idealna dla kobiet ceni\u0105cych niepowtarzalny styl i perfekcyjne wykonanie.<\/p>","protected":false},"featured_media":8608,"comment_status":"closed","ping_status":"closed","template":"","meta":{"om_disable_all_campaigns":false},"product_brand":[2284],"product_cat":[1803,729,6719],"product_tag":[2337,2311,6560,6562,2319,2405,6557,6129,6120,6535,6561,6559,4442,6558,6533,4387,2381,2522],"class_list":{"0":"post-15886","1":"product","2":"type-product","3":"status-publish","4":"has-post-thumbnail","6":"product_brand-staviori","7":"product_cat-brylanty-exclusive","8":"product_cat-wisiorki","9":"product_cat-wisiorki-brylanty-exclusive","10":"product_tag-2337","11":"product_tag-bizuteria-luksusowa","12":"product_tag-black-and-yellow-gold-pendant","13":"product_tag-cerne-zlato","14":"product_tag-czarne-diamenty","15":"product_tag-czarne-zloto","16":"product_tag-ddn0290","17":"product_tag-diamantschmuck","18":"product_tag-diamond-jewelry","19":"product_tag-goldanhanger","20":"product_tag-luxurious-pendant","21":"product_tag-wisiorek-kolo","22":"product_tag-wisiorek-z-diamentami","23":"product_tag-wxd1809","24":"product_tag-zlaty-privesek","25":"product_tag-zloto-0","26":"product_tag-zloty-naszyjnik","27":"product_tag-zolte-zloto","28":"pa_barwa-g-h","29":"pa_czystosc-si1","30":"pa_kamien-biale-diamenty","31":"pa_kamien-czarne-diamenty","32":"pa_kolor-czarne","33":"pa_kolor-zolte","34":"pa_kruszec-zloto","35":"pa_proba-0-750","36":"pa_srednica-33mm","37":"pa_waga-1050g","39":"first","40":"onbackorder","41":"purchasable","42":"product-type-simple"},"aioseo_notices":[],"_links":{"self":[{"href":"https:\/\/staviori.com.pl\/de\/wp-json\/wp\/v2\/product\/15886","targetHints":{"allow":["GET"]}}],"collection":[{"href":"https:\/\/staviori.com.pl\/de\/wp-json\/wp\/v2\/product"}],"about":[{"href":"https:\/\/staviori.com.pl\/de\/wp-json\/wp\/v2\/types\/product"}],"replies":[{"embeddable":true,"href":"https:\/\/staviori.com.pl\/de\/wp-json\/wp\/v2\/comments?post=15886"}],"wp:featuredmedia":[{"embeddable":true,"href":"https:\/\/staviori.com.pl\/de\/wp-json\/wp\/v2\/media\/8608"}],"wp:attachment":[{"href":"https:\/\/staviori.com.pl\/de\/wp-json\/wp\/v2\/media?parent=15886"}],"wp:term":[{"taxonomy":"product_brand","embeddable":true,"href":"https:\/\/staviori.com.pl\/de\/wp-json\/wp\/v2\/product_brand?post=15886"},{"taxonomy":"product_cat","embeddable":true,"href":"https:\/\/staviori.com.pl\/de\/wp-json\/wp\/v2\/product_cat?post=15886"},{"taxonomy":"product_tag","embeddable":true,"href":"https:\/\/staviori.com.pl\/de\/wp-json\/wp\/v2\/product_tag?post=15886"}],"curies":[{"name":"wp","href":"https:\/\/api.w.org\/{rel}","templated":true}]}}