{"id":15862,"date":"2025-02-24T22:50:04","date_gmt":"2025-02-24T21:50:04","guid":{"rendered":"https:\/\/staviori.com.pl\/product\/perly-ze-srebrem-wsn4307\/"},"modified":"2026-04-14T09:19:18","modified_gmt":"2026-04-14T07:19:18","slug":"perly-ze-srebrem-wsn4307","status":"publish","type":"product","link":"https:\/\/staviori.com.pl\/de\/product\/perly-ze-srebrem-wsn4307\/","title":{"rendered":"Perle mit Silber - Anh\u00e4nger Muster 925"},"content":{"rendered":"<p>Model: WSN4307<br \/>\nWaga ok. 1,60g<\/p>\n<p>Anh\u00e4nger.<br \/>\n0,925 Silber.<br \/>\nNat\u00fcrliche S\u00fc\u00dfwasser-Zuchtperlen.<br \/>\nJako\u015b\u0107 B &#8211; bia\u0142e<\/p>\n<p>\u015arednica 9 mm.<br \/>\nD\u0142ugo\u015b\u0107 21 mm.<\/p>\n<p>Bitte beachten Sie, dass nat\u00fcrliche Perlen und als ein Werk der Natur nicht identisch oder perfekt sind, und jedes Perlenprodukt kann leicht variieren.<\/p>","protected":false},"excerpt":{"rendered":"<p>Subtelny wisiorek Staviori z naturaln\u0105 per\u0142\u0105 hodowan\u0105 to klasyka, kt\u00f3ra nigdy nie wychodzi z mody. Delikatna biel per\u0142y pi\u0119knie wsp\u00f3\u0142gra z ch\u0142odnym blaskiem srebra pr\u00f3by 0,925, tworz\u0105c niezwykle elegancki i kobiecy akcent. Idealny zar\u00f3wno do codziennych stylizacji, jak i na wyj\u0105tkowe okazje \u2013 doda szyku ka\u017cdej kreacji.<\/p>","protected":false},"featured_media":8546,"comment_status":"closed","ping_status":"closed","template":"","meta":{"om_disable_all_campaigns":false},"product_brand":[2284,2350],"product_cat":[1393,1919,1817],"product_tag":[3932,2798,4790,4198,6628,6630,4197,6633,6632,6631,3029,6570,6629,6588,3967,6581,5295,5744,4426],"class_list":{"0":"post-15862","1":"product","2":"type-product","3":"status-publish","4":"has-post-thumbnail","6":"product_brand-staviori","7":"product_brand-verona","8":"product_cat-perly","9":"product_cat-perly-ze-srebrem","10":"product_cat-srebro-2","11":"product_tag-3932","12":"product_tag-bizuteria-staviori","13":"product_tag-naszyjnik-z-perla","14":"product_tag-naturalna-perla","15":"product_tag-pearl-pendant","16":"product_tag-pendant-with-pearl","17":"product_tag-perla","18":"product_tag-perlenanhanger","19":"product_tag-perlenschmuck","20":"product_tag-perlovy-privesek","21":"product_tag-perly-hodowane","22":"product_tag-silber-anhanger","23":"product_tag-silver-jewellery","24":"product_tag-silver-pendant","25":"product_tag-srebro-0","26":"product_tag-stribrny-privesek","27":"product_tag-stribro-925","28":"product_tag-wisiorek-srebrny","29":"product_tag-wisiorek-z-perla","30":"pa_dlugosc-21mm","31":"pa_kamien-naturalne-perly-hodowane-slodkowodne","32":"pa_kruszec-srebro","33":"pa_proba-0-925","34":"pa_srednica-9mm","35":"pa_waga-160g","37":"first","38":"instock","39":"purchasable","40":"product-type-simple"},"aioseo_notices":[],"_links":{"self":[{"href":"https:\/\/staviori.com.pl\/de\/wp-json\/wp\/v2\/product\/15862","targetHints":{"allow":["GET"]}}],"collection":[{"href":"https:\/\/staviori.com.pl\/de\/wp-json\/wp\/v2\/product"}],"about":[{"href":"https:\/\/staviori.com.pl\/de\/wp-json\/wp\/v2\/types\/product"}],"replies":[{"embeddable":true,"href":"https:\/\/staviori.com.pl\/de\/wp-json\/wp\/v2\/comments?post=15862"}],"wp:featuredmedia":[{"embeddable":true,"href":"https:\/\/staviori.com.pl\/de\/wp-json\/wp\/v2\/media\/8546"}],"wp:attachment":[{"href":"https:\/\/staviori.com.pl\/de\/wp-json\/wp\/v2\/media?parent=15862"}],"wp:term":[{"taxonomy":"product_brand","embeddable":true,"href":"https:\/\/staviori.com.pl\/de\/wp-json\/wp\/v2\/product_brand?post=15862"},{"taxonomy":"product_cat","embeddable":true,"href":"https:\/\/staviori.com.pl\/de\/wp-json\/wp\/v2\/product_cat?post=15862"},{"taxonomy":"product_tag","embeddable":true,"href":"https:\/\/staviori.com.pl\/de\/wp-json\/wp\/v2\/product_tag?post=15862"}],"curies":[{"name":"wp","href":"https:\/\/api.w.org\/{rel}","templated":true}]}}