{"id":15861,"date":"2025-02-24T22:50:04","date_gmt":"2025-02-24T21:50:04","guid":{"rendered":"https:\/\/staviori.com.pl\/product\/srebrny-wisiorek-wsm5119\/"},"modified":"2026-02-27T19:19:57","modified_gmt":"2026-02-27T18:19:57","slug":"srebrny-wisiorek-wsm5119","status":"publish","type":"product","link":"https:\/\/staviori.com.pl\/de\/product\/srebrny-wisiorek-wsm5119\/","title":{"rendered":"Silberanh\u00e4nger\/\u00d6ffnungsbox - Herz - mit Onyx und Markasiten"},"content":{"rendered":"<p>Model: WSM5119<br \/>\nWaga ok. 8.90g<\/p>\n<p>Wisiorek \/ puzderko<br \/>\notwierane z miejscem na sekret <\/p>\n<p>0,925 Silber.<br \/>\nOnyx.<br \/>\nMarkasiten.<\/p>\n<p>D\u0142ugo\u015b\u0107 22 mm.<br \/>\nSzeroko\u015b\u0107 22 mm.<br \/>\nGrubo\u015b\u0107 9 mm.<br \/>\nWysoko\u015b\u0107 32 mm.<\/p>","protected":false},"excerpt":{"rendered":"<p>Romantyczny wisiorek Staviori w kszta\u0142cie serca, wykonany ze srebra pr\u00f3by 0,925, ozdobiony eleganckim onyksem i po\u0142yskuj\u0105cymi markazytami. Delikatna, a zarazem wyrazista forma \u0142\u0105czy w sobie klasyczn\u0105 elegancj\u0119 z nut\u0105 tajemniczo\u015bci. Wisiorek jest otwierany \u2013 w \u015brodku mo\u017cna umie\u015bci\u0107 male\u0144kie zdj\u0119cie lub symboliczny drobiazg. To wyj\u0105tkowy upominek pe\u0142en emocji i pi\u0119kna.<\/p>","protected":false},"featured_media":8532,"comment_status":"closed","ping_status":"closed","template":"","meta":{"om_disable_all_campaigns":false},"product_brand":[2284],"product_cat":[2141,1817,729],"product_tag":[2428,6627,6626,6580,2425,2368,5685,2291,6170,6588,6525,4630,3724,4509],"class_list":{"0":"post-15861","1":"product","2":"type-product","3":"status-publish","4":"has-post-thumbnail","6":"product_brand-staviori","7":"product_cat-srebrny-wisiorek","8":"product_cat-srebro-2","9":"product_cat-wisiorki","10":"product_tag-bizuteria-srebrna","11":"product_tag-elegantni-bizuterie","12":"product_tag-heart-locket","13":"product_tag-marcasite-pendant","14":"product_tag-markazyty","15":"product_tag-onyks","16":"product_tag-onyx-jewelry","17":"product_tag-prezent-dla-niej","18":"product_tag-privesek-srdce","19":"product_tag-silver-pendant","20":"product_tag-srebrny-wisiorek","21":"product_tag-srebro-0-925","22":"product_tag-staviori","23":"product_tag-wisiorek-serce","24":"pa_dlugosc-22mm","25":"pa_dostawca-markazyty-hong","26":"pa_kamien-markazyty","27":"pa_kamien-onyks","28":"pa_kruszec-srebro","29":"pa_motyw-puzderko","30":"pa_motyw-sekretnik","31":"pa_proba-0-925","32":"pa_szerokosc-22mm","33":"pa_waga-890g","35":"first","36":"instock","37":"purchasable","38":"product-type-simple"},"aioseo_notices":[],"_links":{"self":[{"href":"https:\/\/staviori.com.pl\/de\/wp-json\/wp\/v2\/product\/15861","targetHints":{"allow":["GET"]}}],"collection":[{"href":"https:\/\/staviori.com.pl\/de\/wp-json\/wp\/v2\/product"}],"about":[{"href":"https:\/\/staviori.com.pl\/de\/wp-json\/wp\/v2\/types\/product"}],"replies":[{"embeddable":true,"href":"https:\/\/staviori.com.pl\/de\/wp-json\/wp\/v2\/comments?post=15861"}],"wp:featuredmedia":[{"embeddable":true,"href":"https:\/\/staviori.com.pl\/de\/wp-json\/wp\/v2\/media\/8532"}],"wp:attachment":[{"href":"https:\/\/staviori.com.pl\/de\/wp-json\/wp\/v2\/media?parent=15861"}],"wp:term":[{"taxonomy":"product_brand","embeddable":true,"href":"https:\/\/staviori.com.pl\/de\/wp-json\/wp\/v2\/product_brand?post=15861"},{"taxonomy":"product_cat","embeddable":true,"href":"https:\/\/staviori.com.pl\/de\/wp-json\/wp\/v2\/product_cat?post=15861"},{"taxonomy":"product_tag","embeddable":true,"href":"https:\/\/staviori.com.pl\/de\/wp-json\/wp\/v2\/product_tag?post=15861"}],"curies":[{"name":"wp","href":"https:\/\/api.w.org\/{rel}","templated":true}]}}