{"id":15857,"date":"2025-02-24T22:50:04","date_gmt":"2025-02-24T21:50:04","guid":{"rendered":"https:\/\/staviori.com.pl\/product\/srebrny-wisiorek-wse3474\/"},"modified":"2026-02-11T00:09:34","modified_gmt":"2026-02-10T23:09:34","slug":"srebrny-wisiorek-wse3474","status":"publish","type":"product","link":"https:\/\/staviori.com.pl\/de\/product\/srebrny-wisiorek-wse3474\/","title":{"rendered":"Silberanh\u00e4nger - SOWA - mit Emaille"},"content":{"rendered":"<p>Model: WSE3474<br \/>\nWaga ok. 1,00g<\/p>\n<p>Anh\u00e4nger.<br \/>\n0,925 Silber.<br \/>\nSchmelz.<\/p>\n<p>Wymiary 9&#215;10 mm.<br \/>\nD\u0142ugo\u015b\u0107 17 mm.<\/p>","protected":false},"excerpt":{"rendered":"<p>Uroczy wisiorek w kszta\u0142cie sowy wykonany z wysokiej jako\u015bci srebra pr\u00f3by 0,925. Kolorowa emalia w odcieniach pomara\u0144czowym, czerwonym i czarnym nadaje mu radosny i wyj\u0105tkowy charakter. To doskona\u0142y wyb\u00f3r dla mi\u0142o\u015bnik\u00f3w nietuzinkowej bi\u017cuterii, a tak\u017ce idealny pomys\u0142 na prezent dla dziecka lub osoby z pogodnym usposobieniem.<\/p>","protected":false},"featured_media":21566,"comment_status":"closed","ping_status":"closed","template":"","meta":{"om_disable_all_campaigns":false},"product_brand":[2284],"product_cat":[2141,1817,729],"product_tag":[3932,6604,2428,2939,5784,6610,6613,6603,6588,6612,6611,6608,6496,6525,3967,5905,6581,4028,6609],"class_list":{"0":"post-15857","1":"product","2":"type-product","3":"status-publish","4":"has-post-thumbnail","6":"product_brand-staviori","7":"product_cat-srebrny-wisiorek","8":"product_cat-srebro-2","9":"product_cat-wisiorki","10":"product_tag-3932","11":"product_tag-925-silver","12":"product_tag-bizuteria-srebrna","13":"product_tag-emalia","14":"product_tag-enamel-jewelry","15":"product_tag-owl-pendant","16":"product_tag-silber-eule","17":"product_tag-silber-schmuck","18":"product_tag-silver-pendant","19":"product_tag-smalt","20":"product_tag-sova","21":"product_tag-sowa","22":"product_tag-sperk","23":"product_tag-srebrny-wisiorek","24":"product_tag-srebro-0","25":"product_tag-sterling-silver","26":"product_tag-stribrny-privesek","27":"product_tag-wisiorek","28":"product_tag-wisiorek-dla-dziecka","29":"pa_dlugosc-17mm","30":"pa_kamien-emalia","31":"pa_kruszec-srebro","32":"pa_motyw-sowa","33":"pa_proba-0-925","34":"pa_waga-100g-2","35":"pa_wymiary-9x10mm","37":"first","38":"instock","39":"purchasable","40":"product-type-simple"},"aioseo_notices":[],"_links":{"self":[{"href":"https:\/\/staviori.com.pl\/de\/wp-json\/wp\/v2\/product\/15857","targetHints":{"allow":["GET"]}}],"collection":[{"href":"https:\/\/staviori.com.pl\/de\/wp-json\/wp\/v2\/product"}],"about":[{"href":"https:\/\/staviori.com.pl\/de\/wp-json\/wp\/v2\/types\/product"}],"replies":[{"embeddable":true,"href":"https:\/\/staviori.com.pl\/de\/wp-json\/wp\/v2\/comments?post=15857"}],"wp:featuredmedia":[{"embeddable":true,"href":"https:\/\/staviori.com.pl\/de\/wp-json\/wp\/v2\/media\/21566"}],"wp:attachment":[{"href":"https:\/\/staviori.com.pl\/de\/wp-json\/wp\/v2\/media?parent=15857"}],"wp:term":[{"taxonomy":"product_brand","embeddable":true,"href":"https:\/\/staviori.com.pl\/de\/wp-json\/wp\/v2\/product_brand?post=15857"},{"taxonomy":"product_cat","embeddable":true,"href":"https:\/\/staviori.com.pl\/de\/wp-json\/wp\/v2\/product_cat?post=15857"},{"taxonomy":"product_tag","embeddable":true,"href":"https:\/\/staviori.com.pl\/de\/wp-json\/wp\/v2\/product_tag?post=15857"}],"curies":[{"name":"wp","href":"https:\/\/api.w.org\/{rel}","templated":true}]}}