{"id":15854,"date":"2025-02-24T22:50:04","date_gmt":"2025-02-24T21:50:04","guid":{"rendered":"https:\/\/staviori.com.pl\/product\/srebrny-wisiorek-wsc3191\/"},"modified":"2026-02-11T00:09:34","modified_gmt":"2026-02-10T23:09:34","slug":"srebrny-wisiorek-wsc3191","status":"publish","type":"product","link":"https:\/\/staviori.com.pl\/de\/product\/srebrny-wisiorek-wsc3191\/","title":{"rendered":"Herz-Anh\u00e4nger aus Sterlingsilber mit Zirkonen 0.925"},"content":{"rendered":"<p>Model: WSC3191<br \/>\nWaga ok. 2,15g<\/p>\n<p>Anh\u00e4nger.<br \/>\n0,925 Silber.<br \/>\nZirkoniumdioxid.<\/p>\n<p>Szeroko\u015b\u0107 17.5 mm.<br \/>\nL\u00e4nge 25 mm.<\/p>","protected":false},"excerpt":{"rendered":"<p>Uroczy wisiorek w kszta\u0142cie serca, wykonany z wysokiej jako\u015bci srebra pr\u00f3by 0,925. Po\u0142owa serca ozdobiona jest b\u0142yszcz\u0105cymi cyrkoniami, kt\u00f3re pi\u0119knie odbijaj\u0105 \u015bwiat\u0142o, dodaj\u0105c ca\u0142o\u015bci romantycznego blasku. Subtelny, a jednocze\u015bnie efektowny \u2013 b\u0119dzie doskona\u0142ym prezentem dla ukochanej osoby lub wyj\u0105tkowym dodatkiem do codziennych stylizacji.<\/p>","protected":false},"featured_media":8503,"comment_status":"closed","ping_status":"closed","template":"","meta":{"om_disable_all_campaigns":false},"product_brand":[2284,2350],"product_cat":[2141,1817,729],"product_tag":[3932,6604,2428,4191,2454,4303,1414,6605,6603,6588,6496,3752,6525,3967,5905,6581,4028,4509,6549],"class_list":{"0":"post-15854","1":"product","2":"type-product","3":"status-publish","4":"has-post-thumbnail","6":"product_brand-staviori","7":"product_brand-verona","8":"product_cat-srebrny-wisiorek","9":"product_cat-srebro-2","10":"product_cat-wisiorki","11":"product_tag-3932","12":"product_tag-925-silver","13":"product_tag-bizuteria-srebrna","14":"product_tag-cubic-zirconia","15":"product_tag-cyrkonia","16":"product_tag-heart-pendant","17":"product_tag-serce","18":"product_tag-silber-herz","19":"product_tag-silber-schmuck","20":"product_tag-silver-pendant","21":"product_tag-sperk","22":"product_tag-srdce","23":"product_tag-srebrny-wisiorek","24":"product_tag-srebro-0","25":"product_tag-sterling-silver","26":"product_tag-stribrny-privesek","27":"product_tag-wisiorek","28":"product_tag-wisiorek-serce","29":"product_tag-wisiorek-z-cyrkoniami","30":"pa_dlugosc-25mm","31":"pa_kamien-cyrkonia","32":"pa_kruszec-srebro","33":"pa_proba-0-925","34":"pa_szerokosc-17-5mm","35":"pa_waga-215g","37":"first","38":"instock","39":"purchasable","40":"product-type-simple"},"aioseo_notices":[],"_links":{"self":[{"href":"https:\/\/staviori.com.pl\/de\/wp-json\/wp\/v2\/product\/15854","targetHints":{"allow":["GET"]}}],"collection":[{"href":"https:\/\/staviori.com.pl\/de\/wp-json\/wp\/v2\/product"}],"about":[{"href":"https:\/\/staviori.com.pl\/de\/wp-json\/wp\/v2\/types\/product"}],"replies":[{"embeddable":true,"href":"https:\/\/staviori.com.pl\/de\/wp-json\/wp\/v2\/comments?post=15854"}],"wp:featuredmedia":[{"embeddable":true,"href":"https:\/\/staviori.com.pl\/de\/wp-json\/wp\/v2\/media\/8503"}],"wp:attachment":[{"href":"https:\/\/staviori.com.pl\/de\/wp-json\/wp\/v2\/media?parent=15854"}],"wp:term":[{"taxonomy":"product_brand","embeddable":true,"href":"https:\/\/staviori.com.pl\/de\/wp-json\/wp\/v2\/product_brand?post=15854"},{"taxonomy":"product_cat","embeddable":true,"href":"https:\/\/staviori.com.pl\/de\/wp-json\/wp\/v2\/product_cat?post=15854"},{"taxonomy":"product_tag","embeddable":true,"href":"https:\/\/staviori.com.pl\/de\/wp-json\/wp\/v2\/product_tag?post=15854"}],"curies":[{"name":"wp","href":"https:\/\/api.w.org\/{rel}","templated":true}]}}