{"id":15848,"date":"2025-02-24T22:50:04","date_gmt":"2025-02-24T21:50:04","guid":{"rendered":"https:\/\/staviori.com.pl\/product\/zlote-krzyzyki-i-medaliki-wgi6457\/"},"modified":"2026-02-11T00:09:33","modified_gmt":"2026-02-10T23:09:33","slug":"zlote-krzyzyki-i-medaliki-wgi6457","status":"publish","type":"product","link":"https:\/\/staviori.com.pl\/de\/product\/zlote-krzyzyki-i-medaliki-wgi6457\/","title":{"rendered":"Kleines Goldkreuz mit Zirkonen - Sch\u00f6nheit in ihrer reinen Form"},"content":{"rendered":"<p>Model: WGI6457<br \/>\nGewicht ca. 0,78g<\/p>\n<p>Kreuz.<br \/>\nGelbgold 0,585.<br \/>\nZirkoniumdioxid.<\/p>\n<p>Wymiary 7&#215;10 mm.<br \/>\nL\u00e4nge 15 mm.<\/p>","protected":false},"excerpt":{"rendered":"<p>Delikatny z\u0142oty krzy\u017cyk wykonany z \u017c\u00f3\u0142tego z\u0142ota pr\u00f3by 0,585, ozdobiony b\u0142yszcz\u0105cymi cyrkoniami, kt\u00f3re pi\u0119knie odbijaj\u0105 \u015bwiat\u0142o. Klasyczna forma symbolu wiary nabiera tu eleganckiego i wsp\u00f3\u0142czesnego charakteru. To wyj\u0105tkowy dodatek, kt\u00f3ry doskonale sprawdzi si\u0119 jako subtelny akcent codziennej stylizacji lub wyj\u0105tkowy prezent pe\u0142en znaczenia.<\/p>","protected":false},"featured_media":15849,"comment_status":"closed","ping_status":"closed","template":"","meta":{"om_disable_all_campaigns":false},"product_brand":[2284],"product_cat":[1988,2248,1930],"product_tag":[6597,2543,4191,2454,5595,2603,4534,6144,6136,6598,6141,3744,2364,3184],"class_list":{"0":"post-15848","1":"product","2":"type-product","3":"status-publish","4":"has-post-thumbnail","6":"product_brand-staviori","7":"product_cat-krzyzyki-i-medaliki-3","8":"product_cat-zlote-krzyzyki-i-medaliki","9":"product_cat-zloto-2","10":"product_tag-anhanger-kreuz","11":"product_tag-bizuteria-zlota","12":"product_tag-cubic-zirconia","13":"product_tag-cyrkonia","14":"product_tag-gold-jewelry","15":"product_tag-klasyczna-bizuteria","16":"product_tag-krzyzyk-zloty","17":"product_tag-pendant-cross","18":"product_tag-privesek-krizek","19":"product_tag-religijny-wisiorek","20":"product_tag-wisiorek-krzyzyk","21":"product_tag-yellow-gold","22":"product_tag-zloto-585","23":"product_tag-zloty-wisiorek","24":"pa_dlugosc-15mm","25":"pa_dostawca-gese","26":"pa_kamien-cyrkonia","27":"pa_kolor-zolte","28":"pa_kruszec-zloto","29":"pa_motyw-krzyzyk","30":"pa_proba-0-585","31":"pa_waga-078g","32":"pa_wymiary-7x10mm","34":"first","35":"instock","36":"purchasable","37":"product-type-simple"},"aioseo_notices":[],"_links":{"self":[{"href":"https:\/\/staviori.com.pl\/de\/wp-json\/wp\/v2\/product\/15848","targetHints":{"allow":["GET"]}}],"collection":[{"href":"https:\/\/staviori.com.pl\/de\/wp-json\/wp\/v2\/product"}],"about":[{"href":"https:\/\/staviori.com.pl\/de\/wp-json\/wp\/v2\/types\/product"}],"replies":[{"embeddable":true,"href":"https:\/\/staviori.com.pl\/de\/wp-json\/wp\/v2\/comments?post=15848"}],"wp:featuredmedia":[{"embeddable":true,"href":"https:\/\/staviori.com.pl\/de\/wp-json\/wp\/v2\/media\/15849"}],"wp:attachment":[{"href":"https:\/\/staviori.com.pl\/de\/wp-json\/wp\/v2\/media?parent=15848"}],"wp:term":[{"taxonomy":"product_brand","embeddable":true,"href":"https:\/\/staviori.com.pl\/de\/wp-json\/wp\/v2\/product_brand?post=15848"},{"taxonomy":"product_cat","embeddable":true,"href":"https:\/\/staviori.com.pl\/de\/wp-json\/wp\/v2\/product_cat?post=15848"},{"taxonomy":"product_tag","embeddable":true,"href":"https:\/\/staviori.com.pl\/de\/wp-json\/wp\/v2\/product_tag?post=15848"}],"curies":[{"name":"wp","href":"https:\/\/api.w.org\/{rel}","templated":true}]}}