{"id":15847,"date":"2025-02-24T22:50:04","date_gmt":"2025-02-24T21:50:04","guid":{"rendered":"https:\/\/staviori.com.pl\/product\/srebrny-wisiorek-wdo5780\/"},"modified":"2026-02-11T00:09:33","modified_gmt":"2026-02-10T23:09:33","slug":"srebrny-wisiorek-wdo5780","status":"publish","type":"product","link":"https:\/\/staviori.com.pl\/de\/product\/srebrny-wisiorek-wdo5780\/","title":{"rendered":"Sterlingsilber-Anh\u00e4nger mit gr\u00fcnem Achat und Markasit"},"content":{"rendered":"<p>Model: WDO5780<br \/>\nWaga ok. 1,30g<\/p>\n<p>Anh\u00e4nger.<br \/>\n0,925 Silber.<br \/>\nAgat.<br \/>\nMarkazyt<\/p>\n<p>Wysoko\u015b\u0107 22 mm.<\/p>","protected":false},"excerpt":{"rendered":"<p>Elegancki wisiorek wykonany ze srebra pr\u00f3by 0,925, ozdobiony intensywnie zielonym agatem w kszta\u0142cie kropli. Delikatne markazyty dodaj\u0105 mu subtelnego, klasycznego blasku i retro uroku. To wyj\u0105tkowy dodatek, kt\u00f3ry pi\u0119knie podkre\u015bli dekolt i doda stylizacji wyj\u0105tkowej g\u0142\u0119bi. Idealny dla kobiet ceni\u0105cych harmoni\u0119 natury i ponadczasow\u0105 elegancj\u0119.<\/p>","protected":false},"featured_media":8475,"comment_status":"closed","ping_status":"closed","template":"","meta":{"om_disable_all_campaigns":false},"product_brand":[2284],"product_cat":[2141,1817,729],"product_tag":[6585,4236,4237,6590,2428,3849,6589,2425,6591,6588,2427,6592,5744,6587],"class_list":{"0":"post-15847","1":"product","2":"type-product","3":"status-publish","4":"has-post-thumbnail","6":"product_brand-staviori","7":"product_cat-srebrny-wisiorek","8":"product_cat-srebro-2","9":"product_cat-wisiorki","10":"product_tag-0-925-silver","11":"product_tag-agat","12":"product_tag-agate-jewelry","13":"product_tag-anhanger-mit-achat","14":"product_tag-bizuteria-srebrna","15":"product_tag-classic-style","16":"product_tag-green-agate","17":"product_tag-markazyty","18":"product_tag-privesek-achat","19":"product_tag-silver-pendant","20":"product_tag-srebro-925","21":"product_tag-vintage-jewelry","22":"product_tag-wisiorek-srebrny","23":"product_tag-zielony-agat","24":"pa_barwa-zielona","25":"pa_kamien-agat","26":"pa_kamien-markazyty","27":"pa_kruszec-srebro","28":"pa_proba-0-925","29":"pa_waga-130g","30":"pa_wysokosc-22mm","32":"first","33":"instock","34":"purchasable","35":"product-type-simple"},"aioseo_notices":[],"_links":{"self":[{"href":"https:\/\/staviori.com.pl\/de\/wp-json\/wp\/v2\/product\/15847","targetHints":{"allow":["GET"]}}],"collection":[{"href":"https:\/\/staviori.com.pl\/de\/wp-json\/wp\/v2\/product"}],"about":[{"href":"https:\/\/staviori.com.pl\/de\/wp-json\/wp\/v2\/types\/product"}],"replies":[{"embeddable":true,"href":"https:\/\/staviori.com.pl\/de\/wp-json\/wp\/v2\/comments?post=15847"}],"wp:featuredmedia":[{"embeddable":true,"href":"https:\/\/staviori.com.pl\/de\/wp-json\/wp\/v2\/media\/8475"}],"wp:attachment":[{"href":"https:\/\/staviori.com.pl\/de\/wp-json\/wp\/v2\/media?parent=15847"}],"wp:term":[{"taxonomy":"product_brand","embeddable":true,"href":"https:\/\/staviori.com.pl\/de\/wp-json\/wp\/v2\/product_brand?post=15847"},{"taxonomy":"product_cat","embeddable":true,"href":"https:\/\/staviori.com.pl\/de\/wp-json\/wp\/v2\/product_cat?post=15847"},{"taxonomy":"product_tag","embeddable":true,"href":"https:\/\/staviori.com.pl\/de\/wp-json\/wp\/v2\/product_tag?post=15847"}],"curies":[{"name":"wp","href":"https:\/\/api.w.org\/{rel}","templated":true}]}}