{"id":15826,"date":"2025-02-24T22:49:59","date_gmt":"2025-02-24T21:49:59","guid":{"rendered":"https:\/\/staviori.com.pl\/product\/srebrny-wisiorek-wdm5940\/"},"modified":"2026-02-11T00:09:33","modified_gmt":"2026-02-10T23:09:33","slug":"srebrny-wisiorek-wdm5940","status":"publish","type":"product","link":"https:\/\/staviori.com.pl\/de\/product\/srebrny-wisiorek-wdm5940\/","title":{"rendered":"Silberanh\u00e4nger mit Markasiten und rotem Achat"},"content":{"rendered":"<p>Model: WDM5940<br \/>\nWaga ok. 2,00g<\/p>\n<p>Anh\u00e4nger.<br \/>\n0,925 Silber.<br \/>\nAgat.<br \/>\nMarkasiten.<\/p>\n<p>L\u00e4nge 25 mm.<br \/>\nWymiary 7&#215;5 mm.<\/p>\n<p>Kolczyki i pier\u015bcionek dost\u0119pne s\u0105 do kompletu.<\/p>","protected":false},"excerpt":{"rendered":"<p>Elegancki wisiorek Staviori wykonany ze srebra pr\u00f3by 0,925, ozdobiony g\u0142\u0119bokoczerwonym agatem i po\u0142yskuj\u0105cymi markazytami. Klasyczne po\u0142\u0105czenie szlachetnych kamieni i misternych detali nadaje mu niepowtarzalny charakter w stylu vintage. Idealny wyb\u00f3r dla kobiet ceni\u0105cych ponadczasow\u0105 elegancj\u0119 i subtelne akcenty w bi\u017cuterii.<\/p>","protected":false},"featured_media":21588,"comment_status":"closed","ping_status":"closed","template":"","meta":{"om_disable_all_campaigns":false},"product_brand":[2284],"product_cat":[2141,1817,729],"product_tag":[3932,4238,4236,4237,2428,6644,6580,2425,6637,6075,6588,3967,3724,6581,5744,6643],"class_list":{"0":"post-15826","1":"product","2":"type-product","3":"status-publish","4":"has-post-thumbnail","6":"product_brand-staviori","7":"product_cat-srebrny-wisiorek","8":"product_cat-srebro-2","9":"product_cat-wisiorki","10":"product_tag-3932","11":"product_tag-achat","12":"product_tag-agat","13":"product_tag-agate-jewelry","14":"product_tag-bizuteria-srebrna","15":"product_tag-damenanhanger","16":"product_tag-marcasite-pendant","17":"product_tag-markazyty","18":"product_tag-schmuck","19":"product_tag-silber-925","20":"product_tag-silver-pendant","21":"product_tag-srebro-0","22":"product_tag-staviori","23":"product_tag-stribrny-privesek","24":"product_tag-wisiorek-srebrny","25":"product_tag-wisiorek-z-kamieniem","26":"pa_dlugosc-25mm","27":"pa_kamien-agat","28":"pa_kamien-markazyty","29":"pa_kruszec-srebro","30":"pa_proba-0-925","31":"pa_waga-200g","32":"pa_wymiary-7x5mm","34":"first","35":"instock","36":"purchasable","37":"product-type-simple"},"aioseo_notices":[],"_links":{"self":[{"href":"https:\/\/staviori.com.pl\/de\/wp-json\/wp\/v2\/product\/15826","targetHints":{"allow":["GET"]}}],"collection":[{"href":"https:\/\/staviori.com.pl\/de\/wp-json\/wp\/v2\/product"}],"about":[{"href":"https:\/\/staviori.com.pl\/de\/wp-json\/wp\/v2\/types\/product"}],"replies":[{"embeddable":true,"href":"https:\/\/staviori.com.pl\/de\/wp-json\/wp\/v2\/comments?post=15826"}],"wp:featuredmedia":[{"embeddable":true,"href":"https:\/\/staviori.com.pl\/de\/wp-json\/wp\/v2\/media\/21588"}],"wp:attachment":[{"href":"https:\/\/staviori.com.pl\/de\/wp-json\/wp\/v2\/media?parent=15826"}],"wp:term":[{"taxonomy":"product_brand","embeddable":true,"href":"https:\/\/staviori.com.pl\/de\/wp-json\/wp\/v2\/product_brand?post=15826"},{"taxonomy":"product_cat","embeddable":true,"href":"https:\/\/staviori.com.pl\/de\/wp-json\/wp\/v2\/product_cat?post=15826"},{"taxonomy":"product_tag","embeddable":true,"href":"https:\/\/staviori.com.pl\/de\/wp-json\/wp\/v2\/product_tag?post=15826"}],"curies":[{"name":"wp","href":"https:\/\/api.w.org\/{rel}","templated":true}]}}