{"id":15822,"date":"2025-02-24T22:49:59","date_gmt":"2025-02-24T21:49:59","guid":{"rendered":"https:\/\/staviori.com.pl\/product\/srebrny-wisiorek-wde2931\/"},"modified":"2026-03-06T13:01:14","modified_gmt":"2026-03-06T12:01:14","slug":"srebrny-wisiorek-wde2931","status":"publish","type":"product","link":"https:\/\/staviori.com.pl\/de\/product\/srebrny-wisiorek-wde2931\/","title":{"rendered":"Silberner Giraffen-Anh\u00e4nger f\u00fcr Kinder mit Emaille aus Sterlingsilber 925"},"content":{"rendered":"<p>Model: WDE2931<br \/>\nWaga ok. 1,00g<\/p>\n<p>Anh\u00e4nger.<br \/>\n0,925 rhodiniertes Silber.<br \/>\nSchmelz.<\/p>\n<p>Wymiary 6&#215;16 mm.<\/p>","protected":false},"excerpt":{"rendered":"<p>Uroczy wisiorek Staviori wykonany z rodowanego srebra 0,925, ozdobiony kolorow\u0105 emali\u0105 w kszta\u0142cie \u017cyrafki. Radosny motyw i perfekcyjne wyko\u0144czenie sprawiaj\u0105, \u017ce to idealny prezent dla dziecka lub mi\u0142o\u015bnik\u00f3w oryginalnej bi\u017cuterii. Delikatny, pe\u0142en uroku detal, kt\u00f3ry doda u\u015bmiechu ka\u017cdej stylizacji.<\/p>","protected":false},"featured_media":21597,"comment_status":"closed","ping_status":"closed","template":"","meta":{"om_disable_all_campaigns":false},"product_brand":[2284],"product_cat":[2141,1817,729],"product_tag":[6659,3343,2939,5784,4345,6660,6661,6588,2427,3724,6609,5744,5264],"class_list":{"0":"post-15822","1":"product","2":"type-product","3":"status-publish","4":"has-post-thumbnail","6":"product_brand-staviori","7":"product_cat-srebrny-wisiorek","8":"product_cat-srebro-2","9":"product_cat-wisiorki","10":"product_tag-anhanger-silber","11":"product_tag-bizuteria-dziecieca","12":"product_tag-emalia","13":"product_tag-enamel-jewelry","14":"product_tag-kolorowa-bizuteria","15":"product_tag-privesek-stribrny","16":"product_tag-proba-925","17":"product_tag-silver-pendant","18":"product_tag-srebro-925","19":"product_tag-staviori","20":"product_tag-wisiorek-dla-dziecka","21":"product_tag-wisiorek-srebrny","22":"product_tag-zyrafa","23":"pa_kamien-emalia","24":"pa_kruszec-srebro-rodowane","25":"pa_proba-0-925","26":"pa_waga-100g-2","27":"pa_wymiary-6x16mm","29":"first","30":"instock","31":"purchasable","32":"product-type-simple"},"aioseo_notices":[],"_links":{"self":[{"href":"https:\/\/staviori.com.pl\/de\/wp-json\/wp\/v2\/product\/15822","targetHints":{"allow":["GET"]}}],"collection":[{"href":"https:\/\/staviori.com.pl\/de\/wp-json\/wp\/v2\/product"}],"about":[{"href":"https:\/\/staviori.com.pl\/de\/wp-json\/wp\/v2\/types\/product"}],"replies":[{"embeddable":true,"href":"https:\/\/staviori.com.pl\/de\/wp-json\/wp\/v2\/comments?post=15822"}],"wp:featuredmedia":[{"embeddable":true,"href":"https:\/\/staviori.com.pl\/de\/wp-json\/wp\/v2\/media\/21597"}],"wp:attachment":[{"href":"https:\/\/staviori.com.pl\/de\/wp-json\/wp\/v2\/media?parent=15822"}],"wp:term":[{"taxonomy":"product_brand","embeddable":true,"href":"https:\/\/staviori.com.pl\/de\/wp-json\/wp\/v2\/product_brand?post=15822"},{"taxonomy":"product_cat","embeddable":true,"href":"https:\/\/staviori.com.pl\/de\/wp-json\/wp\/v2\/product_cat?post=15822"},{"taxonomy":"product_tag","embeddable":true,"href":"https:\/\/staviori.com.pl\/de\/wp-json\/wp\/v2\/product_tag?post=15822"}],"curies":[{"name":"wp","href":"https:\/\/api.w.org\/{rel}","templated":true}]}}