{"id":15821,"date":"2025-02-24T22:49:59","date_gmt":"2025-02-24T21:49:59","guid":{"rendered":"https:\/\/staviori.com.pl\/product\/srebrny-wisiorek-wdc3479\/"},"modified":"2026-02-11T00:09:33","modified_gmt":"2026-02-10T23:09:33","slug":"srebrny-wisiorek-wdc3479","status":"publish","type":"product","link":"https:\/\/staviori.com.pl\/de\/product\/srebrny-wisiorek-wdc3479\/","title":{"rendered":"Silberanh\u00e4nger zwei Herzen mit Zirkonen"},"content":{"rendered":"<p>Model: WDC3479<br \/>\nGewicht ca. 1,90g<\/p>\n<p>Anh\u00e4nger.<br \/>\n0,925 rhodiniertes Silber.<br \/>\nZirkoniumdioxid.<\/p>\n<p>Szeroko\u015b\u0107 23 mm.<br \/>\nGrubo\u015b\u0107 1 mm.<\/p>","protected":false},"excerpt":{"rendered":"<p>Subtelny wisiorek Staviori wykonany z rodowanego srebra pr\u00f3by 0,925 w kszta\u0142cie splecionych serc. Jedno z nich ozdobione jest l\u015bni\u0105cymi cyrkoniami, kt\u00f3re pi\u0119knie odbijaj\u0105 \u015bwiat\u0142o i dodaj\u0105 ca\u0142o\u015bci wyj\u0105tkowego blasku. Symbol mi\u0142o\u015bci i wi\u0119zi, idealny jako prezent dla ukochanej osoby. Elegancki i kobiecy dodatek, kt\u00f3ry doskonale uzupe\u0142ni zar\u00f3wno codzienne, jak i wieczorowe stylizacje.<\/p>","protected":false},"featured_media":8376,"comment_status":"closed","ping_status":"closed","template":"","meta":{"om_disable_all_campaigns":false},"product_brand":[2284],"product_cat":[2141,1817,729],"product_tag":[3932,6648,6650,6651,6649,3101,2427,6652,6647,5744,6549],"class_list":{"0":"post-15821","1":"product","2":"type-product","3":"status-publish","4":"has-post-thumbnail","6":"product_brand-staviori","7":"product_cat-srebrny-wisiorek","8":"product_cat-srebro-2","9":"product_cat-wisiorki","10":"product_tag-3932","11":"product_tag-pendant-silver-hearts","12":"product_tag-privesek-srdce-stribro","13":"product_tag-schmuck-silber-herz","14":"product_tag-silver-pendant-zirconia","15":"product_tag-srebrna-bizuteria","16":"product_tag-srebro-925","17":"product_tag-stribro-0","18":"product_tag-wisiorek-serca","19":"product_tag-wisiorek-srebrny","20":"product_tag-wisiorek-z-cyrkoniami","21":"pa_grubosc-1mm","22":"pa_kamien-cyrkonia","23":"pa_kruszec-srebro-rodowane","24":"pa_motyw-serce","25":"pa_proba-0-925","26":"pa_szerokosc-23mm","27":"pa_waga-190g","29":"first","30":"instock","31":"purchasable","32":"product-type-simple"},"aioseo_notices":[],"_links":{"self":[{"href":"https:\/\/staviori.com.pl\/de\/wp-json\/wp\/v2\/product\/15821","targetHints":{"allow":["GET"]}}],"collection":[{"href":"https:\/\/staviori.com.pl\/de\/wp-json\/wp\/v2\/product"}],"about":[{"href":"https:\/\/staviori.com.pl\/de\/wp-json\/wp\/v2\/types\/product"}],"replies":[{"embeddable":true,"href":"https:\/\/staviori.com.pl\/de\/wp-json\/wp\/v2\/comments?post=15821"}],"wp:featuredmedia":[{"embeddable":true,"href":"https:\/\/staviori.com.pl\/de\/wp-json\/wp\/v2\/media\/8376"}],"wp:attachment":[{"href":"https:\/\/staviori.com.pl\/de\/wp-json\/wp\/v2\/media?parent=15821"}],"wp:term":[{"taxonomy":"product_brand","embeddable":true,"href":"https:\/\/staviori.com.pl\/de\/wp-json\/wp\/v2\/product_brand?post=15821"},{"taxonomy":"product_cat","embeddable":true,"href":"https:\/\/staviori.com.pl\/de\/wp-json\/wp\/v2\/product_cat?post=15821"},{"taxonomy":"product_tag","embeddable":true,"href":"https:\/\/staviori.com.pl\/de\/wp-json\/wp\/v2\/product_tag?post=15821"}],"curies":[{"name":"wp","href":"https:\/\/api.w.org\/{rel}","templated":true}]}}