{"id":15815,"date":"2025-02-24T22:49:55","date_gmt":"2025-02-24T21:49:55","guid":{"rendered":"https:\/\/staviori.com.pl\/product\/naszyjnik-z-brylantami-wbd5500\/"},"modified":"2026-02-11T00:09:33","modified_gmt":"2026-02-10T23:09:33","slug":"naszyjnik-z-brylantami-wbd5500","status":"publish","type":"product","link":"https:\/\/staviori.com.pl\/de\/product\/naszyjnik-z-brylantami-wbd5500\/","title":{"rendered":"Exklusive Halskette aus Wei\u00dfgold mit F\/VS1 0,50ct Labordiamant"},"content":{"rendered":"<p>Model: WBD5500<br \/>\nGewicht ca. 1,50g<\/p>\n<p>Halskette 45 cm.<br \/>\nWei\u00dfgold 0,585.<br \/>\n1 Diament, szlif brylantowy, o masie 0,50ct, barwa F, czysto\u015b\u0107 VS1.<br \/>\nSzeroko\u015b\u0107 obr\u0105czki ok. 7 mm.<br \/>\n5 mm dick.<\/p>\n<p>Mo\u017cliwo\u015b\u0107 wykonania w bia\u0142ym lub \u017c\u00f3\u0142tym kolorze z\u0142ota.<br \/>\nDost\u0119pny na indywidualne zam\u00f3wienie z dowolnym innym Brylantem.<\/p>\n<p>Brylant naturalny laboratoryjny CVD o barwie F i czysto\u015bci VS1 oprawiony w przepi\u0119knym koszyczku z \u017c\u00f3\u0142tego z\u0142ota.<\/p>\n<p>Produkt na zam\u00f3wienie. Termin realizacji oko\u0142o 2 tygodni.<\/p>","protected":false},"excerpt":{"rendered":"<p>Subtelny naszyjnik Staviori z ol\u015bniewaj\u0105cym brylantem o masie 0,50 ct, wykonany z 14-karatowego bia\u0142ego z\u0142ota. Kamie\u0144 o wyj\u0105tkowej czysto\u015bci VS1 i barwie F zachwyca swoim blaskiem, a delikatna oprawa w formie koszyczka podkre\u015bla jego doskona\u0142y szlif. To klasyka w najpi\u0119kniejszym wydaniu \u2013 ponadczasowy symbol elegancji i dobrego smaku, kt\u00f3ry idealnie dope\u0142ni ka\u017cd\u0105 stylizacj\u0119.<\/p>","protected":false},"featured_media":21617,"comment_status":"closed","ping_status":"closed","template":"","meta":{"om_disable_all_campaigns":false},"product_brand":[2284],"product_cat":[1803,1838,2120,719],"product_tag":[4396,6162,2798,6696,6695,4055,6694,4796,6287,4089,4282],"class_list":{"0":"post-15815","1":"product","2":"type-product","3":"status-publish","4":"has-post-thumbnail","6":"product_brand-staviori","7":"product_cat-brylanty-exclusive","8":"product_cat-diamenty","9":"product_cat-naszyjnik-z-brylantami","10":"product_cat-naszyjniki","11":"product_tag-4396","12":"product_tag-biale-zloto-0","13":"product_tag-bizuteria-staviori","14":"product_tag-collier-diamant","15":"product_tag-diamantovy-nahrdelnik","16":"product_tag-diamond-necklace","17":"product_tag-naszyjnik-z-brylantem","18":"product_tag-naszyjnik-z-diamentem","19":"product_tag-schmuck-gold-585","20":"product_tag-white-gold-necklace","21":"product_tag-zlaty-nahrdelnik","22":"pa_barwa-f-2","23":"pa_czystosc-vs1","24":"pa_dostawca-odlewnia","25":"pa_grubosc-5mm","26":"pa_kamien-diament","27":"pa_kamien-diament-laboratoryjny","28":"pa_kolor-biale","29":"pa_kruszec-zloto","30":"pa_proba-0-585","31":"pa_rozmiar-45cm","32":"pa_szerokosc-obraczki-ok-7mm","33":"pa_waga-1-50g","35":"first","36":"onbackorder","37":"purchasable","38":"product-type-simple"},"aioseo_notices":[],"_links":{"self":[{"href":"https:\/\/staviori.com.pl\/de\/wp-json\/wp\/v2\/product\/15815","targetHints":{"allow":["GET"]}}],"collection":[{"href":"https:\/\/staviori.com.pl\/de\/wp-json\/wp\/v2\/product"}],"about":[{"href":"https:\/\/staviori.com.pl\/de\/wp-json\/wp\/v2\/types\/product"}],"replies":[{"embeddable":true,"href":"https:\/\/staviori.com.pl\/de\/wp-json\/wp\/v2\/comments?post=15815"}],"wp:featuredmedia":[{"embeddable":true,"href":"https:\/\/staviori.com.pl\/de\/wp-json\/wp\/v2\/media\/21617"}],"wp:attachment":[{"href":"https:\/\/staviori.com.pl\/de\/wp-json\/wp\/v2\/media?parent=15815"}],"wp:term":[{"taxonomy":"product_brand","embeddable":true,"href":"https:\/\/staviori.com.pl\/de\/wp-json\/wp\/v2\/product_brand?post=15815"},{"taxonomy":"product_cat","embeddable":true,"href":"https:\/\/staviori.com.pl\/de\/wp-json\/wp\/v2\/product_cat?post=15815"},{"taxonomy":"product_tag","embeddable":true,"href":"https:\/\/staviori.com.pl\/de\/wp-json\/wp\/v2\/product_tag?post=15815"}],"curies":[{"name":"wp","href":"https:\/\/api.w.org\/{rel}","templated":true}]}}