{"id":15813,"date":"2025-02-24T22:49:55","date_gmt":"2025-02-24T21:49:55","guid":{"rendered":"https:\/\/staviori.com.pl\/product\/wisiorek-z-brylantem-wbd4061\/"},"modified":"2026-02-11T00:09:33","modified_gmt":"2026-02-10T23:09:33","slug":"wisiorek-z-brylantem-wbd4061","status":"publish","type":"product","link":"https:\/\/staviori.com.pl\/de\/product\/wisiorek-z-brylantem-wbd4061\/","title":{"rendered":"Exklusiv | Kreuz aus Wei\u00dfgold 750 mit schwarzen Diamanten"},"content":{"rendered":"<p>Model: WBD1668B<br \/>\nWaga ok. 1,00g<\/p>\n<p>Anh\u00e4nger.<br \/>\nWei\u00dfgold 0,750.<br \/>\n6 Diament\u00f3w, kolor czarny, szlif brylantowy, o masie 0,18ct.<\/p>\n<p>Wymiary 10.5&#215;22 mm.<\/p>\n<p><strong>Produkt &#8211; je\u015bli brak na stanie &#8211; dost\u0119pny wy\u0142\u0105cznie na zam\u00f3wienie, czas realizacji ok. 5 tygodni.<\/strong><\/p>","protected":false},"excerpt":{"rendered":"<p>Elegancki wisiorek z bia\u0142ego z\u0142ota pr\u00f3by 0,750, wysadzany sze\u015bcioma czarnymi diamentami o \u0142\u0105cznej masie 0,18 ct. Nietuzinkowa kompozycja brylantowych kamieni wspaniale kontrastuje z ch\u0142odnym po\u0142yskiem z\u0142ota, tworz\u0105c wyrafinowany i niezwykle nowoczesny akcent. Wisiorek zachwyca subteln\u0105 form\u0105 oraz unikatowym charakterem \u2013 to propozycja dla kobiet ceni\u0105cych oryginalno\u015b\u0107 i ponadczasow\u0105 elegancj\u0119.<\/p>","protected":false},"featured_media":8329,"comment_status":"closed","ping_status":"closed","template":"","meta":{"om_disable_all_campaigns":false},"product_brand":[2284],"product_cat":[1838,2242,729],"product_tag":[2308,2326,2319,2280,4353,2291,4477,4476,4028],"class_list":{"0":"post-15813","1":"product","2":"type-product","3":"status-publish","4":"has-post-thumbnail","6":"product_brand-staviori","7":"product_cat-diamenty","8":"product_cat-wisiorek-z-brylantem","9":"product_cat-wisiorki","10":"product_tag-biale-zloto","11":"product_tag-bizuteria-z-diamentami","12":"product_tag-czarne-diamenty","13":"product_tag-luksusowa-bizuteria","14":"product_tag-nowoczesny-design","15":"product_tag-prezent-dla-niej","16":"product_tag-wbd1668b","17":"product_tag-wbd4061","18":"product_tag-wisiorek","19":"pa_barwa-czarne","20":"pa_dostawca-draco","21":"pa_kamien-czarne-diamenty","22":"pa_kolor-biale","23":"pa_kruszec-zloto","24":"pa_masa-karatowa-018ct","25":"pa_motyw-krzyzyk","26":"pa_proba-0-750","27":"pa_szlif-brylantowy-okragly","28":"pa_waga-110g","29":"pa_wymiary-10-5x22mm","31":"first","32":"onbackorder","33":"purchasable","34":"product-type-simple"},"aioseo_notices":[],"_links":{"self":[{"href":"https:\/\/staviori.com.pl\/de\/wp-json\/wp\/v2\/product\/15813","targetHints":{"allow":["GET"]}}],"collection":[{"href":"https:\/\/staviori.com.pl\/de\/wp-json\/wp\/v2\/product"}],"about":[{"href":"https:\/\/staviori.com.pl\/de\/wp-json\/wp\/v2\/types\/product"}],"replies":[{"embeddable":true,"href":"https:\/\/staviori.com.pl\/de\/wp-json\/wp\/v2\/comments?post=15813"}],"wp:featuredmedia":[{"embeddable":true,"href":"https:\/\/staviori.com.pl\/de\/wp-json\/wp\/v2\/media\/8329"}],"wp:attachment":[{"href":"https:\/\/staviori.com.pl\/de\/wp-json\/wp\/v2\/media?parent=15813"}],"wp:term":[{"taxonomy":"product_brand","embeddable":true,"href":"https:\/\/staviori.com.pl\/de\/wp-json\/wp\/v2\/product_brand?post=15813"},{"taxonomy":"product_cat","embeddable":true,"href":"https:\/\/staviori.com.pl\/de\/wp-json\/wp\/v2\/product_cat?post=15813"},{"taxonomy":"product_tag","embeddable":true,"href":"https:\/\/staviori.com.pl\/de\/wp-json\/wp\/v2\/product_tag?post=15813"}],"curies":[{"name":"wp","href":"https:\/\/api.w.org\/{rel}","templated":true}]}}