{"id":15798,"date":"2025-02-24T22:49:55","date_gmt":"2025-02-24T21:49:55","guid":{"rendered":"https:\/\/staviori.com.pl\/product\/wisiorek-z-brylantem-wbd3825r\/"},"modified":"2026-02-11T00:09:32","modified_gmt":"2026-02-10T23:09:32","slug":"wisiorek-z-brylantem-wbd3825r","status":"publish","type":"product","link":"https:\/\/staviori.com.pl\/de\/product\/wisiorek-z-brylantem-wbd3825r\/","title":{"rendered":"Wundersch\u00f6ner Anh\u00e4nger mit Rubin und Diamant aus 585er Wei\u00dfgold"},"content":{"rendered":"<p>Model: WBD3825R<br \/>\nWaga ok. 1g<\/p>\n<p>Anh\u00e4nger.<br \/>\nWei\u00dfgold 0,585.<br \/>\n5 Diament\u00f3w, szlif brylantowy, o masie 0,03ct, barwa H, czysto\u015b\u0107 I1.<br \/>\n1 Rubin, o masie 0,70ct.<\/p>\n<p>Wymiary 4&#215;10 mm.<br \/>\nDicke 4 mm.<\/p>","protected":false},"excerpt":{"rendered":"<p>Zachwycaj\u0105cy wisiorek Staviori z rubinem o masie 0,70 ct, oprawionym w l\u015bni\u0105ce bia\u0142e z\u0142oto pr\u00f3by 0,585. Intensywna czerwie\u0144 szlachetnego rubinu zosta\u0142a subtelnie otulona delikatn\u0105 lini\u0105 z pi\u0119ciu diament\u00f3w, kt\u00f3re dodaj\u0105 kompozycji blasku i elegancji. Ten wyj\u0105tkowy projekt \u0142\u0105czy w sobie pasj\u0119, wdzi\u0119k i ponadczasow\u0105 klasyk\u0119 \u2013 idealny wyb\u00f3r dla kobiety, kt\u00f3ra pragnie wyr\u00f3\u017cni\u0107 si\u0119 subtelnym luksusem.<\/p>","protected":false},"featured_media":21636,"comment_status":"closed","ping_status":"closed","template":"","meta":{"om_disable_all_campaigns":false},"product_brand":[2284],"product_cat":[1838,2242,729],"product_tag":[4396,2308,6713,6508,2296,6120,2317,6711,6445,6712,4763,6107,6135,3724,6097,6180,4028,4387],"class_list":{"0":"post-15798","1":"product","2":"type-product","3":"status-publish","4":"has-post-thumbnail","6":"product_brand-staviori","7":"product_cat-diamenty","8":"product_cat-wisiorek-z-brylantem","9":"product_cat-wisiorki","10":"product_tag-4396","11":"product_tag-biale-zloto","12":"product_tag-diamanten","13":"product_tag-diamantovy-privesek","14":"product_tag-diamenty","15":"product_tag-diamond-jewelry","16":"product_tag-elegancka-bizuteria","17":"product_tag-gold-14k","18":"product_tag-luxurious-jewelry","19":"product_tag-privesek-s-rubinem","20":"product_tag-rubin","21":"product_tag-rubin-anhanger","22":"product_tag-ruby-pendant","23":"product_tag-staviori","24":"product_tag-weisgold-585","25":"product_tag-white-gold-pendant","26":"product_tag-wisiorek","27":"product_tag-zloto-0","28":"pa_barwa-h-2","29":"pa_czystosc-i1","30":"pa_grubosc-4mm","31":"pa_kamien-diamenty","32":"pa_kamien-rubin","33":"pa_kolor-biale","34":"pa_kruszec-zloto","35":"pa_proba-0-585","36":"pa_waga-100g-2","37":"pa_wymiary-4x10mm","39":"first","40":"instock","41":"purchasable","42":"product-type-simple"},"aioseo_notices":[],"_links":{"self":[{"href":"https:\/\/staviori.com.pl\/de\/wp-json\/wp\/v2\/product\/15798","targetHints":{"allow":["GET"]}}],"collection":[{"href":"https:\/\/staviori.com.pl\/de\/wp-json\/wp\/v2\/product"}],"about":[{"href":"https:\/\/staviori.com.pl\/de\/wp-json\/wp\/v2\/types\/product"}],"replies":[{"embeddable":true,"href":"https:\/\/staviori.com.pl\/de\/wp-json\/wp\/v2\/comments?post=15798"}],"wp:featuredmedia":[{"embeddable":true,"href":"https:\/\/staviori.com.pl\/de\/wp-json\/wp\/v2\/media\/21636"}],"wp:attachment":[{"href":"https:\/\/staviori.com.pl\/de\/wp-json\/wp\/v2\/media?parent=15798"}],"wp:term":[{"taxonomy":"product_brand","embeddable":true,"href":"https:\/\/staviori.com.pl\/de\/wp-json\/wp\/v2\/product_brand?post=15798"},{"taxonomy":"product_cat","embeddable":true,"href":"https:\/\/staviori.com.pl\/de\/wp-json\/wp\/v2\/product_cat?post=15798"},{"taxonomy":"product_tag","embeddable":true,"href":"https:\/\/staviori.com.pl\/de\/wp-json\/wp\/v2\/product_tag?post=15798"}],"curies":[{"name":"wp","href":"https:\/\/api.w.org\/{rel}","templated":true}]}}