{"id":15794,"date":"2025-02-24T22:49:51","date_gmt":"2025-02-24T21:49:51","guid":{"rendered":"https:\/\/staviori.com.pl\/product\/wisiorek-z-brylantem-wbd3178b\/"},"modified":"2026-02-11T00:09:31","modified_gmt":"2026-02-10T23:09:31","slug":"wisiorek-z-brylantem-wbd3178b","status":"publish","type":"product","link":"https:\/\/staviori.com.pl\/de\/product\/wisiorek-z-brylantem-wbd3178b\/","title":{"rendered":"Exklusiver Anh\u00e4nger mit schwarzem Diamanten aus 18 Karat Wei\u00dfgold"},"content":{"rendered":"<p>Model: WBD3178B<br \/>\nGewicht ca. 0,60g<\/p>\n<p>Anh\u00e4nger.<br \/>\nWei\u00dfgold 0,750.<br \/>\n1 Diament, kolor czarny, szlif brylantowy, o masie 0,40ct.<\/p>\n<p>D\u0142ugo\u015b\u0107 11 mm.<br \/>\n\u015arednica korony ok. 6 mm.<br \/>\n5 mm dick.<\/p>\n<p>Mephisto&#8230; Unikalne po\u0142\u0105czenie bia\u0142ego z\u0142ota z czarnym naturalnym brylantem. Daj si\u0119 skusi\u0107 doskona\u0142ej formie mrocznego przedmiotu po\u017c\u0105dania.<\/p>\n<p>W przypadku braku na magazynie &#8211; produkt na zam\u00f3wienie. Termin realizacji oko\u0142o 4-5 tygodni.<\/p>","protected":false},"excerpt":{"rendered":"<p>Elegancki wisiorek Staviori z czarnym diamentem o masie 0,40 ct to kwintesencja tajemniczego uroku i luksusu. Wykonany z 18-karatowego bia\u0142ego z\u0142ota, zachwyca subteln\u0105 form\u0105 i kontrastem g\u0142\u0119bokiej czerni kamienia z jasnym blaskiem oprawy. Idealny wyb\u00f3r dla kobiet, kt\u00f3re ceni\u0105 nowoczesn\u0105 elegancj\u0119 i wyj\u0105tkowy styl. Ten wisiorek doskonale podkre\u015bli dekolt, dodaj\u0105c stylizacji nuty zmys\u0142owo\u015bci i klasy.<\/p>","protected":false},"featured_media":8241,"comment_status":"closed","ping_status":"closed","template":"","meta":{"om_disable_all_campaigns":false},"product_brand":[2284],"product_cat":[1803,1838,2242,6719,729],"product_tag":[6716,2337,2769,6126,2405,6718,6120,6717,2280,6715,6183,3724,5032,6125],"class_list":{"0":"post-15794","1":"product","2":"type-product","3":"status-publish","4":"has-post-thumbnail","6":"product_brand-staviori","7":"product_cat-brylanty-exclusive","8":"product_cat-diamenty","9":"product_cat-wisiorek-z-brylantem","10":"product_cat-wisiorki-brylanty-exclusive","11":"product_cat-wisiorki","12":"product_tag-18k-white-gold","13":"product_tag-2337","14":"product_tag-bizuteria-z-bialego-zlota","15":"product_tag-black-diamond-pendant","16":"product_tag-czarne-zloto","17":"product_tag-damen-schmuck","18":"product_tag-diamond-jewelry","19":"product_tag-elegant-pendant","20":"product_tag-luksusowa-bizuteria","21":"product_tag-privesek-s-cernym-diamantem","22":"product_tag-schwarzer-diamant","23":"product_tag-staviori","24":"product_tag-white-gold-jewelry","25":"product_tag-wisiorek-z-czarnym-diamentem","26":"pa_dlugosc-11mm","27":"pa_kamien-czarny-diament","28":"pa_kolor-biale","29":"pa_kruszec-zloto","30":"pa_proba-0-750","31":"pa_srednica-korony-ok-6mm","32":"pa_waga-060g","34":"first","35":"instock","36":"purchasable","37":"product-type-simple"},"aioseo_notices":[],"_links":{"self":[{"href":"https:\/\/staviori.com.pl\/de\/wp-json\/wp\/v2\/product\/15794","targetHints":{"allow":["GET"]}}],"collection":[{"href":"https:\/\/staviori.com.pl\/de\/wp-json\/wp\/v2\/product"}],"about":[{"href":"https:\/\/staviori.com.pl\/de\/wp-json\/wp\/v2\/types\/product"}],"replies":[{"embeddable":true,"href":"https:\/\/staviori.com.pl\/de\/wp-json\/wp\/v2\/comments?post=15794"}],"wp:featuredmedia":[{"embeddable":true,"href":"https:\/\/staviori.com.pl\/de\/wp-json\/wp\/v2\/media\/8241"}],"wp:attachment":[{"href":"https:\/\/staviori.com.pl\/de\/wp-json\/wp\/v2\/media?parent=15794"}],"wp:term":[{"taxonomy":"product_brand","embeddable":true,"href":"https:\/\/staviori.com.pl\/de\/wp-json\/wp\/v2\/product_brand?post=15794"},{"taxonomy":"product_cat","embeddable":true,"href":"https:\/\/staviori.com.pl\/de\/wp-json\/wp\/v2\/product_cat?post=15794"},{"taxonomy":"product_tag","embeddable":true,"href":"https:\/\/staviori.com.pl\/de\/wp-json\/wp\/v2\/product_tag?post=15794"}],"curies":[{"name":"wp","href":"https:\/\/api.w.org\/{rel}","templated":true}]}}