{"id":15786,"date":"2025-02-24T22:49:51","date_gmt":"2025-02-24T21:49:51","guid":{"rendered":"https:\/\/staviori.com.pl\/product\/wisiorek-z-brylantem-wbd2708\/"},"modified":"2026-02-11T00:09:31","modified_gmt":"2026-02-10T23:09:31","slug":"wisiorek-z-brylantem-wbd2708","status":"publish","type":"product","link":"https:\/\/staviori.com.pl\/de\/product\/wisiorek-z-brylantem-wbd2708\/","title":{"rendered":"Diamant-Anh\u00e4nger Wei\u00dfgold 0,585"},"content":{"rendered":"<p>Model: WBD2708<br \/>\nWaga ok. 0,72g<\/p>\n<p>Anh\u00e4nger.<br \/>\nWei\u00dfgold 0,585.<br \/>\n9 Diament\u00f3w, szlif brylantowy, o masie 0,056ct, barwa H, czysto\u015b\u0107 I1.<\/p>\n<p>Wymiary 3.5&#215;18 mm.<\/p>","protected":false},"excerpt":{"rendered":"<p>Subtelny wisiorek Staviori wykonany z bia\u0142ego z\u0142ota 0,585, ozdobiony dziewi\u0119cioma l\u015bni\u0105cymi diamentami o szlifie brylantowym. Smuk\u0142a, delikatnie zw\u0119\u017caj\u0105ca si\u0119 forma nadaje mu nowoczesny charakter i elegancj\u0119. Idealny wyb\u00f3r dla kobiet ceni\u0105cych klasyk\u0119 w po\u0142\u0105czeniu z minimalistycznym stylem. Pi\u0119knie prezentuje si\u0119 zar\u00f3wno solo, jak i w zestawie z kolczykami z tej samej kolekcji.<\/p>","protected":false},"featured_media":21631,"comment_status":"closed","ping_status":"closed","template":"","meta":{"om_disable_all_campaigns":false},"product_brand":[2284],"product_cat":[1838,2242,729],"product_tag":[4396,2308,5655,3831,6710,3334,2384,6114,3724,6704,6180,4442,4387],"class_list":{"0":"post-15786","1":"product","2":"type-product","3":"status-publish","4":"has-post-thumbnail","6":"product_brand-staviori","7":"product_cat-diamenty","8":"product_cat-wisiorek-z-brylantem","9":"product_cat-wisiorki","10":"product_tag-4396","11":"product_tag-biale-zloto","12":"product_tag-diamond-pendant","13":"product_tag-elegant-jewelry","14":"product_tag-fine-jewellery","15":"product_tag-klasyczny-styl","16":"product_tag-minimalistyczna-bizuteria","17":"product_tag-privesek-s-diamanty","18":"product_tag-staviori","19":"product_tag-weisgold-anhanger","20":"product_tag-white-gold-pendant","21":"product_tag-wisiorek-z-diamentami","22":"product_tag-zloto-0","23":"pa_barwa-h-2","24":"pa_czystosc-i1","25":"pa_kamien-diament","26":"pa_kolor-biale","27":"pa_kruszec-zloto","28":"pa_proba-0-585","29":"pa_waga-072g","30":"pa_wymiary-3-5x18mm","32":"first","33":"instock","34":"purchasable","35":"product-type-simple"},"aioseo_notices":[],"_links":{"self":[{"href":"https:\/\/staviori.com.pl\/de\/wp-json\/wp\/v2\/product\/15786","targetHints":{"allow":["GET"]}}],"collection":[{"href":"https:\/\/staviori.com.pl\/de\/wp-json\/wp\/v2\/product"}],"about":[{"href":"https:\/\/staviori.com.pl\/de\/wp-json\/wp\/v2\/types\/product"}],"replies":[{"embeddable":true,"href":"https:\/\/staviori.com.pl\/de\/wp-json\/wp\/v2\/comments?post=15786"}],"wp:featuredmedia":[{"embeddable":true,"href":"https:\/\/staviori.com.pl\/de\/wp-json\/wp\/v2\/media\/21631"}],"wp:attachment":[{"href":"https:\/\/staviori.com.pl\/de\/wp-json\/wp\/v2\/media?parent=15786"}],"wp:term":[{"taxonomy":"product_brand","embeddable":true,"href":"https:\/\/staviori.com.pl\/de\/wp-json\/wp\/v2\/product_brand?post=15786"},{"taxonomy":"product_cat","embeddable":true,"href":"https:\/\/staviori.com.pl\/de\/wp-json\/wp\/v2\/product_cat?post=15786"},{"taxonomy":"product_tag","embeddable":true,"href":"https:\/\/staviori.com.pl\/de\/wp-json\/wp\/v2\/product_tag?post=15786"}],"curies":[{"name":"wp","href":"https:\/\/api.w.org\/{rel}","templated":true}]}}