{"id":15783,"date":"2025-02-24T22:49:51","date_gmt":"2025-02-24T21:49:51","guid":{"rendered":"https:\/\/staviori.com.pl\/product\/wisiorek-z-brylantem-wbd1923s\/"},"modified":"2026-02-11T00:09:31","modified_gmt":"2026-02-10T23:09:31","slug":"wisiorek-z-brylantem-wbd1923s","status":"publish","type":"product","link":"https:\/\/staviori.com.pl\/de\/product\/wisiorek-z-brylantem-wbd1923s\/","title":{"rendered":"Wei\u00dfgold-Anh\u00e4nger mit Saphir und Diamant"},"content":{"rendered":"<p>Model: WBD1923S<br \/>\nWaga ok. 0,57g<\/p>\n<p>Anh\u00e4nger.<br \/>\nWei\u00dfgold 0,585.<br \/>\n1 Diament, szlif brylantowy, o masie 0,03ct, barwa H, czysto\u015b\u0107 I1.<br \/>\n1 Szafir, o masie 0,60ct.<\/p>\n<p>Wymiary 4&#215;14 mm.<\/p>","protected":false},"excerpt":{"rendered":"<p>Subtelny wisiorek Staviori wykonany z bia\u0142ego z\u0142ota pr\u00f3by 0,585. Delikatny diament o masie 0,03 ct pi\u0119knie podkre\u015bla blask szafiru o g\u0142\u0119bokiej, niebieskiej barwie. Klasyczne, eleganckie po\u0142\u0105czenie szlachetnych kamieni i z\u0142ota, kt\u00f3re zachwyca swoj\u0105 prostot\u0105 i ponadczasowym wdzi\u0119kiem. Idealny wyb\u00f3r dla kobiety ceni\u0105cej wyrafinowany styl i delikatny luksus.<\/p>","protected":false},"featured_media":21634,"comment_status":"closed","ping_status":"closed","template":"","meta":{"om_disable_all_campaigns":false},"product_brand":[2284],"product_cat":[1838,2242,729],"product_tag":[4396,6201,6111,2308,3722,5655,6709,6584,6110,4153,3777,4028,6299],"class_list":{"0":"post-15783","1":"product","2":"type-product","3":"status-publish","4":"has-post-thumbnail","6":"product_brand-staviori","7":"product_cat-diamenty","8":"product_cat-wisiorek-z-brylantem","9":"product_cat-wisiorki","10":"product_tag-4396","11":"product_tag-anhanger-mit-diamant","12":"product_tag-anhanger-mit-saphir","13":"product_tag-biale-zloto","14":"product_tag-diament","15":"product_tag-diamond-pendant","16":"product_tag-privesek-diamant","17":"product_tag-privesek-safir","18":"product_tag-sapphire-pendant","19":"product_tag-szafir","20":"product_tag-white-gold","21":"product_tag-wisiorek","22":"product_tag-zlato-585","23":"pa_barwa-h-2","24":"pa_czystosc-i1","25":"pa_kamien-brylant","26":"pa_kamien-szafir","27":"pa_kolor-biale","28":"pa_kruszec-zloto","29":"pa_proba-0-585","30":"pa_waga-055g","31":"pa_wymiary-4x14mm","33":"first","34":"instock","35":"purchasable","36":"product-type-simple"},"aioseo_notices":[],"_links":{"self":[{"href":"https:\/\/staviori.com.pl\/de\/wp-json\/wp\/v2\/product\/15783","targetHints":{"allow":["GET"]}}],"collection":[{"href":"https:\/\/staviori.com.pl\/de\/wp-json\/wp\/v2\/product"}],"about":[{"href":"https:\/\/staviori.com.pl\/de\/wp-json\/wp\/v2\/types\/product"}],"replies":[{"embeddable":true,"href":"https:\/\/staviori.com.pl\/de\/wp-json\/wp\/v2\/comments?post=15783"}],"wp:featuredmedia":[{"embeddable":true,"href":"https:\/\/staviori.com.pl\/de\/wp-json\/wp\/v2\/media\/21634"}],"wp:attachment":[{"href":"https:\/\/staviori.com.pl\/de\/wp-json\/wp\/v2\/media?parent=15783"}],"wp:term":[{"taxonomy":"product_brand","embeddable":true,"href":"https:\/\/staviori.com.pl\/de\/wp-json\/wp\/v2\/product_brand?post=15783"},{"taxonomy":"product_cat","embeddable":true,"href":"https:\/\/staviori.com.pl\/de\/wp-json\/wp\/v2\/product_cat?post=15783"},{"taxonomy":"product_tag","embeddable":true,"href":"https:\/\/staviori.com.pl\/de\/wp-json\/wp\/v2\/product_tag?post=15783"}],"curies":[{"name":"wp","href":"https:\/\/api.w.org\/{rel}","templated":true}]}}