{"id":15772,"date":"2025-02-24T22:49:46","date_gmt":"2025-02-24T21:49:46","guid":{"rendered":"https:\/\/staviori.com.pl\/product\/bizuteria-inwestycyjna-wisiorek-wbd1834\/"},"modified":"2026-02-11T00:09:31","modified_gmt":"2026-02-10T23:09:31","slug":"bizuteria-inwestycyjna-wisiorek-wbd1834","status":"publish","type":"product","link":"https:\/\/staviori.com.pl\/de\/product\/bizuteria-inwestycyjna-wisiorek-wbd1834\/","title":{"rendered":"Exklusive | Diamant-Kreuz-Anh\u00e4nger Wei\u00dfgold 750"},"content":{"rendered":"<p>Model: DDP0300<br \/>\nWaga ok. 4,40g<\/p>\n<p>Anh\u00e4nger.<br \/>\nKreuz.<br \/>\nWei\u00dfgold 0,750.<br \/>\n28 Diament\u00f3w, szlif brylantowy, o masie 0,76ct, barwa G-H, czysto\u015b\u0107 SI1.<br \/>\nD\u0142ugo\u015b\u0107 35 mm.<\/p>\n<p>Produkt nur auf Anfrage erh\u00e4ltlich, Vorlaufzeit ca. 5 Wochen.<\/p>","protected":false},"excerpt":{"rendered":"<p>Elegancki wisiorek w kszta\u0142cie krzy\u017ca, wykonany z 18-karatowego bia\u0142ego z\u0142ota. Delikatna, a\u017curowa forma ozdobiona 28 brylantami o \u0142\u0105cznej masie 0,76 ct zachwyca blaskiem i finezj\u0105 detali. Subtelne zdobienia nadaj\u0105 mu wyj\u0105tkowego charakteru, \u0142\u0105cz\u0105c klasyk\u0119 z nut\u0105 nowoczesno\u015bci. To symboliczna i jednocze\u015bnie luksusowa ozdoba, kt\u00f3ra podkre\u015bli ka\u017cd\u0105 stylizacj\u0119.<\/p>","protected":false},"featured_media":8074,"comment_status":"closed","ping_status":"closed","template":"","meta":{"om_disable_all_campaigns":false},"product_brand":[2284],"product_cat":[1803,6719,729],"product_tag":[2337,6162,4430,6198,6191,6192,6196,6194,6199,6195,6190,6200,6197,6141,6193],"class_list":{"0":"post-15772","1":"product","2":"type-product","3":"status-publish","4":"has-post-thumbnail","6":"product_brand-staviori","7":"product_cat-brylanty-exclusive","8":"product_cat-wisiorki-brylanty-exclusive","9":"product_cat-wisiorki","10":"product_tag-2337","11":"product_tag-biale-zloto-0","12":"product_tag-bizuteria-sakralna","13":"product_tag-cross-pendant-with-diamonds","14":"product_tag-ddp0300","15":"product_tag-diamentowy-krzyzyk","16":"product_tag-diamond-cross-pendant","17":"product_tag-elegancki-krzyzyk","18":"product_tag-krizek-s-diamanty","19":"product_tag-krzyzyk-z-bialego-zlota","20":"product_tag-wbd1834","21":"product_tag-weisgold-kreuz-anhanger","22":"product_tag-white-gold-cross","23":"product_tag-wisiorek-krzyzyk","24":"product_tag-wisiorek-z-brylantami","25":"pa_barwa-g-h","26":"pa_czystosc-si1","27":"pa_dlugosc-35mm","28":"pa_dostawca-draco","29":"pa_kamien-brylanty","30":"pa_kolor-biale","31":"pa_kruszec-zloto","32":"pa_motyw-krzyzyk","33":"pa_proba-0-750","34":"pa_waga-440g","36":"first","37":"onbackorder","38":"purchasable","39":"product-type-simple"},"aioseo_notices":[],"_links":{"self":[{"href":"https:\/\/staviori.com.pl\/de\/wp-json\/wp\/v2\/product\/15772","targetHints":{"allow":["GET"]}}],"collection":[{"href":"https:\/\/staviori.com.pl\/de\/wp-json\/wp\/v2\/product"}],"about":[{"href":"https:\/\/staviori.com.pl\/de\/wp-json\/wp\/v2\/types\/product"}],"replies":[{"embeddable":true,"href":"https:\/\/staviori.com.pl\/de\/wp-json\/wp\/v2\/comments?post=15772"}],"wp:featuredmedia":[{"embeddable":true,"href":"https:\/\/staviori.com.pl\/de\/wp-json\/wp\/v2\/media\/8074"}],"wp:attachment":[{"href":"https:\/\/staviori.com.pl\/de\/wp-json\/wp\/v2\/media?parent=15772"}],"wp:term":[{"taxonomy":"product_brand","embeddable":true,"href":"https:\/\/staviori.com.pl\/de\/wp-json\/wp\/v2\/product_brand?post=15772"},{"taxonomy":"product_cat","embeddable":true,"href":"https:\/\/staviori.com.pl\/de\/wp-json\/wp\/v2\/product_cat?post=15772"},{"taxonomy":"product_tag","embeddable":true,"href":"https:\/\/staviori.com.pl\/de\/wp-json\/wp\/v2\/product_tag?post=15772"}],"curies":[{"name":"wp","href":"https:\/\/api.w.org\/{rel}","templated":true}]}}