{"id":15770,"date":"2025-02-24T22:49:46","date_gmt":"2025-02-24T21:49:46","guid":{"rendered":"https:\/\/staviori.com.pl\/product\/bizuteria-inwestycyjna-wisiorek-wbd1818\/"},"modified":"2026-02-11T00:09:31","modified_gmt":"2026-02-10T23:09:31","slug":"bizuteria-inwestycyjna-wisiorek-wbd1818","status":"publish","type":"product","link":"https:\/\/staviori.com.pl\/de\/product\/bizuteria-inwestycyjna-wisiorek-wbd1818\/","title":{"rendered":"Exklusiver | ungew\u00f6hnlicher B\u00fcffelkopf-Anh\u00e4nger - mit Diamanten und Onyx"},"content":{"rendered":"<p>Modell: DSP0383<br \/>\nGewicht ca. 18,50g<\/p>\n<p>Anh\u00e4nger.<br \/>\nWei\u00dfgold 0,750.<br \/>\n744 Diamanten, Brillantschliff, Gewicht 2,42ct, Farbe G-H, Reinheit SI1.<br \/>\nOnyx.<\/p>\n<p>Abmessungen 17\u00d720 mm.<\/p>\n<p>Produkt nur auf Anfrage erh\u00e4ltlich, Lieferzeit ca. 5 Wochen.<\/p>","protected":false},"excerpt":{"rendered":"<p>Ein au\u00dfergew\u00f6hnlicher Stiersch\u00e4del-Anh\u00e4nger aus 18 Karat Wei\u00dfgold, besetzt mit bis zu 744 Diamanten mit einem Gesamtgewicht von 2,42 Karat. Die funkelnden Diamanten kontrastieren wundersch\u00f6n mit dem schwarzen Onyxhorn und schaffen ein Schmuckst\u00fcck voller Charakter und Symbolik. Es handelt sich um ein \u00e4u\u00dferst auff\u00e4lliges Modell, das die Aufmerksamkeit auf sich zieht und einen starken Akzent in jedem Styling setzt.<\/p>","protected":false},"featured_media":8069,"comment_status":"closed","ping_status":"closed","template":"","meta":{"om_disable_all_campaigns":false},"product_brand":[2284],"product_cat":[1803,729,6719],"product_tag":[6112,2658,6188,2296,5655,6185,2368,5685,6187,6156,6189,6186,6180,4028],"class_list":{"0":"post-15770","1":"product","2":"type-product","3":"status-publish","4":"has-post-thumbnail","6":"product_brand-staviori","7":"product_cat-brylanty-exclusive","8":"product_cat-wisiorki","9":"product_cat-wisiorki-brylanty-exclusive","10":"product_tag-anhanger-mit-diamanten","11":"product_tag-biale-zloto-750","12":"product_tag-bile-zlato-privesek","13":"product_tag-diamenty","14":"product_tag-diamond-pendant","15":"product_tag-dsp0383","16":"product_tag-onyks","17":"product_tag-onyx-jewelry","18":"product_tag-onyx-schmuck","19":"product_tag-sperk-s-diamanty","20":"product_tag-sperk-s-onyxem","21":"product_tag-wbd1818","22":"product_tag-white-gold-pendant","23":"product_tag-wisiorek","24":"pa_barwa-g-h","25":"pa_czystosc-si1","26":"pa_dostawca-draco","27":"pa_kamien-brylanty","28":"pa_kamien-onyks","29":"pa_kolor-biale","30":"pa_kruszec-zloto","31":"pa_proba-0-750","32":"pa_waga-1850g","33":"pa_wymiary-17x20mm","35":"first","36":"onbackorder","37":"purchasable","38":"product-type-simple"},"aioseo_notices":[],"_links":{"self":[{"href":"https:\/\/staviori.com.pl\/de\/wp-json\/wp\/v2\/product\/15770","targetHints":{"allow":["GET"]}}],"collection":[{"href":"https:\/\/staviori.com.pl\/de\/wp-json\/wp\/v2\/product"}],"about":[{"href":"https:\/\/staviori.com.pl\/de\/wp-json\/wp\/v2\/types\/product"}],"replies":[{"embeddable":true,"href":"https:\/\/staviori.com.pl\/de\/wp-json\/wp\/v2\/comments?post=15770"}],"wp:featuredmedia":[{"embeddable":true,"href":"https:\/\/staviori.com.pl\/de\/wp-json\/wp\/v2\/media\/8069"}],"wp:attachment":[{"href":"https:\/\/staviori.com.pl\/de\/wp-json\/wp\/v2\/media?parent=15770"}],"wp:term":[{"taxonomy":"product_brand","embeddable":true,"href":"https:\/\/staviori.com.pl\/de\/wp-json\/wp\/v2\/product_brand?post=15770"},{"taxonomy":"product_cat","embeddable":true,"href":"https:\/\/staviori.com.pl\/de\/wp-json\/wp\/v2\/product_cat?post=15770"},{"taxonomy":"product_tag","embeddable":true,"href":"https:\/\/staviori.com.pl\/de\/wp-json\/wp\/v2\/product_tag?post=15770"}],"curies":[{"name":"wp","href":"https:\/\/api.w.org\/{rel}","templated":true}]}}