{"id":15768,"date":"2025-02-24T22:49:46","date_gmt":"2025-02-24T21:49:46","guid":{"rendered":"https:\/\/staviori.com.pl\/product\/bizuteria-inwestycyjna-wisiorek-wbd1796\/"},"modified":"2026-02-11T00:09:31","modified_gmt":"2026-02-10T23:09:31","slug":"bizuteria-inwestycyjna-wisiorek-wbd1796","status":"publish","type":"product","link":"https:\/\/staviori.com.pl\/de\/product\/bizuteria-inwestycyjna-wisiorek-wbd1796\/","title":{"rendered":"Exklusive | Goldfisch mit Diamanten aus 18 Karat Wei\u00dfgold"},"content":{"rendered":"<p>Model: DDN0404<br \/>\nWaga ok. 18,00g<\/p>\n<p>Anh\u00e4nger.<br \/>\nWei\u00dfgold 0,750.<br \/>\n515 Diament\u00f3w, szlif brylantowy, o masie 5,14ct, barwa G-H, czysto\u015b\u0107 SI1.<br \/>\n1 Diament, kolor czarny, szlif brylantowy, o masie 0,04ct.<\/p>\n<p>Wymiary 23.5&#215;24 mm.<br \/>\nGrubo\u015b\u0107 12 mm.<\/p>\n<p>Produkt dost\u0119pny wy\u0142\u0105cznie na zam\u00f3wienie w dowolnym kolorze z\u0142ota &#8211; czas realizacji ok. 5 tygodni<\/p>","protected":false},"excerpt":{"rendered":"<p>Zjawiskowy wisiorek wykonany z 18-karatowego bia\u0142ego z\u0142ota, ol\u015bniewaj\u0105co wysadzany a\u017c 515 diamentami o \u0142\u0105cznej masie 5,14 ct. Centralnym akcentem jest czarny diament, kt\u00f3ry podkre\u015bla wyj\u0105tkowy charakter kompozycji. Bogactwo blasku i misternie dopracowane detale sprawiaj\u0105, \u017ce to bi\u017cuteria pe\u0142na elegancji i luksusu, idealna dla mi\u0142o\u015bniczek unikatowych klejnot\u00f3w.<\/p>","protected":false},"featured_media":21346,"comment_status":"closed","ping_status":"closed","template":"","meta":{"om_disable_all_campaigns":false},"product_brand":[2284],"product_cat":[1803,6719,729],"product_tag":[6181,6178,6121,5655,2317,4500,6182,6114,6183,6184,5668,6180,6179,6125,4442],"class_list":{"0":"post-15768","1":"product","2":"type-product","3":"status-publish","4":"has-post-thumbnail","6":"product_brand-staviori","7":"product_cat-brylanty-exclusive","8":"product_cat-wisiorki-brylanty-exclusive","9":"product_cat-wisiorki","10":"product_tag-black-diamond-jewelry","11":"product_tag-ddn0404","12":"product_tag-diamanten-anhanger","13":"product_tag-diamond-pendant","14":"product_tag-elegancka-bizuteria","15":"product_tag-luksusowy-wisiorek","16":"product_tag-privesek-bile-zlato","17":"product_tag-privesek-s-diamanty","18":"product_tag-schwarzer-diamant","19":"product_tag-wbd1796","20":"product_tag-weisgold-750","21":"product_tag-white-gold-pendant","22":"product_tag-wisiorek-biale-zloto-750","23":"product_tag-wisiorek-z-czarnym-diamentem","24":"product_tag-wisiorek-z-diamentami","25":"pa_barwa-g-h","26":"pa_czystosc-si1","27":"pa_dostawca-draco","28":"pa_grubosc-12mm","29":"pa_kamien-brylanty","30":"pa_kamien-czarny-diament","31":"pa_kolor-biale","32":"pa_kruszec-zloto","33":"pa_motyw-zlota-rybka","34":"pa_proba-0-750","35":"pa_rozmiar-cm","36":"pa_waga-18-00g","37":"pa_wymiary-23-5x24mm","39":"first","40":"onbackorder","41":"purchasable","42":"product-type-simple"},"aioseo_notices":[],"_links":{"self":[{"href":"https:\/\/staviori.com.pl\/de\/wp-json\/wp\/v2\/product\/15768","targetHints":{"allow":["GET"]}}],"collection":[{"href":"https:\/\/staviori.com.pl\/de\/wp-json\/wp\/v2\/product"}],"about":[{"href":"https:\/\/staviori.com.pl\/de\/wp-json\/wp\/v2\/types\/product"}],"replies":[{"embeddable":true,"href":"https:\/\/staviori.com.pl\/de\/wp-json\/wp\/v2\/comments?post=15768"}],"wp:featuredmedia":[{"embeddable":true,"href":"https:\/\/staviori.com.pl\/de\/wp-json\/wp\/v2\/media\/21346"}],"wp:attachment":[{"href":"https:\/\/staviori.com.pl\/de\/wp-json\/wp\/v2\/media?parent=15768"}],"wp:term":[{"taxonomy":"product_brand","embeddable":true,"href":"https:\/\/staviori.com.pl\/de\/wp-json\/wp\/v2\/product_brand?post=15768"},{"taxonomy":"product_cat","embeddable":true,"href":"https:\/\/staviori.com.pl\/de\/wp-json\/wp\/v2\/product_cat?post=15768"},{"taxonomy":"product_tag","embeddable":true,"href":"https:\/\/staviori.com.pl\/de\/wp-json\/wp\/v2\/product_tag?post=15768"}],"curies":[{"name":"wp","href":"https:\/\/api.w.org\/{rel}","templated":true}]}}