{"id":15763,"date":"2025-02-24T22:49:46","date_gmt":"2025-02-24T21:49:46","guid":{"rendered":"https:\/\/staviori.com.pl\/product\/bizuteria-inwestycyjna-wisiorek-wbd1654\/"},"modified":"2026-02-11T00:09:30","modified_gmt":"2026-02-10T23:09:30","slug":"bizuteria-inwestycyjna-wisiorek-wbd1654","status":"publish","type":"product","link":"https:\/\/staviori.com.pl\/de\/product\/bizuteria-inwestycyjna-wisiorek-wbd1654\/","title":{"rendered":"Exklusiver Panda-Anh\u00e4nger mit Diamanten und Onyx aus 18 Karat Gold"},"content":{"rendered":"<p>Model: DDN0306<br \/>\nWaga ok. 13,00g<\/p>\n<p>Anh\u00e4nger.<br \/>\nWei\u00dfgold 0,750.<br \/>\n160 Diament\u00f3w, szlif brylantowy, o masie 1,35ct, barwa G-H, czysto\u015b\u0107 SI1.<br \/>\n96 Diament\u00f3w, kolor czarny, szlif brylantowy, o masie 1,46ct.<br \/>\nOnyks, o masie 1,60ct.<\/p>\n<p>Wymiary 19&#215;25 mm.<br \/>\nGrubo\u015b\u0107 10 mm.<\/p>\n<p>Produkt nur auf Anfrage erh\u00e4ltlich, Vorlaufzeit ca. 5 Wochen.<\/p>","protected":false},"excerpt":{"rendered":"<p>Zachwycaj\u0105cy wisiorek w kszta\u0142cie uroczej pandy, wykonany z 18-karatowego bia\u0142ego z\u0142ota. Ca\u0142o\u015b\u0107 zosta\u0142a misternie ozdobiona 160 l\u015bni\u0105cymi diamentami o \u0142\u0105cznej masie 1,35 ct oraz 96 czarnymi diamentami o masie 1,46 ct, kt\u00f3re tworz\u0105 charakterystyczny kontrast futerka. Dope\u0142nieniem projektu jest onyks o masie 1,60 ct, kt\u00f3ry panda trzyma w \u0142apkach, nadaj\u0105c ca\u0142o\u015bci wyj\u0105tkowego uroku. Bi\u017cuteria pe\u0142na blasku, symbolizuj\u0105ca delikatno\u015b\u0107 i si\u0142\u0119, doskona\u0142a dla os\u00f3b ceni\u0105cych unikatowe wzornictwo i luksus.<\/p>","protected":false},"featured_media":8020,"comment_status":"closed","ping_status":"closed","template":"","meta":{"om_disable_all_campaigns":false},"product_brand":[2284],"product_cat":[1803,729,6719],"product_tag":[2337,6161,6155,6162,5051,2326,6151,6120,6152,6159,6154,6160,6157,6156,6163,5047,6153,6158],"class_list":{"0":"post-15763","1":"product","2":"type-product","3":"status-publish","4":"has-post-thumbnail","6":"product_brand-staviori","7":"product_cat-brylanty-exclusive","8":"product_cat-wisiorki","9":"product_cat-wisiorki-brylanty-exclusive","10":"product_tag-2337","11":"product_tag-anhanger-mit-onyx","12":"product_tag-anhanger-panda","13":"product_tag-biale-zloto-0","14":"product_tag-bile-zlato-18k","15":"product_tag-bizuteria-z-diamentami","16":"product_tag-ddn0306","17":"product_tag-diamond-jewelry","18":"product_tag-panda-pendant","19":"product_tag-pendant-with-onyx","20":"product_tag-privesek-panda","21":"product_tag-privesek-s-onyxem","22":"product_tag-schmuck-mit-diamanten","23":"product_tag-sperk-s-diamanty","24":"product_tag-weisgold-18k","25":"product_tag-white-gold-18k","26":"product_tag-wisiorek-panda","27":"product_tag-wisiorek-z-onyksami","28":"pa_barwa-g-h","29":"pa_czystosc-si1","30":"pa_dostawca-draco","31":"pa_grubosc-10mm","32":"pa_kamien-brylanty","33":"pa_kamien-czarne-diamenty","34":"pa_kamien-onyks","35":"pa_kolor-biale","36":"pa_kruszec-zloto","37":"pa_motyw-mis","38":"pa_motyw-panda","39":"pa_proba-0-750","40":"pa_waga-1290g","41":"pa_wymiary-19x25mm","43":"first","44":"onbackorder","45":"purchasable","46":"product-type-simple"},"aioseo_notices":[],"_links":{"self":[{"href":"https:\/\/staviori.com.pl\/de\/wp-json\/wp\/v2\/product\/15763","targetHints":{"allow":["GET"]}}],"collection":[{"href":"https:\/\/staviori.com.pl\/de\/wp-json\/wp\/v2\/product"}],"about":[{"href":"https:\/\/staviori.com.pl\/de\/wp-json\/wp\/v2\/types\/product"}],"replies":[{"embeddable":true,"href":"https:\/\/staviori.com.pl\/de\/wp-json\/wp\/v2\/comments?post=15763"}],"wp:featuredmedia":[{"embeddable":true,"href":"https:\/\/staviori.com.pl\/de\/wp-json\/wp\/v2\/media\/8020"}],"wp:attachment":[{"href":"https:\/\/staviori.com.pl\/de\/wp-json\/wp\/v2\/media?parent=15763"}],"wp:term":[{"taxonomy":"product_brand","embeddable":true,"href":"https:\/\/staviori.com.pl\/de\/wp-json\/wp\/v2\/product_brand?post=15763"},{"taxonomy":"product_cat","embeddable":true,"href":"https:\/\/staviori.com.pl\/de\/wp-json\/wp\/v2\/product_cat?post=15763"},{"taxonomy":"product_tag","embeddable":true,"href":"https:\/\/staviori.com.pl\/de\/wp-json\/wp\/v2\/product_tag?post=15763"}],"curies":[{"name":"wp","href":"https:\/\/api.w.org\/{rel}","templated":true}]}}