{"id":15760,"date":"2025-02-24T22:49:46","date_gmt":"2025-02-24T21:49:46","guid":{"rendered":"https:\/\/staviori.com.pl\/product\/bizuteria-inwestycyjna-wisiorek-wbd1651s\/"},"modified":"2026-02-11T00:09:30","modified_gmt":"2026-02-10T23:09:30","slug":"bizuteria-inwestycyjna-wisiorek-wbd1651s","status":"publish","type":"product","link":"https:\/\/staviori.com.pl\/de\/product\/bizuteria-inwestycyjna-wisiorek-wbd1651s\/","title":{"rendered":"Exklusiver Kreuzanh\u00e4nger mit Saphiren und Diamanten aus Wei\u00dfgold 0.750"},"content":{"rendered":"<p>Model: WBD1651S<br \/>\nWaga ok. 2,53g<\/p>\n<p>Anh\u00e4nger.<br \/>\nKreuz.<br \/>\nWei\u00dfgold 0,750.<br \/>\n52 Diamenty, szlif brylantowy, o masie 0,52ct, barwa G-H, czysto\u015b\u0107 SI1.<br \/>\n22 Szafiry, o masie 0,66ct.<\/p>\n<p>Abmessungen 24,5\u00d716 mm.<br \/>\nDicke 2,5 mm.<br \/>\nProdukt nur auf Anfrage erh\u00e4ltlich, Vorlaufzeit ca. 5 Wochen.<\/p>","protected":false},"excerpt":{"rendered":"<p>Elegancki wisiorek w formie krzy\u017cyka wykonany z bia\u0142ego z\u0142ota pr\u00f3by 0,750. Centraln\u0105 cz\u0119\u015b\u0107 zdobi\u0105 g\u0142\u0119bokoniebieskie szafiry, kt\u00f3re pi\u0119knie kontrastuj\u0105 z ol\u015bniewaj\u0105c\u0105 opraw\u0105 52 diament\u00f3w o \u0142\u0105cznej masie 0,52 ct. Subtelny, a jednocze\u015bnie wyrazisty wz\u00f3r sprawia, \u017ce ten wisiorek jest wyj\u0105tkowym symbolem wiary, elegancji i luksusu. Idealny wyb\u00f3r dla os\u00f3b ceni\u0105cych klasyczne pi\u0119kno w nowoczesnym wydaniu.<\/p>","protected":false},"featured_media":8002,"comment_status":"closed","ping_status":"closed","template":"","meta":{"om_disable_all_campaigns":false},"product_brand":[2284],"product_cat":[1803,729,6719],"product_tag":[2658,6142,6140,6146,6144,6136,6147,6145,6148,2657,6132,6141,4442,6143,3723,4381],"class_list":{"0":"post-15760","1":"product","2":"type-product","3":"status-publish","4":"has-post-thumbnail","6":"product_brand-staviori","7":"product_cat-brylanty-exclusive","8":"product_cat-wisiorki","9":"product_cat-wisiorki-brylanty-exclusive","10":"product_tag-biale-zloto-750","11":"product_tag-bialy-krzyzyk","12":"product_tag-dsp0483s","13":"product_tag-kreuzanhanger","14":"product_tag-pendant-cross","15":"product_tag-privesek-krizek","16":"product_tag-saphir-diamant-schmuck","17":"product_tag-sapphire-diamond-pendant","18":"product_tag-sperky-safiry-diamanty","19":"product_tag-szafiry-i-diamenty","20":"product_tag-wbd1651s","21":"product_tag-wisiorek-krzyzyk","22":"product_tag-wisiorek-z-diamentami","23":"product_tag-wisiorek-z-szafirami","24":"product_tag-zlota-bizuteria","25":"product_tag-zloty-krzyzyk","26":"pa_barwa-g-h","27":"pa_czystosc-si1","28":"pa_dostawca-draco","29":"pa_grubosc-2-5mm","30":"pa_kamien-brylanty","31":"pa_kamien-szafiry-naturalne","32":"pa_kolor-biale","33":"pa_kruszec-zloto","34":"pa_motyw-krzyzyk","35":"pa_proba-0-750","36":"pa_waga-250g","37":"pa_wymiary-24-5x16mm","39":"first","40":"onbackorder","41":"purchasable","42":"product-type-simple"},"aioseo_notices":[],"_links":{"self":[{"href":"https:\/\/staviori.com.pl\/de\/wp-json\/wp\/v2\/product\/15760","targetHints":{"allow":["GET"]}}],"collection":[{"href":"https:\/\/staviori.com.pl\/de\/wp-json\/wp\/v2\/product"}],"about":[{"href":"https:\/\/staviori.com.pl\/de\/wp-json\/wp\/v2\/types\/product"}],"replies":[{"embeddable":true,"href":"https:\/\/staviori.com.pl\/de\/wp-json\/wp\/v2\/comments?post=15760"}],"wp:featuredmedia":[{"embeddable":true,"href":"https:\/\/staviori.com.pl\/de\/wp-json\/wp\/v2\/media\/8002"}],"wp:attachment":[{"href":"https:\/\/staviori.com.pl\/de\/wp-json\/wp\/v2\/media?parent=15760"}],"wp:term":[{"taxonomy":"product_brand","embeddable":true,"href":"https:\/\/staviori.com.pl\/de\/wp-json\/wp\/v2\/product_brand?post=15760"},{"taxonomy":"product_cat","embeddable":true,"href":"https:\/\/staviori.com.pl\/de\/wp-json\/wp\/v2\/product_cat?post=15760"},{"taxonomy":"product_tag","embeddable":true,"href":"https:\/\/staviori.com.pl\/de\/wp-json\/wp\/v2\/product_tag?post=15760"}],"curies":[{"name":"wp","href":"https:\/\/api.w.org\/{rel}","templated":true}]}}