{"id":15759,"date":"2025-02-24T22:49:46","date_gmt":"2025-02-24T21:49:46","guid":{"rendered":"https:\/\/staviori.com.pl\/product\/bizuteria-inwestycyjna-wisiorek-wbd1651r\/"},"modified":"2026-02-11T00:09:30","modified_gmt":"2026-02-10T23:09:30","slug":"bizuteria-inwestycyjna-wisiorek-wbd1651r","status":"publish","type":"product","link":"https:\/\/staviori.com.pl\/de\/product\/bizuteria-inwestycyjna-wisiorek-wbd1651r\/","title":{"rendered":"Exklusiver Kreuzanh\u00e4nger mit Rubinen und Diamanten aus 0,750er Wei\u00dfgold"},"content":{"rendered":"<p>Modell: DSP0483R<br \/>\nGewicht ca. 2,55g<\/p>\n<p>Anh\u00e4nger.<br \/>\nKreuz.<br \/>\nWei\u00dfgold 0,750.<br \/>\n52 Diamanten, Brillantschliff, Gewicht 0,53 ct, Farbe G-H, Reinheit SI1.<br \/>\n22 Rubine mit einem Gewicht von 0,83ct.<\/p>\n<p>Abmessungen 24,5\u00d716 mm.<br \/>\nDicke 2,5 mm.<\/p>\n<p>Produkt nur auf Anfrage erh\u00e4ltlich, Vorlaufzeit ca. 5 Wochen.<\/p>","protected":false},"excerpt":{"rendered":"<p>Ein eleganter kreuzf\u00f6rmiger Anh\u00e4nger aus 18 Karat Wei\u00dfgold. In der Mitte befinden sich 22 intensiv rote Rubine mit einem Gesamtgewicht von 0,83 ct, die ein markantes Kreuzmotiv bilden. Umgeben ist das Ganze von 52 funkelnden Diamanten mit einem Gewicht von 0,53 Karat, die der Komposition Glanz und au\u00dfergew\u00f6hnliche Tiefe verleihen. Ein zeitloses Symbol in luxuri\u00f6sem Rahmen, das sich sowohl als Ausdruck des Glaubens als auch als elegante Erg\u00e4nzung zu einem au\u00dfergew\u00f6hnlichen Styling eignet.<\/p>","protected":false},"featured_media":7998,"comment_status":"closed","ping_status":"closed","template":"","meta":{"om_disable_all_campaigns":false},"product_brand":[2284],"product_cat":[1803,6719,729],"product_tag":[2658,2543,5659,5655,6133,4469,4139,6138,2486,6136,6114,6137,6139,6135,6131,6132,4028,4442,6134],"class_list":{"0":"post-15759","1":"product","2":"type-product","3":"status-publish","4":"has-post-thumbnail","6":"product_brand-staviori","7":"product_cat-brylanty-exclusive","8":"product_cat-wisiorki-brylanty-exclusive","9":"product_cat-wisiorki","10":"product_tag-biale-zloto-750","11":"product_tag-bizuteria-zlota","12":"product_tag-diamant-anhanger","13":"product_tag-diamond-pendant","14":"product_tag-dsp0483","15":"product_tag-gold-cross","16":"product_tag-jewelry","17":"product_tag-kreuz-anhanger","18":"product_tag-krzyzyk","19":"product_tag-privesek-krizek","20":"product_tag-privesek-s-diamanty","21":"product_tag-privesek-s-rubiny","22":"product_tag-rubin-kreuz-schmuck","23":"product_tag-ruby-pendant","24":"product_tag-wbd1651r","25":"product_tag-wbd1651s","26":"product_tag-wisiorek","27":"product_tag-wisiorek-z-diamentami","28":"product_tag-wisiorek-z-rubinami","29":"pa_barwa-g-h","30":"pa_czystosc-si1","31":"pa_dostawca-draco","32":"pa_grubosc-2-5mm","33":"pa_kamien-brylanty","34":"pa_kamien-rubiny","35":"pa_kolor-biale","36":"pa_kruszec-zloto","37":"pa_motyw-krzyzyk","38":"pa_proba-0-750","39":"pa_waga-250g","40":"pa_wymiary-24-5x16mm","42":"first","43":"onbackorder","44":"purchasable","45":"product-type-simple"},"aioseo_notices":[],"_links":{"self":[{"href":"https:\/\/staviori.com.pl\/de\/wp-json\/wp\/v2\/product\/15759","targetHints":{"allow":["GET"]}}],"collection":[{"href":"https:\/\/staviori.com.pl\/de\/wp-json\/wp\/v2\/product"}],"about":[{"href":"https:\/\/staviori.com.pl\/de\/wp-json\/wp\/v2\/types\/product"}],"replies":[{"embeddable":true,"href":"https:\/\/staviori.com.pl\/de\/wp-json\/wp\/v2\/comments?post=15759"}],"wp:featuredmedia":[{"embeddable":true,"href":"https:\/\/staviori.com.pl\/de\/wp-json\/wp\/v2\/media\/7998"}],"wp:attachment":[{"href":"https:\/\/staviori.com.pl\/de\/wp-json\/wp\/v2\/media?parent=15759"}],"wp:term":[{"taxonomy":"product_brand","embeddable":true,"href":"https:\/\/staviori.com.pl\/de\/wp-json\/wp\/v2\/product_brand?post=15759"},{"taxonomy":"product_cat","embeddable":true,"href":"https:\/\/staviori.com.pl\/de\/wp-json\/wp\/v2\/product_cat?post=15759"},{"taxonomy":"product_tag","embeddable":true,"href":"https:\/\/staviori.com.pl\/de\/wp-json\/wp\/v2\/product_tag?post=15759"}],"curies":[{"name":"wp","href":"https:\/\/api.w.org\/{rel}","templated":true}]}}