{"id":15754,"date":"2025-02-24T22:49:42","date_gmt":"2025-02-24T21:49:42","guid":{"rendered":"https:\/\/staviori.com.pl\/product\/wisiorek-z-brylantem-wbd1593b\/"},"modified":"2026-02-11T00:09:30","modified_gmt":"2026-02-10T23:09:30","slug":"wisiorek-z-brylantem-wbd1593b","status":"publish","type":"product","link":"https:\/\/staviori.com.pl\/de\/product\/wisiorek-z-brylantem-wbd1593b\/","title":{"rendered":"Exklusive | sch\u00f6ne lange Anh\u00e4nger mit schwarzen Diamanten in 18K Gold"},"content":{"rendered":"<p>Model: WBD1593B<br \/>\nGewicht ca. 1,05g<\/p>\n<p>Anh\u00e4nger.<br \/>\nWei\u00dfgold 0,750.<br \/>\n2 Diamenty, kolor czarny, szlif brylantowy, o masie 0,52ct.<br \/>\nWymiary 7&#215;30 mm.<br \/>\nDicke 4 mm.<\/p>\n<p>Mephisto&#8230; Unikalne po\u0142\u0105czenie bia\u0142ego z\u0142ota z czarnym naturalnym brylantem. Daj si\u0119 skusi\u0107 doskona\u0142ej formie mrocznego przedmiotu po\u017c\u0105dania.<\/p>\n<p>W przypadku braku na magazynie => produkt dost\u0119pny na zam\u00f3wienie.<br \/>\nTermin realizacji oko\u0142o 5 tygodni.<\/p>","protected":false},"excerpt":{"rendered":"<p>Wyj\u0105tkowy wisiorek Mephisto wykonany z 18-karatowego bia\u0142ego z\u0142ota, ozdobiony dwoma naturalnymi czarnymi diamentami o \u0142\u0105cznej masie 0,52 ct. Geometryczna forma i kontrast szlachetnego kruszcu z g\u0142\u0119bok\u0105 czerni\u0105 kamieni tworz\u0105 niezwykle nowoczesn\u0105, a zarazem tajemnicz\u0105 kompozycj\u0119. To bi\u017cuteria dla os\u00f3b, kt\u00f3re pragn\u0105 wyr\u00f3\u017cnia\u0107 si\u0119 elegancj\u0105 z nut\u0105 mrocznego uroku.<br \/>\nCzarne z\u0142oto to bia\u0142e z\u0142oto pr\u00f3by 0,750 pokryte czarnym rodem.<\/p>","protected":false},"featured_media":7972,"comment_status":"closed","ping_status":"closed","template":"","meta":{"om_disable_all_campaigns":false},"product_brand":[2284],"product_cat":[1803,1838,2242,729],"product_tag":[2658,2543,6126,6124,6129,5655,5595,6127,6128,6130,6123,4028,6125,4440],"class_list":{"0":"post-15754","1":"product","2":"type-product","3":"status-publish","4":"has-post-thumbnail","6":"product_brand-staviori","7":"product_cat-brylanty-exclusive","8":"product_cat-diamenty","9":"product_cat-wisiorek-z-brylantem","10":"product_cat-wisiorki","11":"product_tag-biale-zloto-750","12":"product_tag-bizuteria-zlota","13":"product_tag-black-diamond-pendant","14":"product_tag-ddp0486","15":"product_tag-diamantschmuck","16":"product_tag-diamond-pendant","17":"product_tag-gold-jewelry","18":"product_tag-privesek-s-diamantem","19":"product_tag-privesek-z-bileho-zlata","20":"product_tag-schwarzer-diamant-anhanger","21":"product_tag-wbd1593b","22":"product_tag-wisiorek","23":"product_tag-wisiorek-z-czarnym-diamentem","24":"product_tag-wisiorek-z-diamentem","25":"pa_barwa-czarne","26":"pa_dostawca-draco","27":"pa_grubosc-4mm","28":"pa_kamien-czarne-diamenty","29":"pa_kolor-biale","30":"pa_kruszec-zloto","31":"pa_proba-0-750","32":"pa_waga-105g","33":"pa_wymiary-7x30mm","35":"first","36":"instock","37":"purchasable","38":"product-type-simple"},"aioseo_notices":[],"_links":{"self":[{"href":"https:\/\/staviori.com.pl\/de\/wp-json\/wp\/v2\/product\/15754","targetHints":{"allow":["GET"]}}],"collection":[{"href":"https:\/\/staviori.com.pl\/de\/wp-json\/wp\/v2\/product"}],"about":[{"href":"https:\/\/staviori.com.pl\/de\/wp-json\/wp\/v2\/types\/product"}],"replies":[{"embeddable":true,"href":"https:\/\/staviori.com.pl\/de\/wp-json\/wp\/v2\/comments?post=15754"}],"wp:featuredmedia":[{"embeddable":true,"href":"https:\/\/staviori.com.pl\/de\/wp-json\/wp\/v2\/media\/7972"}],"wp:attachment":[{"href":"https:\/\/staviori.com.pl\/de\/wp-json\/wp\/v2\/media?parent=15754"}],"wp:term":[{"taxonomy":"product_brand","embeddable":true,"href":"https:\/\/staviori.com.pl\/de\/wp-json\/wp\/v2\/product_brand?post=15754"},{"taxonomy":"product_cat","embeddable":true,"href":"https:\/\/staviori.com.pl\/de\/wp-json\/wp\/v2\/product_cat?post=15754"},{"taxonomy":"product_tag","embeddable":true,"href":"https:\/\/staviori.com.pl\/de\/wp-json\/wp\/v2\/product_tag?post=15754"}],"curies":[{"name":"wp","href":"https:\/\/api.w.org\/{rel}","templated":true}]}}