{"id":15752,"date":"2025-02-24T22:49:42","date_gmt":"2025-02-24T21:49:42","guid":{"rendered":"https:\/\/staviori.com.pl\/product\/bizuteria-inwestycyjna-wisiorek-wbd1534s\/"},"modified":"2026-02-11T00:09:30","modified_gmt":"2026-02-10T23:09:30","slug":"bizuteria-inwestycyjna-wisiorek-wbd1534s","status":"publish","type":"product","link":"https:\/\/staviori.com.pl\/de\/product\/bizuteria-inwestycyjna-wisiorek-wbd1534s\/","title":{"rendered":"Exklusiver Anh\u00e4nger mit Saphiren und Diamanten aus 0,750er Wei\u00dfgold"},"content":{"rendered":"<p>Model: DSP0976<br \/>\nGewicht ca. 1,20g<\/p>\n<p>Anh\u00e4nger.<br \/>\nWei\u00dfgold 0,750.<br \/>\n10 Diament\u00f3w, szlif brylantowy, o masie 0,15ct, barwa G, czysto\u015b\u0107 SI1.<br \/>\n5 Szafir\u00f3w, o masie 1,20ct.<\/p>\n<p>Wysoko\u015b\u0107 14.70 mm.<br \/>\nSzeroko\u015b\u0107 10.20 mm.<br \/>\nGrubo\u015b\u0107 3.65 mm.<\/p>\n<p>Produkt nur auf Anfrage erh\u00e4ltlich, Vorlaufzeit ca. 5 Wochen.<\/p>","protected":false},"excerpt":{"rendered":"<p>Elegancki wisiorek z bia\u0142ego z\u0142ota pr\u00f3by 0,750, kt\u00f3ry zachwyca subtelnym kszta\u0142tem kwiatka. Pi\u0119\u0107 g\u0142\u0119bokoniebieskich szafir\u00f3w otacza centralny brylant, tworz\u0105c harmonijn\u0105 i wyrafinowan\u0105 kompozycj\u0119. Dodatkowe diamenty roz\u015bwietlaj\u0105 ca\u0142o\u015b\u0107, nadaj\u0105c jej wyj\u0105tkowego blasku. To niezwykle kobieca i luksusowa ozdoba, idealna na specjalne okazje i eleganckie stylizacje.<\/p>","protected":false},"featured_media":21328,"comment_status":"closed","ping_status":"closed","template":"","meta":{"om_disable_all_campaigns":false},"product_brand":[2284],"product_cat":[1803,6719,729],"product_tag":[6116,6117],"class_list":{"0":"post-15752","1":"product","2":"type-product","3":"status-publish","4":"has-post-thumbnail","6":"product_brand-staviori","7":"product_cat-brylanty-exclusive","8":"product_cat-wisiorki-brylanty-exclusive","9":"product_cat-wisiorki","10":"product_tag-dsp0976","11":"product_tag-wbd1534s","12":"pa_barwa-g-2","13":"pa_czystosc-si1","14":"pa_dostawca-draco","15":"pa_kamien-brylanty","16":"pa_kamien-szafiry-naturalne","17":"pa_kolor-biale","18":"pa_kruszec-zloto","19":"pa_motyw-kwiatek","20":"pa_proba-0-750","21":"pa_szerokosc-10-20mm","22":"pa_waga-120g","23":"pa_wysokosc-14-70mm","25":"first","26":"onbackorder","27":"purchasable","28":"product-type-simple"},"aioseo_notices":[],"_links":{"self":[{"href":"https:\/\/staviori.com.pl\/de\/wp-json\/wp\/v2\/product\/15752","targetHints":{"allow":["GET"]}}],"collection":[{"href":"https:\/\/staviori.com.pl\/de\/wp-json\/wp\/v2\/product"}],"about":[{"href":"https:\/\/staviori.com.pl\/de\/wp-json\/wp\/v2\/types\/product"}],"replies":[{"embeddable":true,"href":"https:\/\/staviori.com.pl\/de\/wp-json\/wp\/v2\/comments?post=15752"}],"wp:featuredmedia":[{"embeddable":true,"href":"https:\/\/staviori.com.pl\/de\/wp-json\/wp\/v2\/media\/21328"}],"wp:attachment":[{"href":"https:\/\/staviori.com.pl\/de\/wp-json\/wp\/v2\/media?parent=15752"}],"wp:term":[{"taxonomy":"product_brand","embeddable":true,"href":"https:\/\/staviori.com.pl\/de\/wp-json\/wp\/v2\/product_brand?post=15752"},{"taxonomy":"product_cat","embeddable":true,"href":"https:\/\/staviori.com.pl\/de\/wp-json\/wp\/v2\/product_cat?post=15752"},{"taxonomy":"product_tag","embeddable":true,"href":"https:\/\/staviori.com.pl\/de\/wp-json\/wp\/v2\/product_tag?post=15752"}],"curies":[{"name":"wp","href":"https:\/\/api.w.org\/{rel}","templated":true}]}}