{"id":15750,"date":"2025-02-24T22:49:42","date_gmt":"2025-02-24T21:49:42","guid":{"rendered":"https:\/\/staviori.com.pl\/product\/wisiorek-z-brylantem-wbd1169\/"},"modified":"2026-02-11T00:09:30","modified_gmt":"2026-02-10T23:09:30","slug":"wisiorek-z-brylantem-wbd1000r","status":"publish","type":"product","link":"https:\/\/staviori.com.pl\/de\/product\/wisiorek-z-brylantem-wbd1000r\/","title":{"rendered":"Sch\u00f6ner Anh\u00e4nger aus Wei\u00dfgold mit Diamanten und Rubinen"},"content":{"rendered":"<p>Model: WBD01000R<br \/>\nWaga ok. 0,70g<\/p>\n<p>Anh\u00e4nger.<br \/>\nWei\u00dfgold 0,585.<br \/>\n1 Diamant, Brillantschliff, Gewicht 0,005ct, Farbe H, Reinheit I1.<br \/>\n6 Rubin\u00f3w, o masie 0,40ct.<\/p>\n<p>8 mm Durchmesser.<br \/>\nL\u00e4nge 14 mm.<\/p>","protected":false},"excerpt":{"rendered":"<p>Ol\u015bniewaj\u0105cy wisiorek w formie kwiatka, wykonany z bia\u0142ego z\u0142ota pr\u00f3by 0,585. W centrum b\u0142yszczy diament o szlifie brylantowym, otoczony sze\u015bcioma intensywnie czerwonymi rubinami. Po\u0142\u0105czenie ognistej barwy rubinu z subtelnym blaskiem z\u0142ota i diamentu tworzy bi\u017cuteri\u0119 pe\u0142n\u0105 pasji i elegancji \u2013 idealn\u0105 na wyj\u0105tkowe okazje i jako prezent o g\u0142\u0119bokiej symbolice.<\/p>","protected":false},"featured_media":21320,"comment_status":"closed","ping_status":"closed","template":"","meta":{"om_disable_all_campaigns":false},"product_brand":[2284],"product_cat":[1838,2242,729],"product_tag":[6095,4807,5077,3722,4126,2317,6100,6101,4317,6093,6094,4763,6107,4947,6106,6105,6097,6096,4028],"class_list":{"0":"post-15750","1":"product","2":"type-product","3":"status-publish","4":"has-post-thumbnail","6":"product_brand-staviori","7":"product_cat-diamenty","8":"product_cat-wisiorek-z-brylantem","9":"product_cat-wisiorki","10":"product_tag-anhanger","11":"product_tag-biale-zloto-585","12":"product_tag-diamant","13":"product_tag-diament","14":"product_tag-diamond","15":"product_tag-elegancka-bizuteria","16":"product_tag-floral-pendant","17":"product_tag-kwiatowy-wisiorek","18":"product_tag-luksusowy-prezent","19":"product_tag-pendant","20":"product_tag-privesek","21":"product_tag-rubin","22":"product_tag-rubin-anhanger","23":"product_tag-ruby","24":"product_tag-wbd01000r","25":"product_tag-wbd1169","26":"product_tag-weisgold-585","27":"product_tag-white-gold-14k","28":"product_tag-wisiorek","29":"pa_barwa-h-2","30":"pa_czystosc-i1","31":"pa_dlugosc-14mm","32":"pa_dostawca-estrella","33":"pa_kamien-diament","34":"pa_kamien-rubiny","35":"pa_kolor-biale","36":"pa_kruszec-zloto","37":"pa_motyw-kwiatek","38":"pa_proba-0-585","39":"pa_srednica-8mm","40":"pa_waga-095g","42":"first","43":"instock","44":"purchasable","45":"product-type-simple"},"aioseo_notices":[],"_links":{"self":[{"href":"https:\/\/staviori.com.pl\/de\/wp-json\/wp\/v2\/product\/15750","targetHints":{"allow":["GET"]}}],"collection":[{"href":"https:\/\/staviori.com.pl\/de\/wp-json\/wp\/v2\/product"}],"about":[{"href":"https:\/\/staviori.com.pl\/de\/wp-json\/wp\/v2\/types\/product"}],"replies":[{"embeddable":true,"href":"https:\/\/staviori.com.pl\/de\/wp-json\/wp\/v2\/comments?post=15750"}],"wp:featuredmedia":[{"embeddable":true,"href":"https:\/\/staviori.com.pl\/de\/wp-json\/wp\/v2\/media\/21320"}],"wp:attachment":[{"href":"https:\/\/staviori.com.pl\/de\/wp-json\/wp\/v2\/media?parent=15750"}],"wp:term":[{"taxonomy":"product_brand","embeddable":true,"href":"https:\/\/staviori.com.pl\/de\/wp-json\/wp\/v2\/product_brand?post=15750"},{"taxonomy":"product_cat","embeddable":true,"href":"https:\/\/staviori.com.pl\/de\/wp-json\/wp\/v2\/product_cat?post=15750"},{"taxonomy":"product_tag","embeddable":true,"href":"https:\/\/staviori.com.pl\/de\/wp-json\/wp\/v2\/product_tag?post=15750"}],"curies":[{"name":"wp","href":"https:\/\/api.w.org\/{rel}","templated":true}]}}