{"id":15748,"date":"2025-02-24T22:49:42","date_gmt":"2025-02-24T21:49:42","guid":{"rendered":"https:\/\/staviori.com.pl\/product\/wisiorek-z-brylantem-wbd0745\/"},"modified":"2026-04-22T18:25:02","modified_gmt":"2026-04-22T16:25:02","slug":"wisiorek-z-brylantem-wbd1000s","status":"publish","type":"product","link":"https:\/\/staviori.com.pl\/de\/product\/wisiorek-z-brylantem-wbd1000s\/","title":{"rendered":"Sch\u00f6ner Anh\u00e4nger aus Wei\u00dfgold mit Diamant und Saphiren"},"content":{"rendered":"<p>Model: WBD01000S<br \/>\nGewicht ca. 0,95g<\/p>\n<p>Anh\u00e4nger.<br \/>\nWei\u00dfgold 0,585.<br \/>\n1 Diamant, Brillantschliff, Gewicht 0,005ct, Farbe H, Reinheit I1.<br \/>\n6 Szafir\u00f3w, o masie 0,41ct.<\/p>\n<p>8 mm Durchmesser.<br \/>\nL\u00e4nge 14 mm.<\/p>","protected":false},"excerpt":{"rendered":"<p>Wyj\u0105tkowy wisiorek w kszta\u0142cie kwiatka, wykonany z bia\u0142ego z\u0142ota pr\u00f3by 0,585. Centralny diament o szlifie brylantowym subtelnie roz\u015bwietla kompozycj\u0119 sze\u015bciu g\u0142\u0119boko niebieskich szafir\u00f3w, tworz\u0105c harmonijny i elegancki wz\u00f3r. To bi\u017cuteria, kt\u00f3ra \u0142\u0105czy klasyk\u0119 z nut\u0105 romantyzmu, idealna na specjalne okazje i jako prezent pe\u0142en symboliki.<\/p>","protected":false},"featured_media":21318,"comment_status":"closed","ping_status":"closed","template":"","meta":{"om_disable_all_campaigns":false},"product_brand":[2284],"product_cat":[1838,2242,729],"product_tag":[6095,4807,6099,5077,3722,4126,2317,6100,6101,4317,6093,6094,4950,6098,4154,6091,6092,6097,6096,4028],"class_list":{"0":"post-15748","1":"product","2":"type-product","3":"status-publish","4":"has-post-thumbnail","6":"product_brand-staviori","7":"product_cat-diamenty","8":"product_cat-wisiorek-z-brylantem","9":"product_cat-wisiorki","10":"product_tag-anhanger","11":"product_tag-biale-zloto-585","12":"product_tag-blume-anhanger","13":"product_tag-diamant","14":"product_tag-diament","15":"product_tag-diamond","16":"product_tag-elegancka-bizuteria","17":"product_tag-floral-pendant","18":"product_tag-kwiatowy-wisiorek","19":"product_tag-luksusowy-prezent","20":"product_tag-pendant","21":"product_tag-privesek","22":"product_tag-safir","23":"product_tag-saphir","24":"product_tag-sapphire","25":"product_tag-wbd01000s","26":"product_tag-wbd0745","27":"product_tag-weisgold-585","28":"product_tag-white-gold-14k","29":"product_tag-wisiorek","30":"pa_barwa-h-2","31":"pa_czystosc-i1","32":"pa_dlugosc-14mm","33":"pa_dostawca-estrella","34":"pa_kamien-diament","35":"pa_kamien-szafiry","36":"pa_kolor-biale","37":"pa_kruszec-zloto","38":"pa_motyw-kwiatek","39":"pa_proba-0-585","40":"pa_srednica-8mm","41":"pa_waga-095g","43":"first","44":"instock","45":"purchasable","46":"product-type-simple"},"aioseo_notices":[],"_links":{"self":[{"href":"https:\/\/staviori.com.pl\/de\/wp-json\/wp\/v2\/product\/15748","targetHints":{"allow":["GET"]}}],"collection":[{"href":"https:\/\/staviori.com.pl\/de\/wp-json\/wp\/v2\/product"}],"about":[{"href":"https:\/\/staviori.com.pl\/de\/wp-json\/wp\/v2\/types\/product"}],"replies":[{"embeddable":true,"href":"https:\/\/staviori.com.pl\/de\/wp-json\/wp\/v2\/comments?post=15748"}],"wp:featuredmedia":[{"embeddable":true,"href":"https:\/\/staviori.com.pl\/de\/wp-json\/wp\/v2\/media\/21318"}],"wp:attachment":[{"href":"https:\/\/staviori.com.pl\/de\/wp-json\/wp\/v2\/media?parent=15748"}],"wp:term":[{"taxonomy":"product_brand","embeddable":true,"href":"https:\/\/staviori.com.pl\/de\/wp-json\/wp\/v2\/product_brand?post=15748"},{"taxonomy":"product_cat","embeddable":true,"href":"https:\/\/staviori.com.pl\/de\/wp-json\/wp\/v2\/product_cat?post=15748"},{"taxonomy":"product_tag","embeddable":true,"href":"https:\/\/staviori.com.pl\/de\/wp-json\/wp\/v2\/product_tag?post=15748"}],"curies":[{"name":"wp","href":"https:\/\/api.w.org\/{rel}","templated":true}]}}