{"id":15739,"date":"2025-02-24T22:49:42","date_gmt":"2025-02-24T21:49:42","guid":{"rendered":"https:\/\/staviori.com.pl\/product\/srebrne-kolczyki-sss6133y\/"},"modified":"2026-02-11T00:09:29","modified_gmt":"2026-02-10T23:09:29","slug":"srebrne-kolczyki-sss6133y","status":"publish","type":"product","link":"https:\/\/staviori.com.pl\/de\/product\/srebrne-kolczyki-sss6133y\/","title":{"rendered":"Versilberte und vergoldete durchbrochene Ohrmanschette"},"content":{"rendered":"<p>Model: SSS6133Y<br \/>\nWaga ok. 2,04g<\/p>\n<p>Ohrring\/Ohrmanschette<br \/>\nSilber 0.925 vergoldet mit Gelbgold<\/p>\n<p>Szeroko\u015b\u0107 10.44 mm.<br \/>\nD\u0142ugo\u015b\u0107 10.53 mm.<\/p>\n<p>Pi\u0119kny, srebrny, pokryty \u017c\u00f3\u0142tym z\u0142otem mankiet do ucha nadaje a\u017curowy charakter.<\/p>","protected":false},"excerpt":{"rendered":"<p>Elegancki mankiet do ucha wykonany ze srebra pr\u00f3by 925 i pokryty \u017c\u00f3\u0142tym z\u0142otem to bi\u017cuteria, kt\u00f3ra \u0142\u0105czy prostot\u0119 z nowoczesnym stylem. Jego a\u017curowa forma nadaje lekko\u015bci i sprawia, \u017ce wygl\u0105da niezwykle subtelnie, a jednocze\u015bnie efektownie. Doskona\u0142y wyb\u00f3r dla os\u00f3b, kt\u00f3re ceni\u0105 sobie oryginalne i modne dodatki.<\/p>","protected":false},"featured_media":7889,"comment_status":"closed","ping_status":"closed","template":"","meta":{"om_disable_all_campaigns":false},"product_brand":[2284],"product_cat":[199,1818,1817],"product_tag":[6063,3403,6020,3402,6061,6060,6064,6059],"class_list":{"0":"post-15739","1":"product","2":"type-product","3":"status-publish","4":"has-post-thumbnail","6":"product_brand-staviori","7":"product_cat-kolczyki","8":"product_cat-srebrne-kolczyki","9":"product_cat-srebro-2","10":"product_tag-azurowy-mankiet","11":"product_tag-ear-cuff","12":"product_tag-gold-plated-ear-cuff","13":"product_tag-mankiet-do-ucha","14":"product_tag-ohrmanschette-gold","15":"product_tag-srebro-925-pozlacane","16":"product_tag-stribrna-nausnice-manzeta-pozlacena","17":"product_tag-zloty-mankiet","18":"pa_dlugosc-10-53mm","19":"pa_dostawca-karen-silver","20":"pa_kruszec-srebro","21":"pa_kruszec-srebro-pozlacane","22":"pa_proba-0-925","23":"pa_szerokosc-10-44mm","24":"pa_waga-205g","26":"first","27":"instock","28":"purchasable","29":"product-type-simple"},"aioseo_notices":[],"_links":{"self":[{"href":"https:\/\/staviori.com.pl\/de\/wp-json\/wp\/v2\/product\/15739","targetHints":{"allow":["GET"]}}],"collection":[{"href":"https:\/\/staviori.com.pl\/de\/wp-json\/wp\/v2\/product"}],"about":[{"href":"https:\/\/staviori.com.pl\/de\/wp-json\/wp\/v2\/types\/product"}],"replies":[{"embeddable":true,"href":"https:\/\/staviori.com.pl\/de\/wp-json\/wp\/v2\/comments?post=15739"}],"wp:featuredmedia":[{"embeddable":true,"href":"https:\/\/staviori.com.pl\/de\/wp-json\/wp\/v2\/media\/7889"}],"wp:attachment":[{"href":"https:\/\/staviori.com.pl\/de\/wp-json\/wp\/v2\/media?parent=15739"}],"wp:term":[{"taxonomy":"product_brand","embeddable":true,"href":"https:\/\/staviori.com.pl\/de\/wp-json\/wp\/v2\/product_brand?post=15739"},{"taxonomy":"product_cat","embeddable":true,"href":"https:\/\/staviori.com.pl\/de\/wp-json\/wp\/v2\/product_cat?post=15739"},{"taxonomy":"product_tag","embeddable":true,"href":"https:\/\/staviori.com.pl\/de\/wp-json\/wp\/v2\/product_tag?post=15739"}],"curies":[{"name":"wp","href":"https:\/\/api.w.org\/{rel}","templated":true}]}}